{"id":31016,"date":"2022-09-12T12:46:50","date_gmt":"2022-09-12T12:46:50","guid":{"rendered":"https:\/\/hydronix.chilliservers.co.uk\/kaynaklar\/"},"modified":"2022-09-12T12:46:50","modified_gmt":"2022-09-12T12:46:50","slug":"kaynaklar","status":"publish","type":"page","link":"https:\/\/webtest.hydronix.com\/tr\/kaynaklar\/","title":{"rendered":"Kaynaklar"},"content":{"rendered":"","protected":false},"excerpt":{"rendered":"<p> [&#8230;]<\/p>\n<p><a class=\"btn btn-secondary understrap-read-more-link\" href=\"https:\/\/webtest.hydronix.com\/tr\/kaynaklar\/\">Daha fazlas\u0131n\u0131 oku\u2026<span class=\"screen-reader-text\"> from Kaynaklar<\/span><\/a><\/p>\n","protected":false},"author":1,"featured_media":0,"parent":0,"menu_order":400,"comment_status":"closed","ping_status":"closed","template":"page-templates\/resources.php","meta":{"_acf_changed":false,"content-type":"","inline_featured_image":false,"footnotes":""},"industries":[],"process":[],"class_list":["post-31016","page","type-page","status-publish","hentry"],"acf":[],"yoast_head":"<!-- This site is optimized with the Yoast SEO plugin v27.1.1 - https:\/\/yoast.com\/product\/yoast-seo-wordpress\/ -->\n<title>Kaynaklar - Hydronix<\/title>\n<meta name=\"description\" content=\"Sekt\u00f6r liderinden en g\u00fcncel haberler, blog yaz\u0131lar\u0131 ve etkinlikler de dahil olmak \u00fczere Hydronix&#039;in nem \u00f6l\u00e7\u00fcm kaynaklar\u0131 ve bilgileri.\" \/>\n<meta name=\"robots\" content=\"index, follow, max-snippet:-1, max-image-preview:large, max-video-preview:-1\" \/>\n<link rel=\"canonical\" href=\"https:\/\/webtest.hydronix.com\/tr\/kaynaklar\/\" \/>\n<meta property=\"og:locale\" content=\"tr_TR\" \/>\n<meta property=\"og:type\" content=\"article\" \/>\n<meta property=\"og:title\" content=\"Kaynaklar - Hydronix\" \/>\n<meta property=\"og:description\" content=\"Sekt\u00f6r liderinden en g\u00fcncel haberler, blog yaz\u0131lar\u0131 ve etkinlikler de dahil olmak \u00fczere Hydronix&#039;in nem \u00f6l\u00e7\u00fcm kaynaklar\u0131 ve bilgileri.\" \/>\n<meta property=\"og:url\" content=\"https:\/\/webtest.hydronix.com\/tr\/kaynaklar\/\" \/>\n<meta property=\"og:site_name\" content=\"Hydronix\" \/>\n<meta name=\"twitter:card\" content=\"summary_large_image\" \/>\n<script type=\"application\/ld+json\" class=\"yoast-schema-graph\">{\"@context\":\"https:\/\/schema.org\",\"@graph\":[{\"@type\":\"WebPage\",\"@id\":\"https:\/\/webtest.hydronix.com\/tr\/kaynaklar\/\",\"url\":\"https:\/\/webtest.hydronix.com\/tr\/kaynaklar\/\",\"name\":\"Kaynaklar - Hydronix\",\"isPartOf\":{\"@id\":\"https:\/\/webtest.hydronix.com\/tr\/#website\"},\"datePublished\":\"2022-09-12T12:46:50+00:00\",\"description\":\"Sekt\u00f6r liderinden en g\u00fcncel haberler, blog yaz\u0131lar\u0131 ve etkinlikler de dahil olmak \u00fczere Hydronix'in nem \u00f6l\u00e7\u00fcm kaynaklar\u0131 ve bilgileri.\",\"breadcrumb\":{\"@id\":\"https:\/\/webtest.hydronix.com\/tr\/kaynaklar\/#breadcrumb\"},\"inLanguage\":\"tr\",\"potentialAction\":[{\"@type\":\"ReadAction\",\"target\":[\"https:\/\/webtest.hydronix.com\/tr\/kaynaklar\/\"]}]},{\"@type\":\"BreadcrumbList\",\"@id\":\"https:\/\/webtest.hydronix.com\/tr\/kaynaklar\/#breadcrumb\",\"itemListElement\":[{\"@type\":\"ListItem\",\"position\":1,\"name\":\"Home\",\"item\":\"https:\/\/webtest.hydronix.com\/tr\/\"},{\"@type\":\"ListItem\",\"position\":2,\"name\":\"Kaynaklar\"}]},{\"@type\":\"WebSite\",\"@id\":\"https:\/\/webtest.hydronix.com\/tr\/#website\",\"url\":\"https:\/\/webtest.hydronix.com\/tr\/\",\"name\":\"Hydronix\",\"description\":\"Your partner in moisture measurement\",\"potentialAction\":[{\"@type\":\"SearchAction\",\"target\":{\"@type\":\"EntryPoint\",\"urlTemplate\":\"https:\/\/webtest.hydronix.com\/tr\/?s={search_term_string}\"},\"query-input\":{\"@type\":\"PropertyValueSpecification\",\"valueRequired\":true,\"valueName\":\"search_term_string\"}}],\"inLanguage\":\"tr\"}]}<\/script>\n<!-- \/ Yoast SEO plugin. -->","yoast_head_json":{"title":"Kaynaklar - Hydronix","description":"Sekt\u00f6r liderinden en g\u00fcncel haberler, blog yaz\u0131lar\u0131 ve etkinlikler de dahil olmak \u00fczere Hydronix'in nem \u00f6l\u00e7\u00fcm kaynaklar\u0131 ve bilgileri.","robots":{"index":"index","follow":"follow","max-snippet":"max-snippet:-1","max-image-preview":"max-image-preview:large","max-video-preview":"max-video-preview:-1"},"canonical":"https:\/\/webtest.hydronix.com\/tr\/kaynaklar\/","og_locale":"tr_TR","og_type":"article","og_title":"Kaynaklar - Hydronix","og_description":"Sekt\u00f6r liderinden en g\u00fcncel haberler, blog yaz\u0131lar\u0131 ve etkinlikler de dahil olmak \u00fczere Hydronix'in nem \u00f6l\u00e7\u00fcm kaynaklar\u0131 ve bilgileri.","og_url":"https:\/\/webtest.hydronix.com\/tr\/kaynaklar\/","og_site_name":"Hydronix","twitter_card":"summary_large_image","schema":{"@context":"https:\/\/schema.org","@graph":[{"@type":"WebPage","@id":"https:\/\/webtest.hydronix.com\/tr\/kaynaklar\/","url":"https:\/\/webtest.hydronix.com\/tr\/kaynaklar\/","name":"Kaynaklar - Hydronix","isPartOf":{"@id":"https:\/\/webtest.hydronix.com\/tr\/#website"},"datePublished":"2022-09-12T12:46:50+00:00","description":"Sekt\u00f6r liderinden en g\u00fcncel haberler, blog yaz\u0131lar\u0131 ve etkinlikler de dahil olmak \u00fczere Hydronix'in nem \u00f6l\u00e7\u00fcm kaynaklar\u0131 ve bilgileri.","breadcrumb":{"@id":"https:\/\/webtest.hydronix.com\/tr\/kaynaklar\/#breadcrumb"},"inLanguage":"tr","potentialAction":[{"@type":"ReadAction","target":["https:\/\/webtest.hydronix.com\/tr\/kaynaklar\/"]}]},{"@type":"BreadcrumbList","@id":"https:\/\/webtest.hydronix.com\/tr\/kaynaklar\/#breadcrumb","itemListElement":[{"@type":"ListItem","position":1,"name":"Home","item":"https:\/\/webtest.hydronix.com\/tr\/"},{"@type":"ListItem","position":2,"name":"Kaynaklar"}]},{"@type":"WebSite","@id":"https:\/\/webtest.hydronix.com\/tr\/#website","url":"https:\/\/webtest.hydronix.com\/tr\/","name":"Hydronix","description":"Your partner in moisture measurement","potentialAction":[{"@type":"SearchAction","target":{"@type":"EntryPoint","urlTemplate":"https:\/\/webtest.hydronix.com\/tr\/?s={search_term_string}"},"query-input":{"@type":"PropertyValueSpecification","valueRequired":true,"valueName":"search_term_string"}}],"inLanguage":"tr"}]}},"_links":{"self":[{"href":"https:\/\/webtest.hydronix.com\/tr\/wp-json\/wp\/v2\/pages\/31016","targetHints":{"allow":["GET"]}}],"collection":[{"href":"https:\/\/webtest.hydronix.com\/tr\/wp-json\/wp\/v2\/pages"}],"about":[{"href":"https:\/\/webtest.hydronix.com\/tr\/wp-json\/wp\/v2\/types\/page"}],"author":[{"embeddable":true,"href":"https:\/\/webtest.hydronix.com\/tr\/wp-json\/wp\/v2\/users\/1"}],"replies":[{"embeddable":true,"href":"https:\/\/webtest.hydronix.com\/tr\/wp-json\/wp\/v2\/comments?post=31016"}],"version-history":[{"count":0,"href":"https:\/\/webtest.hydronix.com\/tr\/wp-json\/wp\/v2\/pages\/31016\/revisions"}],"wp:attachment":[{"href":"https:\/\/webtest.hydronix.com\/tr\/wp-json\/wp\/v2\/media?parent=31016"}],"wp:term":[{"taxonomy":"industries","embeddable":true,"href":"https:\/\/webtest.hydronix.com\/tr\/wp-json\/wp\/v2\/industries?post=31016"},{"taxonomy":"process","embeddable":true,"href":"https:\/\/webtest.hydronix.com\/tr\/wp-json\/wp\/v2\/process?post=31016"}],"curies":[{"name":"wp","href":"https:\/\/api.w.org\/{rel}","templated":true}]}}