{"id":29730,"date":"2022-09-12T13:47:31","date_gmt":"2022-09-12T13:47:31","guid":{"rendered":"https:\/\/hydronix.chilliservers.co.uk\/medicao\/atmosfera-explosiva\/"},"modified":"2023-11-16T11:02:04","modified_gmt":"2023-11-16T11:02:04","slug":"atmosfera-explosiva","status":"publish","type":"page","link":"https:\/\/webtest.hydronix.com\/pt-pt\/medicao\/atmosfera-explosiva\/","title":{"rendered":"Atmosfera explosiva"},"content":{"rendered":"<!-- icon_hero -->\n<section class=\"application_hero d-flex py-5\" style=\"background-image:url(https:\/\/webtest.hydronix.com\/wp-content\/uploads\/2022\/09\/X-explosive.jpg)\">\n    <div class=\"overlay\"><\/div>\n    <div class=\"container my-auto\">\n        <div class=\"row\">\n            <div class=\"col-lg-2\"><img decoding=\"async\" src=\"https:\/\/webtest.hydronix.com\/wp-content\/themes\/cb-hydronix\/img\/icons\/icon__explosive-atmosphere--wo.svg\" class=\"w-50 w-lg-100\"><\/div>\n            <div class=\"col-lg-10 d-flex hero__content\"><h1 class=\"my-auto text-white\">Atmosfera explosiva<\/h1><\/div>\n        <\/div>\n    <\/div>\n<\/section>\n<section class=\"sub_page_title py-1 mb-4\">\n    <div class=\"container-xl\">\n        <p id=\"breadcrumbs\"><span><span><a href=\"https:\/\/webtest.hydronix.com\/pt-pt\/\">Home<\/a><\/span><\/span><\/p>    <\/div>\n<\/section>\n\n\n    <div class=\"container-xl\">\n\t\t\n<p>Estes sensores s\u00e3o adequados para instala\u00e7\u00e3o em atmosferas explosivas, especificamente para ambientes com poeiras. Certificado para uso em locais perigosos ATEX, IECEx e NEC\/CSA (p\u00f3).<\/p>\n    <\/div>\n    \n\n<!-- products -->\n<section class=\"prod_by_app product pb-5\">\n    <div class=\"container-xl\">\n        <h2>Produtos<\/h2>\n        <div class=\"row g-3\">\n\n    <div class=\"col-sm-6 col-lg-3\">\n        <a class=\"product__card\" href=\"https:\/\/webtest.hydronix.com\/pt-pt\/products\/hydro-mix-xt-ex\/\">\n            <img decoding=\"async\" src=\"https:\/\/webtest.hydronix.com\/wp-content\/uploads\/2022\/11\/hmxtex-front-right-persp-300x169.png\">\n            <div class=\"mb-2 fw-bold\">Hydro-Mix XT-EX<\/div>\n            <div class=\"mb-2 product__subtitle\">Sensor de humidade: montar \u00e0 face. Temperatura de processo at\u00e9 60\u00a0\u00b0C (Zona\u00a020\/21)<\/div>\n            <div class=\"badges\">\n                                        <div class=\"badge badge--atex\"><\/div>\n                        <div class=\"badge badge--etl\"><\/div>\n                                    <\/div>\n        <\/a>\n    <\/div>\n        <div class=\"col-sm-6 col-lg-3\">\n        <a class=\"product__card\" href=\"https:\/\/webtest.hydronix.com\/pt-pt\/products\/hydro-mix-ht-ex\/\">\n            <img decoding=\"async\" src=\"https:\/\/webtest.hydronix.com\/wp-content\/uploads\/2022\/10\/hmhtex-left-persp-300x169.png\">\n            <div class=\"mb-2 fw-bold\">Hydro-Mix HT-EX<\/div>\n            <div class=\"mb-2 product__subtitle\">Sensor de humidade: montar \u00e0 face. Temperatura de processo at\u00e9 120\u00a0\u00b0C (Zona\u00a020)<\/div>\n            <div class=\"badges\">\n                                        <div class=\"badge badge--high-temp\"><\/div>\n                                                <div class=\"badge badge--atex\"><\/div>\n                        <div class=\"badge badge--etl\"><\/div>\n                                    <\/div>\n        <\/a>\n    <\/div>\n            <\/div>\n    <\/div>\n<\/section>","protected":false},"excerpt":{"rendered":"<p>Estes sensores s\u00e3o adequados para instala\u00e7\u00e3o em atmosferas explosivas, especificamente para ambientes com poeiras. Certificado para uso em locais perigosos ATEX, IECEx e NEC\/CSA (p\u00f3). [&#8230;]<\/p>\n<p><a class=\"btn btn-secondary understrap-read-more-link\" href=\"https:\/\/webtest.hydronix.com\/pt-pt\/medicao\/atmosfera-explosiva\/\">Continuar a ler&#8230;<span class=\"screen-reader-text\"> from Atmosfera explosiva<\/span><\/a><\/p>\n","protected":false},"author":1,"featured_media":0,"parent":29721,"menu_order":300,"comment_status":"closed","ping_status":"closed","template":"","meta":{"_acf_changed":false,"content-type":"","inline_featured_image":false,"footnotes":""},"industries":[],"process":[],"class_list":["post-29730","page","type-page","status-publish","hentry"],"acf":[],"yoast_head":"<!-- This site is optimized with the Yoast SEO plugin v27.1.1 - https:\/\/yoast.com\/product\/yoast-seo-wordpress\/ -->\n<title>Atmosfera explosiva - Hydronix<\/title>\n<meta name=\"description\" content=\"Sensores de humidade para atmosferas explosivas. Certificado para uso em locais perigosos ATEX, IECEx e NEC\/CSA (p\u00f3).\" \/>\n<meta name=\"robots\" content=\"index, follow, max-snippet:-1, max-image-preview:large, max-video-preview:-1\" \/>\n<link rel=\"canonical\" href=\"https:\/\/webtest.hydronix.com\/pt-pt\/medicao\/atmosfera-explosiva\/\" \/>\n<meta property=\"og:locale\" content=\"pt_PT\" \/>\n<meta property=\"og:type\" content=\"article\" \/>\n<meta property=\"og:title\" content=\"Atmosfera explosiva - Hydronix\" \/>\n<meta property=\"og:description\" content=\"Sensores de humidade para atmosferas explosivas. Certificado para uso em locais perigosos ATEX, IECEx e NEC\/CSA (p\u00f3).\" \/>\n<meta property=\"og:url\" content=\"https:\/\/webtest.hydronix.com\/pt-pt\/medicao\/atmosfera-explosiva\/\" \/>\n<meta property=\"og:site_name\" content=\"Hydronix\" \/>\n<meta property=\"article:modified_time\" content=\"2023-11-16T11:02:04+00:00\" \/>\n<meta name=\"twitter:card\" content=\"summary_large_image\" \/>\n<meta name=\"twitter:label1\" content=\"Tempo estimado de leitura\" \/>\n\t<meta name=\"twitter:data1\" content=\"1 minuto\" \/>\n<script type=\"application\/ld+json\" class=\"yoast-schema-graph\">{\"@context\":\"https:\/\/schema.org\",\"@graph\":[{\"@type\":\"WebPage\",\"@id\":\"https:\/\/webtest.hydronix.com\/pt-pt\/medicao\/atmosfera-explosiva\/\",\"url\":\"https:\/\/webtest.hydronix.com\/pt-pt\/medicao\/atmosfera-explosiva\/\",\"name\":\"Atmosfera explosiva - Hydronix\",\"isPartOf\":{\"@id\":\"https:\/\/webtest.hydronix.com\/pt-pt\/#website\"},\"datePublished\":\"2022-09-12T13:47:31+00:00\",\"dateModified\":\"2023-11-16T11:02:04+00:00\",\"description\":\"Sensores de humidade para atmosferas explosivas. Certificado para uso em locais perigosos ATEX, IECEx e NEC\/CSA (p\u00f3).\",\"breadcrumb\":{\"@id\":\"https:\/\/webtest.hydronix.com\/pt-pt\/medicao\/atmosfera-explosiva\/#breadcrumb\"},\"inLanguage\":\"pt-PT\",\"potentialAction\":[{\"@type\":\"ReadAction\",\"target\":[\"https:\/\/webtest.hydronix.com\/pt-pt\/medicao\/atmosfera-explosiva\/\"]}]},{\"@type\":\"BreadcrumbList\",\"@id\":\"https:\/\/webtest.hydronix.com\/pt-pt\/medicao\/atmosfera-explosiva\/#breadcrumb\",\"itemListElement\":[{\"@type\":\"ListItem\",\"position\":1,\"name\":\"Home\",\"item\":\"https:\/\/webtest.hydronix.com\/pt-pt\/\"},{\"@type\":\"ListItem\",\"position\":2,\"name\":\"Medi\u00e7\u00e3o\",\"item\":\"https:\/\/webtest.hydronix.com\/pt-pt\/medicao\/\"},{\"@type\":\"ListItem\",\"position\":3,\"name\":\"Atmosfera explosiva\"}]},{\"@type\":\"WebSite\",\"@id\":\"https:\/\/webtest.hydronix.com\/pt-pt\/#website\",\"url\":\"https:\/\/webtest.hydronix.com\/pt-pt\/\",\"name\":\"Hydronix\",\"description\":\"Your partner in moisture measurement\",\"potentialAction\":[{\"@type\":\"SearchAction\",\"target\":{\"@type\":\"EntryPoint\",\"urlTemplate\":\"https:\/\/webtest.hydronix.com\/pt-pt\/?s={search_term_string}\"},\"query-input\":{\"@type\":\"PropertyValueSpecification\",\"valueRequired\":true,\"valueName\":\"search_term_string\"}}],\"inLanguage\":\"pt-PT\"}]}<\/script>\n<!-- \/ Yoast SEO plugin. -->","yoast_head_json":{"title":"Atmosfera explosiva - Hydronix","description":"Sensores de humidade para atmosferas explosivas. Certificado para uso em locais perigosos ATEX, IECEx e NEC\/CSA (p\u00f3).","robots":{"index":"index","follow":"follow","max-snippet":"max-snippet:-1","max-image-preview":"max-image-preview:large","max-video-preview":"max-video-preview:-1"},"canonical":"https:\/\/webtest.hydronix.com\/pt-pt\/medicao\/atmosfera-explosiva\/","og_locale":"pt_PT","og_type":"article","og_title":"Atmosfera explosiva - Hydronix","og_description":"Sensores de humidade para atmosferas explosivas. Certificado para uso em locais perigosos ATEX, IECEx e NEC\/CSA (p\u00f3).","og_url":"https:\/\/webtest.hydronix.com\/pt-pt\/medicao\/atmosfera-explosiva\/","og_site_name":"Hydronix","article_modified_time":"2023-11-16T11:02:04+00:00","twitter_card":"summary_large_image","twitter_misc":{"Tempo estimado de leitura":"1 minuto"},"schema":{"@context":"https:\/\/schema.org","@graph":[{"@type":"WebPage","@id":"https:\/\/webtest.hydronix.com\/pt-pt\/medicao\/atmosfera-explosiva\/","url":"https:\/\/webtest.hydronix.com\/pt-pt\/medicao\/atmosfera-explosiva\/","name":"Atmosfera explosiva - Hydronix","isPartOf":{"@id":"https:\/\/webtest.hydronix.com\/pt-pt\/#website"},"datePublished":"2022-09-12T13:47:31+00:00","dateModified":"2023-11-16T11:02:04+00:00","description":"Sensores de humidade para atmosferas explosivas. Certificado para uso em locais perigosos ATEX, IECEx e NEC\/CSA (p\u00f3).","breadcrumb":{"@id":"https:\/\/webtest.hydronix.com\/pt-pt\/medicao\/atmosfera-explosiva\/#breadcrumb"},"inLanguage":"pt-PT","potentialAction":[{"@type":"ReadAction","target":["https:\/\/webtest.hydronix.com\/pt-pt\/medicao\/atmosfera-explosiva\/"]}]},{"@type":"BreadcrumbList","@id":"https:\/\/webtest.hydronix.com\/pt-pt\/medicao\/atmosfera-explosiva\/#breadcrumb","itemListElement":[{"@type":"ListItem","position":1,"name":"Home","item":"https:\/\/webtest.hydronix.com\/pt-pt\/"},{"@type":"ListItem","position":2,"name":"Medi\u00e7\u00e3o","item":"https:\/\/webtest.hydronix.com\/pt-pt\/medicao\/"},{"@type":"ListItem","position":3,"name":"Atmosfera explosiva"}]},{"@type":"WebSite","@id":"https:\/\/webtest.hydronix.com\/pt-pt\/#website","url":"https:\/\/webtest.hydronix.com\/pt-pt\/","name":"Hydronix","description":"Your partner in moisture measurement","potentialAction":[{"@type":"SearchAction","target":{"@type":"EntryPoint","urlTemplate":"https:\/\/webtest.hydronix.com\/pt-pt\/?s={search_term_string}"},"query-input":{"@type":"PropertyValueSpecification","valueRequired":true,"valueName":"search_term_string"}}],"inLanguage":"pt-PT"}]}},"_links":{"self":[{"href":"https:\/\/webtest.hydronix.com\/pt-pt\/wp-json\/wp\/v2\/pages\/29730","targetHints":{"allow":["GET"]}}],"collection":[{"href":"https:\/\/webtest.hydronix.com\/pt-pt\/wp-json\/wp\/v2\/pages"}],"about":[{"href":"https:\/\/webtest.hydronix.com\/pt-pt\/wp-json\/wp\/v2\/types\/page"}],"author":[{"embeddable":true,"href":"https:\/\/webtest.hydronix.com\/pt-pt\/wp-json\/wp\/v2\/users\/1"}],"replies":[{"embeddable":true,"href":"https:\/\/webtest.hydronix.com\/pt-pt\/wp-json\/wp\/v2\/comments?post=29730"}],"version-history":[{"count":0,"href":"https:\/\/webtest.hydronix.com\/pt-pt\/wp-json\/wp\/v2\/pages\/29730\/revisions"}],"up":[{"embeddable":true,"href":"https:\/\/webtest.hydronix.com\/pt-pt\/wp-json\/wp\/v2\/pages\/29721"}],"wp:attachment":[{"href":"https:\/\/webtest.hydronix.com\/pt-pt\/wp-json\/wp\/v2\/media?parent=29730"}],"wp:term":[{"taxonomy":"industries","embeddable":true,"href":"https:\/\/webtest.hydronix.com\/pt-pt\/wp-json\/wp\/v2\/industries?post=29730"},{"taxonomy":"process","embeddable":true,"href":"https:\/\/webtest.hydronix.com\/pt-pt\/wp-json\/wp\/v2\/process?post=29730"}],"curies":[{"name":"wp","href":"https:\/\/api.w.org\/{rel}","templated":true}]}}