{"id":29585,"date":"2022-09-12T12:44:01","date_gmt":"2022-09-12T12:44:01","guid":{"rendered":"https:\/\/hydronix.chilliservers.co.uk\/acerca-da-hydronix\/"},"modified":"2023-11-24T10:58:43","modified_gmt":"2023-11-24T10:58:43","slug":"acerca-da-hydronix","status":"publish","type":"page","link":"https:\/\/webtest.hydronix.com\/pt-pt\/acerca-da-hydronix\/","title":{"rendered":"Acerca da Hydronix"},"content":{"rendered":"    \n<!-- hero_short -->\n<section class=\"short_hero d-flex py-5\" style=\"background-image:url(https:\/\/webtest.hydronix.com\/wp-content\/uploads\/2022\/11\/about-hero.jpg)\">\n    <div class=\"overlay\"><\/div>\n    <div class=\"container-xl my-auto\">\n        <div class=\"row\">\n            <div class=\"col-lg-5 hero__content\">\n                <h1>Acerca da Hydronix<\/h1>\n            <\/div>\n        <\/div>\n    <\/div>\n<\/section>\n<!--section class=\"sub_page_title py-1 mb-4\">\n    <div class=\"container-xl\">\n        <p id=\"breadcrumbs\"><span><span><a href=\"https:\/\/webtest.hydronix.com\/pt-pt\/\">Home<\/a><\/span><\/span><\/p>    <\/div>\n<\/section-->\n<!-- text_video -->\n<section class=\"text_video  py-5\">\n    <div class=\"container-xl\">\n        <div class=\"row\">\n            <div class=\"col-lg-5 text_video__content order-1 order-lg-1 mb-4 mb-lg-0 pt-5 py-md-5\">\n                <h2>A nossa hist\u00f3ria<\/h2>                <div class=\"content mb-4\"><p>Fundada em 1982, a Hydronix \u00e9 especializada na investiga\u00e7\u00e3o, no desenvolvimento e no fabrico de sistemas digitais de medi\u00e7\u00e3o de humidade por micro-ondas. Enquanto empresa familiar, a Hydronix tem um grande orgulho em garantir que oferece um apoio ao cliente pessoal e \u00e1gil. Fazemo-lo diretamente e tamb\u00e9m por meio de uma rede de revendedores em todo o mundo. Todos os nossos parceiros possuem bastante experi\u00eancia e forma\u00e7\u00e3o completa relativamente a todos os aspetos do nosso equipamento, incluindo a instala\u00e7\u00e3o, a forma\u00e7\u00e3o e o apoio.<\/p>\n<\/div>\n                            <\/div>\n            <div class=\"col-lg-7 mb-4 mb-lg-0 d-flex order-2 order-lg-2\">\n                <div class=\"video__container w-100 my-auto\" style=\"background-color:#1a1a1a\">\n                                        <div class=\"ratio ratio-16x9 mx-auto\">\n                                                <iframe src=\"https:\/\/player.vimeo.com\/video\/726652705?byline=0&#038;portrait=0\" allow=\"autoplay; fullscreen; picture-in-picture\" webkitallowfullscreen mozallowfullscreen allowfullscreen><\/iframe>\n                                                <\/div>\n                    <!-- <lite-vimeo videoid=\"726652705\" style=\"background-image:url('');\"><\/lite-vimeo> -->\n                <\/div>\n            <\/div>\n        <\/div>\n    <\/div>\n<\/section>\n<!-- <script type=module src=\"https:\/\/cdn.jsdelivr.net\/npm\/@slightlyoff\/lite-vimeo@0.1.1\/lite-vimeo.js\"><\/script> -->    <div class=\"container-xl pt-4\" id=\"a-hydronix-assenta-em-quatro-valores-fundamentais\">\n        \n<h2 class=\"wp-block-heading has-text-align-center break-out mb-0 has-background\" style=\"background-color:#e9e9e9\">A Hydronix assenta em quatro valores fundamentais:<\/h2>\n    <\/div>\n        \n<!-- text_image -->\n<section class=\"text_image py-5 bg--grey \">\n  <div class=\"container-xl\">\n    <div class=\"row\">\n      <div class=\"col-lg-8 text_image__content my-auto order-2 order-lg-1\">\n        \n        <div class=\"content\"><style>.text_image__image img { max-width: 300px; }<\/style>\n<h3>1. Compromisso com a excel\u00eancia<\/h3>\n<p> O nosso compromisso com a excel\u00eancia e a qualidade abrange todos os aspetos da nossa atividade. Os produtos Hydronix s\u00e3o concebidos para os ambientes mais exigentes e fabricados para durar v\u00e1rios anos. Cada sensor \u00e9 preciso, fi\u00e1vel e duradouro, e proporciona resultados repet\u00edveis e consistentes para o seu produto final. Os nosso compromisso com a excel\u00eancia parte do nosso pessoal e associados, que t\u00eam verdadeiro gosto em proporcionar-lhe a melhor experi\u00eancia poss\u00edvel.<\/p>\n<\/div>\n\n              <\/div>\n\n      <div class=\"col-lg-4 text_image__image text-center my-auto order-1 order-lg-2\">\n        <img decoding=\"async\" src=\"https:\/\/webtest.hydronix.com\/wp-content\/uploads\/2022\/09\/icon-climb.svg\"\n             class=\"img-fluid w-50 w-md-75 mb-4\" alt=\"\">\n      <\/div>\n    <\/div>\n  <\/div>\n<\/section>    \n<!-- text_image -->\n<section class=\"text_image py-5 bg--light \">\n  <div class=\"container-xl\">\n    <div class=\"row\">\n      <div class=\"col-lg-8 text_image__content my-auto order-2 order-lg-2\">\n        \n        <div class=\"content\"><h3>2. Inova\u00e7\u00e3o<\/h3>\n<p> A Hydronix introduziu os primeiros sensores de humidade por micro-ondas na ind\u00fastria do bet\u00e3o em 1982. A equipa de investiga\u00e7\u00e3o e desenvolvimento altamente experiente sediada no Reino Unido est\u00e1 continuamente focada em adotar as mais recentes tecnologias para garantir que os nossos produtos continuam inovadores e mant\u00eam uma posi\u00e7\u00e3o de lideran\u00e7a no mercado.<\/p>\n<\/div>\n\n              <\/div>\n\n      <div class=\"col-lg-4 text_image__image text-center my-auto order-1 order-lg-1\">\n        <img decoding=\"async\" src=\"https:\/\/webtest.hydronix.com\/wp-content\/uploads\/2022\/09\/icon-innovation.svg\"\n             class=\"img-fluid w-50 w-md-75 mb-4\" alt=\"\">\n      <\/div>\n    <\/div>\n  <\/div>\n<\/section>    \n<!-- text_image -->\n<section class=\"text_image py-5 bg--grey \">\n  <div class=\"container-xl\">\n    <div class=\"row\">\n      <div class=\"col-lg-8 text_image__content my-auto order-2 order-lg-1\">\n        \n        <div class=\"content\"><h3>3. Rede de especialistas internacional<\/h3>\n<p> Est\u00e1 em boas m\u00e3os, uma vez que a Hydronix est\u00e1 comprometida em proporcionar um excelente servi\u00e7o por meio da nossa rede global de parceiros especialistas. Com base nos nossos pilares tradicionais, a fam\u00edlia Hydronix continua a crescer por meio de rela\u00e7\u00f5es de longo prazo com a nossa fam\u00edlia alargada de revendedores, incluindo fabricantes de equipamentos originais l\u00edderes mundiais e integradores de sistemas locais que possam ajud\u00e1-lo no seu idioma.<\/p>\n<\/div>\n\n              <\/div>\n\n      <div class=\"col-lg-4 text_image__image text-center my-auto order-1 order-lg-2\">\n        <img decoding=\"async\" src=\"https:\/\/webtest.hydronix.com\/wp-content\/uploads\/2022\/09\/icon-worldwide.svg\"\n             class=\"img-fluid w-50 w-md-75 mb-4\" alt=\"\">\n      <\/div>\n    <\/div>\n  <\/div>\n<\/section>    \n<!-- text_image -->\n<section class=\"text_image py-5 bg--light \">\n  <div class=\"container-xl\">\n    <div class=\"row\">\n      <div class=\"col-lg-8 text_image__content my-auto order-2 order-lg-2\">\n        \n        <div class=\"content\"><h3>4. Investiga\u00e7\u00e3o e tecnologia<\/h3>\n<p> Os sensores Hydronix s\u00e3o fabricados com base na nossa exclusiva tecnologia de medi\u00e7\u00e3o digital, que aperfei\u00e7oamos continuamente para proporcionar a m\u00e1xima precis\u00e3o e estabilidade. A Hydronix utiliza um design de sistema personalizado para medir na frequ\u00eancia mais adequada e detetar altera\u00e7\u00f5es no n\u00edvel de humidade. Os nossos sensores s\u00e3o fabricados com base na tecnologia de microprocessadores mais recente e totalmente configur\u00e1veis com o <a href=\"https:\/\/webtest.hydronix.com\/pt-pt\/products\/hydro-com\/\">Hydro-Com<\/a>.<\/p>\n<\/div>\n\n              <\/div>\n\n      <div class=\"col-lg-4 text_image__image text-center my-auto order-1 order-lg-1\">\n        <img decoding=\"async\" src=\"https:\/\/webtest.hydronix.com\/wp-content\/uploads\/2022\/09\/icon-technology.svg\"\n             class=\"img-fluid w-50 w-md-75 mb-4\" alt=\"\">\n      <\/div>\n    <\/div>\n  <\/div>\n<\/section><!-- latest -->\n<section class=\"latest\">\n    <div class=\"latest__heading py-4\">\n        <div class=\"container-xl\">\n            <h2>Not\u00edcias, blogs e eventos mais recentes<\/h2>\n        <\/div>\n    <\/div>\n    <div class=\"container py-5\">\n        <div class=\"row g-5\">\n            <div class=\"col-lg-7\">\n                <h2 class=\"mb-4\">Not\u00edcias e blogs mais recentes<\/h2>\n                                <a href=\"https:\/\/webtest.hydronix.com\/pt-pt\/resources\/blogs\/microwave-and-nir-complementary-not-competitive-technologies\/\" class=\"latest__item mb-4\">\n                    <div class=\"row mb-4\">\n                        <div class=\"col-md-8\">\n                            <div class=\"latest__title\">Microwave and NIR. Complementary, not competitive, technologies<\/div>\n                            <div class=\"latest__date\">14 Junho 2024<\/div>\n                            <div class=\"latest__intro\">There is a common misconception that, where moisture measurement is required, there is a choice&hellip;<\/div>\n                        <\/div>\n                        <div class=\"col-md-4 text-center\">\n                            <img decoding=\"async\" src=\"https:\/\/webtest.hydronix.com\/wp-content\/uploads\/2024\/06\/Measurement-300x86.gif \" alt=\"\" class=\"latest__image\">\n                        <\/div>\n                    <\/div>\n                <\/a>\n                                <a href=\"https:\/\/webtest.hydronix.com\/pt-pt\/resources\/blogs\/benefits-of-moisture-control-in-noodle-processing\/\" class=\"latest__item mb-4\">\n                    <div class=\"row mb-4\">\n                        <div class=\"col-md-8\">\n                            <div class=\"latest__title\">Benefits of moisture control in wheat flour noodle processing<\/div>\n                            <div class=\"latest__date\">17 Abril 2024<\/div>\n                            <div class=\"latest__intro\">Noodles are made from wheat flour which are then dried, shaped and packaged, for example,&hellip;<\/div>\n                        <\/div>\n                        <div class=\"col-md-4 text-center\">\n                            <img decoding=\"async\" src=\"https:\/\/webtest.hydronix.com\/wp-content\/uploads\/2024\/04\/shutterstock_386045383-noodles-in-bowl-300x200.jpg \" alt=\"\" class=\"latest__image\">\n                        <\/div>\n                    <\/div>\n                <\/a>\n                                <div>\n                    <a href=\"\/pt-pt\/recursos\/\" class=\"mx-auto btn btn--orange\">Base de recursos da Hydronix<\/a>\n                <\/div>\n            <\/div>\n            <div class=\"col-lg-5\">\n                <h2 class=\"mb-4\">Pr\u00f3ximos eventos<\/h2>\n                                <div>\n                    <a href=\"\/pt-pt\/recursos\/eventos\/\" class=\"mx-auto btn btn--orange\">Todos os eventos<\/a>\n                <\/div>\n            <\/div>\n        <\/div>\n    <\/div>\n<\/section>","protected":false},"excerpt":{"rendered":"<p>A Hydronix assenta em quatro valores fundamentais: [&#8230;]<\/p>\n<p><a class=\"btn btn-secondary understrap-read-more-link\" href=\"https:\/\/webtest.hydronix.com\/pt-pt\/acerca-da-hydronix\/\">Continuar a ler&#8230;<span class=\"screen-reader-text\"> from Acerca da Hydronix<\/span><\/a><\/p>\n","protected":false},"author":1,"featured_media":29586,"parent":0,"menu_order":430,"comment_status":"closed","ping_status":"closed","template":"","meta":{"_acf_changed":false,"content-type":"","inline_featured_image":false,"footnotes":""},"industries":[],"process":[],"class_list":["post-29585","page","type-page","status-publish","has-post-thumbnail","hentry"],"acf":[],"yoast_head":"<!-- This site is optimized with the Yoast SEO plugin v27.1.1 - https:\/\/yoast.com\/product\/yoast-seo-wordpress\/ -->\n<title>Acerca da Hydronix - Hydronix<\/title>\n<meta name=\"description\" content=\"Fundada em 1982, a Hydronix \u00e9 especializada na investiga\u00e7\u00e3o, no desenvolvimento e no fabrico de sistemas digitais de medi\u00e7\u00e3o de humidade por micro-ondas.\" \/>\n<meta name=\"robots\" content=\"index, follow, max-snippet:-1, max-image-preview:large, max-video-preview:-1\" \/>\n<link rel=\"canonical\" href=\"https:\/\/webtest.hydronix.com\/pt-pt\/acerca-da-hydronix\/\" \/>\n<meta property=\"og:locale\" content=\"pt_PT\" \/>\n<meta property=\"og:type\" content=\"article\" \/>\n<meta property=\"og:title\" content=\"Acerca da Hydronix - Hydronix\" \/>\n<meta property=\"og:description\" content=\"Fundada em 1982, a Hydronix \u00e9 especializada na investiga\u00e7\u00e3o, no desenvolvimento e no fabrico de sistemas digitais de medi\u00e7\u00e3o de humidade por micro-ondas.\" \/>\n<meta property=\"og:url\" content=\"https:\/\/webtest.hydronix.com\/pt-pt\/acerca-da-hydronix\/\" \/>\n<meta property=\"og:site_name\" content=\"Hydronix\" \/>\n<meta property=\"article:modified_time\" content=\"2023-11-24T10:58:43+00:00\" \/>\n<meta property=\"og:image\" content=\"https:\/\/webtest.hydronix.com\/wp-content\/uploads\/2022\/11\/about-hero.jpg\" \/>\n\t<meta property=\"og:image:width\" content=\"1423\" \/>\n\t<meta property=\"og:image:height\" content=\"522\" \/>\n\t<meta property=\"og:image:type\" content=\"image\/jpeg\" \/>\n<meta name=\"twitter:card\" content=\"summary_large_image\" \/>\n<meta name=\"twitter:label1\" content=\"Tempo estimado de leitura\" \/>\n\t<meta name=\"twitter:data1\" content=\"1 minuto\" \/>\n<script type=\"application\/ld+json\" class=\"yoast-schema-graph\">{\"@context\":\"https:\/\/schema.org\",\"@graph\":[{\"@type\":\"WebPage\",\"@id\":\"https:\/\/webtest.hydronix.com\/pt-pt\/acerca-da-hydronix\/\",\"url\":\"https:\/\/webtest.hydronix.com\/pt-pt\/acerca-da-hydronix\/\",\"name\":\"Acerca da Hydronix - Hydronix\",\"isPartOf\":{\"@id\":\"https:\/\/webtest.hydronix.com\/pt-pt\/#website\"},\"primaryImageOfPage\":{\"@id\":\"https:\/\/webtest.hydronix.com\/pt-pt\/acerca-da-hydronix\/#primaryimage\"},\"image\":{\"@id\":\"https:\/\/webtest.hydronix.com\/pt-pt\/acerca-da-hydronix\/#primaryimage\"},\"thumbnailUrl\":\"https:\/\/webtest.hydronix.com\/wp-content\/uploads\/2022\/11\/about-hero.jpg\",\"datePublished\":\"2022-09-12T12:44:01+00:00\",\"dateModified\":\"2023-11-24T10:58:43+00:00\",\"description\":\"Fundada em 1982, a Hydronix \u00e9 especializada na investiga\u00e7\u00e3o, no desenvolvimento e no fabrico de sistemas digitais de medi\u00e7\u00e3o de humidade por micro-ondas.\",\"breadcrumb\":{\"@id\":\"https:\/\/webtest.hydronix.com\/pt-pt\/acerca-da-hydronix\/#breadcrumb\"},\"inLanguage\":\"pt-PT\",\"potentialAction\":[{\"@type\":\"ReadAction\",\"target\":[\"https:\/\/webtest.hydronix.com\/pt-pt\/acerca-da-hydronix\/\"]}]},{\"@type\":\"ImageObject\",\"inLanguage\":\"pt-PT\",\"@id\":\"https:\/\/webtest.hydronix.com\/pt-pt\/acerca-da-hydronix\/#primaryimage\",\"url\":\"https:\/\/webtest.hydronix.com\/wp-content\/uploads\/2022\/11\/about-hero.jpg\",\"contentUrl\":\"https:\/\/webtest.hydronix.com\/wp-content\/uploads\/2022\/11\/about-hero.jpg\",\"width\":1423,\"height\":522},{\"@type\":\"BreadcrumbList\",\"@id\":\"https:\/\/webtest.hydronix.com\/pt-pt\/acerca-da-hydronix\/#breadcrumb\",\"itemListElement\":[{\"@type\":\"ListItem\",\"position\":1,\"name\":\"Home\",\"item\":\"https:\/\/webtest.hydronix.com\/pt-pt\/\"},{\"@type\":\"ListItem\",\"position\":2,\"name\":\"Acerca da Hydronix\"}]},{\"@type\":\"WebSite\",\"@id\":\"https:\/\/webtest.hydronix.com\/pt-pt\/#website\",\"url\":\"https:\/\/webtest.hydronix.com\/pt-pt\/\",\"name\":\"Hydronix\",\"description\":\"Your partner in moisture measurement\",\"potentialAction\":[{\"@type\":\"SearchAction\",\"target\":{\"@type\":\"EntryPoint\",\"urlTemplate\":\"https:\/\/webtest.hydronix.com\/pt-pt\/?s={search_term_string}\"},\"query-input\":{\"@type\":\"PropertyValueSpecification\",\"valueRequired\":true,\"valueName\":\"search_term_string\"}}],\"inLanguage\":\"pt-PT\"}]}<\/script>\n<!-- \/ Yoast SEO plugin. -->","yoast_head_json":{"title":"Acerca da Hydronix - Hydronix","description":"Fundada em 1982, a Hydronix \u00e9 especializada na investiga\u00e7\u00e3o, no desenvolvimento e no fabrico de sistemas digitais de medi\u00e7\u00e3o de humidade por micro-ondas.","robots":{"index":"index","follow":"follow","max-snippet":"max-snippet:-1","max-image-preview":"max-image-preview:large","max-video-preview":"max-video-preview:-1"},"canonical":"https:\/\/webtest.hydronix.com\/pt-pt\/acerca-da-hydronix\/","og_locale":"pt_PT","og_type":"article","og_title":"Acerca da Hydronix - Hydronix","og_description":"Fundada em 1982, a Hydronix \u00e9 especializada na investiga\u00e7\u00e3o, no desenvolvimento e no fabrico de sistemas digitais de medi\u00e7\u00e3o de humidade por micro-ondas.","og_url":"https:\/\/webtest.hydronix.com\/pt-pt\/acerca-da-hydronix\/","og_site_name":"Hydronix","article_modified_time":"2023-11-24T10:58:43+00:00","og_image":[{"width":1423,"height":522,"url":"https:\/\/webtest.hydronix.com\/wp-content\/uploads\/2022\/11\/about-hero.jpg","type":"image\/jpeg"}],"twitter_card":"summary_large_image","twitter_misc":{"Tempo estimado de leitura":"1 minuto"},"schema":{"@context":"https:\/\/schema.org","@graph":[{"@type":"WebPage","@id":"https:\/\/webtest.hydronix.com\/pt-pt\/acerca-da-hydronix\/","url":"https:\/\/webtest.hydronix.com\/pt-pt\/acerca-da-hydronix\/","name":"Acerca da Hydronix - Hydronix","isPartOf":{"@id":"https:\/\/webtest.hydronix.com\/pt-pt\/#website"},"primaryImageOfPage":{"@id":"https:\/\/webtest.hydronix.com\/pt-pt\/acerca-da-hydronix\/#primaryimage"},"image":{"@id":"https:\/\/webtest.hydronix.com\/pt-pt\/acerca-da-hydronix\/#primaryimage"},"thumbnailUrl":"https:\/\/webtest.hydronix.com\/wp-content\/uploads\/2022\/11\/about-hero.jpg","datePublished":"2022-09-12T12:44:01+00:00","dateModified":"2023-11-24T10:58:43+00:00","description":"Fundada em 1982, a Hydronix \u00e9 especializada na investiga\u00e7\u00e3o, no desenvolvimento e no fabrico de sistemas digitais de medi\u00e7\u00e3o de humidade por micro-ondas.","breadcrumb":{"@id":"https:\/\/webtest.hydronix.com\/pt-pt\/acerca-da-hydronix\/#breadcrumb"},"inLanguage":"pt-PT","potentialAction":[{"@type":"ReadAction","target":["https:\/\/webtest.hydronix.com\/pt-pt\/acerca-da-hydronix\/"]}]},{"@type":"ImageObject","inLanguage":"pt-PT","@id":"https:\/\/webtest.hydronix.com\/pt-pt\/acerca-da-hydronix\/#primaryimage","url":"https:\/\/webtest.hydronix.com\/wp-content\/uploads\/2022\/11\/about-hero.jpg","contentUrl":"https:\/\/webtest.hydronix.com\/wp-content\/uploads\/2022\/11\/about-hero.jpg","width":1423,"height":522},{"@type":"BreadcrumbList","@id":"https:\/\/webtest.hydronix.com\/pt-pt\/acerca-da-hydronix\/#breadcrumb","itemListElement":[{"@type":"ListItem","position":1,"name":"Home","item":"https:\/\/webtest.hydronix.com\/pt-pt\/"},{"@type":"ListItem","position":2,"name":"Acerca da Hydronix"}]},{"@type":"WebSite","@id":"https:\/\/webtest.hydronix.com\/pt-pt\/#website","url":"https:\/\/webtest.hydronix.com\/pt-pt\/","name":"Hydronix","description":"Your partner in moisture measurement","potentialAction":[{"@type":"SearchAction","target":{"@type":"EntryPoint","urlTemplate":"https:\/\/webtest.hydronix.com\/pt-pt\/?s={search_term_string}"},"query-input":{"@type":"PropertyValueSpecification","valueRequired":true,"valueName":"search_term_string"}}],"inLanguage":"pt-PT"}]}},"_links":{"self":[{"href":"https:\/\/webtest.hydronix.com\/pt-pt\/wp-json\/wp\/v2\/pages\/29585","targetHints":{"allow":["GET"]}}],"collection":[{"href":"https:\/\/webtest.hydronix.com\/pt-pt\/wp-json\/wp\/v2\/pages"}],"about":[{"href":"https:\/\/webtest.hydronix.com\/pt-pt\/wp-json\/wp\/v2\/types\/page"}],"author":[{"embeddable":true,"href":"https:\/\/webtest.hydronix.com\/pt-pt\/wp-json\/wp\/v2\/users\/1"}],"replies":[{"embeddable":true,"href":"https:\/\/webtest.hydronix.com\/pt-pt\/wp-json\/wp\/v2\/comments?post=29585"}],"version-history":[{"count":0,"href":"https:\/\/webtest.hydronix.com\/pt-pt\/wp-json\/wp\/v2\/pages\/29585\/revisions"}],"wp:featuredmedia":[{"embeddable":true,"href":"https:\/\/webtest.hydronix.com\/pt-pt\/wp-json\/wp\/v2\/media\/29586"}],"wp:attachment":[{"href":"https:\/\/webtest.hydronix.com\/pt-pt\/wp-json\/wp\/v2\/media?parent=29585"}],"wp:term":[{"taxonomy":"industries","embeddable":true,"href":"https:\/\/webtest.hydronix.com\/pt-pt\/wp-json\/wp\/v2\/industries?post=29585"},{"taxonomy":"process","embeddable":true,"href":"https:\/\/webtest.hydronix.com\/pt-pt\/wp-json\/wp\/v2\/process?post=29585"}],"curies":[{"name":"wp","href":"https:\/\/api.w.org\/{rel}","templated":true}]}}