{"id":37092,"date":"2024-06-28T08:02:23","date_gmt":"2024-06-28T08:02:23","guid":{"rendered":"https:\/\/www.hydronix.com\/?page_id=37092"},"modified":"2024-08-01T11:58:10","modified_gmt":"2024-08-01T11:58:10","slug":"configurazione","status":"publish","type":"page","link":"https:\/\/webtest.hydronix.com\/it\/formazione\/configurazione\/","title":{"rendered":"Configurazione"},"content":{"rendered":"    \n<!-- hero_short -->\n<section class=\"short_hero d-flex py-5\" style=\"background-image:url(https:\/\/webtest.hydronix.com\/wp-content\/uploads\/2024\/06\/shutterstock_2305781813-online-learning-scaled.jpg)\">\n    <div class=\"overlay\"><\/div>\n    <div class=\"container-xl my-auto\">\n        <div class=\"row\">\n            <div class=\"col-lg-5 hero__content\">\n                <h1>Configurazione<\/h1>\n            <\/div>\n        <\/div>\n    <\/div>\n<\/section>\n<!--section class=\"sub_page_title py-1 mb-4\">\n    <div class=\"container-xl\">\n        <p id=\"breadcrumbs\"><span><span><a href=\"https:\/\/webtest.hydronix.com\/it\/\">Home<\/a><\/span><\/span><\/p>    <\/div>\n<\/section-->\n\n\n<!-- accordion -->\n<section class=\"faq py-5\">\n    <div class=\"container\">\n        <div id=\"accordion\" class=\"\"><div class=\"py-4 border-bottom border-top\">  <div class=\"h4 question \" data-bs-toggle=\"collapse\" id=\"heading_0\" data-bs-target=\"#collapse_0\" aria-expanded=\"true\" aria-controls=\"collapse_0\">Hydro-Hub<\/div>  <div class=\"answer collapse show\" id=\"collapse_0\" aria-labelledby=\"heading_0\" data-bs-parent=\"#accordion\"><div class=\"pt-2\" itemprop=\"text\"><h4>Impostazione dell&#8217;indirizzo IP di Hydro-Hub<\/h4>\n<p> Dettagli sulle modalit\u00e0 di configurazione dell&#8217;indirizzo IP di Hydro-Hub, dimostrazione di due metodi. (5 minuti)  <\/p>\n<div style=\"padding: 56.25% 0 0 0; position: relative;\"><iframe style=\"position: absolute; top: 0; left: 0; width: 100%; height: 100%;\" title=\"Configurazione IP di Hydro-Hub\" src=\"https:\/\/player.vimeo.com\/video\/947373343?badge=0&amp;autopause=0&amp;player_id=0&amp;app_id=58479\" frameborder=\"0\"><\/iframe><\/div>\n<p>&nbsp;<\/p>\n<h4>Schermata panoramica di Hydro-Hub (HH01)<\/h4>\n<p> Illustra la schermata panoramica di configurazione di Hydro-Hub. (4 minuti)  <\/p>\n<div style=\"padding: 56.25% 0 0 0; position: relative;\"><iframe style=\"position: absolute; top: 0; left: 0; width: 100%; height: 100%;\" title=\"Configurare la schermata generale di Hydro-Hub\" src=\"https:\/\/player.vimeo.com\/video\/569787375?badge=0&amp;autopause=0&amp;player_id=0&amp;app_id=58479\" frameborder=\"0\"><\/iframe><\/div>\n<p>&nbsp;<\/p>\n<h4>Accesso da remoto a Hydro-View (HV05) e a Hydro-Hub (HH01)<\/h4>\n<p> Spiega i metodi utilizzati per stabilire una connessione da remoto con Hydro-View\/Hydro-Hub utilizzando un browser Web. (3 minuti)  <\/p>\n<div style=\"padding: 56.25% 0 0 0; position: relative;\"><iframe style=\"position: absolute; top: 0; left: 0; width: 100%; height: 100%;\" title=\"Accesso da remoto a Hydro-View\/Hydro-Hub\" src=\"https:\/\/player.vimeo.com\/video\/569787559?badge=0&amp;autopause=0&amp;player_id=0&amp;app_id=58479\" frameborder=\"0\"><\/iframe><\/div>\n<p>&nbsp;<\/p>\n<\/div><\/div><\/div><div class=\"py-4 border-bottom \">  <div class=\"h4 question collapsed\" data-bs-toggle=\"collapse\" id=\"heading_1\" data-bs-target=\"#collapse_1\" aria-expanded=\"true\" aria-controls=\"collapse_1\">Hydro-View<\/div>  <div class=\"answer collapse \" id=\"collapse_1\" aria-labelledby=\"heading_1\" data-bs-parent=\"#accordion\"><div class=\"pt-2\" itemprop=\"text\"><h4>Accesso da remoto a Hydro-View (HV05) e a Hydro-Hub (HH01)<\/h4>\n<p> Spiega i metodi utilizzati per stabilire una connessione da remoto con Hydro-View\/Hydro-Hub utilizzando un browser Web. (3 minuti)  <\/p>\n<div style=\"padding: 56.25% 0 0 0; position: relative;\"><iframe style=\"position: absolute; top: 0; left: 0; width: 100%; height: 100%;\" title=\"Accesso da remoto a Hydro-View\/Hydro-Hub\n\n&#8221; src=&#8221;https:\/\/player.vimeo.com\/video\/569787559?badge=0&amp;autopause=0&amp;player_id=0&amp;app_id=58479&#8243; frameborder=&#8221;0&#8243;><\/iframe><\/div>\n<p>&nbsp;<\/p>\n<\/div><\/div><\/div><div class=\"py-4 border-bottom \">  <div class=\"h4 question collapsed\" data-bs-toggle=\"collapse\" id=\"heading_2\" data-bs-target=\"#collapse_2\" aria-expanded=\"true\" aria-controls=\"collapse_2\">Filtraggio<\/div>  <div class=\"answer collapse \" id=\"collapse_2\" aria-labelledby=\"heading_2\" data-bs-parent=\"#accordion\"><div class=\"pt-2\" itemprop=\"text\"><h4>Filtraggio convogliatore a catena<\/h4>\n<p> Descrive l&#8217;utilizzo dei filtri di segnale per eliminare le interferenze che si creano quando \u00e8 installato un sensore Hydro-Mix XT in un convogliatore a catena. (3 minuti)<\/p>\n<div style=\"padding: 56.25% 0 0 0; position: relative;\"><iframe style=\"position: absolute; top: 0; left: 0; width: 100%; height: 100%;\" title=\"Chain Conveyor Filtering\" src=\"https:\/\/player.vimeo.com\/video\/696473572?badge=0&amp;autopause=0&amp;player_id=0&amp;app_id=58479\" frameborder=\"0\"><\/iframe><\/div>\n<p>&nbsp;<\/p>\n<\/div><\/div><\/div><div class=\"py-4 border-bottom \">  <div class=\"h4 question collapsed\" data-bs-toggle=\"collapse\" id=\"heading_3\" data-bs-target=\"#collapse_3\" aria-expanded=\"true\" aria-controls=\"collapse_3\">Filtraggio<\/div>  <div class=\"answer collapse \" id=\"collapse_3\" aria-labelledby=\"heading_3\" data-bs-parent=\"#accordion\"><div class=\"pt-2\" itemprop=\"text\"><h4>Filtraggio convogliatore a catena<\/h4>\n<p> Descrive l&#8217;utilizzo dei filtri di segnale per eliminare le interferenze che si creano quando \u00e8 installato un sensore Hydro-Mix XT in un convogliatore a catena. (3 minuti)<\/p>\n<div style=\"padding: 56.25% 0 0 0; position: relative;\"><iframe style=\"position: absolute; top: 0; left: 0; width: 100%; height: 100%;\" title=\"Chain Conveyor Filtering\" src=\"https:\/\/player.vimeo.com\/video\/696473572?badge=0&amp;autopause=0&amp;player_id=0&amp;app_id=58479\" frameborder=\"0\"><\/iframe><\/div>\n<p>&nbsp;<\/p>\n<\/div><\/div><\/div><div class=\"py-4 border-bottom \">  <div class=\"h4 question collapsed\" data-bs-toggle=\"collapse\" id=\"heading_4\" data-bs-target=\"#collapse_4\" aria-expanded=\"true\" aria-controls=\"collapse_4\">Hydro-Com<\/div>  <div class=\"answer collapse \" id=\"collapse_4\" aria-labelledby=\"heading_4\" data-bs-parent=\"#accordion\"><div class=\"pt-2\" itemprop=\"text\"><h4>Registrazione valori grezzi Hydro-Com<\/h4>\n<p> Spiega come configurare il software Hydro-Com per registrare l&#8217;output di valori grezzi non graduati di un sensore di umidit\u00e0 Hydronix. (5 minuti)  <\/p>\n<div style=\"padding: 56.25% 0 0 0; position: relative;\"><iframe style=\"position: absolute; top: 0; left: 0; width: 100%; height: 100%;\" title=\"Registrazione valori grezzi Hydro-Com\" src=\"https:\/\/player.vimeo.com\/video\/696475915?badge=0&amp;autopause=0&amp;player_id=0&amp;app_id=58479\" frameborder=\"0\"><\/iframe><\/div>\n<p>&nbsp;<\/p>\n<h4>Modbus RTU<\/h4>\n<p> Spiega come configurare il software Hydro-Com per registrare l&#8217;output di valori grezzi non graduati di un sensore di umidit\u00e0 Hydronix. (5 minuti)  <\/p>\n<div style=\"padding: 56.25% 0 0 0; position: relative;\"><iframe style=\"position: absolute; top: 0; left: 0; width: 100%; height: 100%;\" title=\"Video di configurazione Modbus\" src=\"https:\/\/player.vimeo.com\/video\/696476617?badge=0&amp;autopause=0&amp;player_id=0&amp;app_id=58479\" frameborder=\"0\"><\/iframe><\/div>\n<p>&nbsp;<\/p>\n<\/div><\/div><\/div><\/div>    <\/div>\n<\/section>","protected":false},"excerpt":{"rendered":"<p> [&#8230;]<\/p>\n<p><a class=\"btn btn-secondary understrap-read-more-link\" href=\"https:\/\/webtest.hydronix.com\/it\/formazione\/configurazione\/\">Leggi di pi\u00f9&#8230;<span class=\"screen-reader-text\"> from Configurazione<\/span><\/a><\/p>\n","protected":false},"author":4,"featured_media":36974,"parent":37353,"menu_order":592,"comment_status":"closed","ping_status":"closed","template":"","meta":{"_acf_changed":false,"content-type":"","inline_featured_image":false,"footnotes":""},"industries":[],"process":[],"class_list":["post-37092","page","type-page","status-publish","has-post-thumbnail","hentry"],"acf":[],"yoast_head":"<!-- This site is optimized with the Yoast SEO plugin v27.1.1 - https:\/\/yoast.com\/product\/yoast-seo-wordpress\/ -->\n<title>Configurazione sensore di umidit\u00e0 Hydronix<\/title>\n<meta name=\"description\" content=\"Hydronix ha preparato dei video sulle modalit\u00e0 di configurazione dei sensori di umidit\u00e0 e delle relative interfacce.\" \/>\n<meta name=\"robots\" content=\"index, follow, max-snippet:-1, max-image-preview:large, max-video-preview:-1\" \/>\n<link rel=\"canonical\" href=\"https:\/\/webtest.hydronix.com\/it\/formazione\/configurazione\/\" \/>\n<meta property=\"og:locale\" content=\"it_IT\" \/>\n<meta property=\"og:type\" content=\"article\" \/>\n<meta property=\"og:title\" content=\"Configurazione sensore di umidit\u00e0 Hydronix\" \/>\n<meta property=\"og:description\" content=\"Hydronix ha preparato dei video sulle modalit\u00e0 di configurazione dei sensori di umidit\u00e0 e delle relative interfacce.\" \/>\n<meta property=\"og:url\" content=\"https:\/\/webtest.hydronix.com\/it\/formazione\/configurazione\/\" \/>\n<meta property=\"og:site_name\" content=\"Hydronix\" \/>\n<meta property=\"article:modified_time\" content=\"2024-08-01T11:58:10+00:00\" \/>\n<meta property=\"og:image\" content=\"https:\/\/webtest.hydronix.com\/wp-content\/uploads\/2024\/06\/shutterstock_2305781813-online-learning-scaled.jpg\" \/>\n\t<meta property=\"og:image:width\" content=\"2560\" \/>\n\t<meta property=\"og:image:height\" content=\"1231\" \/>\n\t<meta property=\"og:image:type\" content=\"image\/jpeg\" \/>\n<meta name=\"twitter:card\" content=\"summary_large_image\" \/>\n<meta name=\"twitter:label1\" content=\"Tempo di lettura stimato\" \/>\n\t<meta name=\"twitter:data1\" content=\"1 minuto\" \/>\n<script type=\"application\/ld+json\" class=\"yoast-schema-graph\">{\"@context\":\"https:\/\/schema.org\",\"@graph\":[{\"@type\":\"WebPage\",\"@id\":\"https:\/\/webtest.hydronix.com\/it\/formazione\/configurazione\/\",\"url\":\"https:\/\/webtest.hydronix.com\/it\/formazione\/configurazione\/\",\"name\":\"Configurazione sensore di umidit\u00e0 Hydronix\",\"isPartOf\":{\"@id\":\"https:\/\/webtest.hydronix.com\/it\/#website\"},\"primaryImageOfPage\":{\"@id\":\"https:\/\/webtest.hydronix.com\/it\/formazione\/configurazione\/#primaryimage\"},\"image\":{\"@id\":\"https:\/\/webtest.hydronix.com\/it\/formazione\/configurazione\/#primaryimage\"},\"thumbnailUrl\":\"https:\/\/webtest.hydronix.com\/wp-content\/uploads\/2024\/06\/shutterstock_2305781813-online-learning-scaled.jpg\",\"datePublished\":\"2024-06-28T08:02:23+00:00\",\"dateModified\":\"2024-08-01T11:58:10+00:00\",\"description\":\"Hydronix ha preparato dei video sulle modalit\u00e0 di configurazione dei sensori di umidit\u00e0 e delle relative interfacce.\",\"breadcrumb\":{\"@id\":\"https:\/\/webtest.hydronix.com\/it\/formazione\/configurazione\/#breadcrumb\"},\"inLanguage\":\"it-IT\",\"potentialAction\":[{\"@type\":\"ReadAction\",\"target\":[\"https:\/\/webtest.hydronix.com\/it\/formazione\/configurazione\/\"]}]},{\"@type\":\"ImageObject\",\"inLanguage\":\"it-IT\",\"@id\":\"https:\/\/webtest.hydronix.com\/it\/formazione\/configurazione\/#primaryimage\",\"url\":\"https:\/\/webtest.hydronix.com\/wp-content\/uploads\/2024\/06\/shutterstock_2305781813-online-learning-scaled.jpg\",\"contentUrl\":\"https:\/\/webtest.hydronix.com\/wp-content\/uploads\/2024\/06\/shutterstock_2305781813-online-learning-scaled.jpg\",\"width\":2560,\"height\":1231,\"caption\":\"Attivit\u00e0 di formazione e istruzione online di Hydronix\"},{\"@type\":\"BreadcrumbList\",\"@id\":\"https:\/\/webtest.hydronix.com\/it\/formazione\/configurazione\/#breadcrumb\",\"itemListElement\":[{\"@type\":\"ListItem\",\"position\":1,\"name\":\"Home\",\"item\":\"https:\/\/webtest.hydronix.com\/it\/\"},{\"@type\":\"ListItem\",\"position\":2,\"name\":\"Formazione\",\"item\":\"https:\/\/webtest.hydronix.com\/it\/formazione\/\"},{\"@type\":\"ListItem\",\"position\":3,\"name\":\"Configurazione\"}]},{\"@type\":\"WebSite\",\"@id\":\"https:\/\/webtest.hydronix.com\/it\/#website\",\"url\":\"https:\/\/webtest.hydronix.com\/it\/\",\"name\":\"Hydronix\",\"description\":\"Your partner in moisture measurement\",\"potentialAction\":[{\"@type\":\"SearchAction\",\"target\":{\"@type\":\"EntryPoint\",\"urlTemplate\":\"https:\/\/webtest.hydronix.com\/it\/?s={search_term_string}\"},\"query-input\":{\"@type\":\"PropertyValueSpecification\",\"valueRequired\":true,\"valueName\":\"search_term_string\"}}],\"inLanguage\":\"it-IT\"}]}<\/script>\n<!-- \/ Yoast SEO plugin. -->","yoast_head_json":{"title":"Configurazione sensore di umidit\u00e0 Hydronix","description":"Hydronix ha preparato dei video sulle modalit\u00e0 di configurazione dei sensori di umidit\u00e0 e delle relative interfacce.","robots":{"index":"index","follow":"follow","max-snippet":"max-snippet:-1","max-image-preview":"max-image-preview:large","max-video-preview":"max-video-preview:-1"},"canonical":"https:\/\/webtest.hydronix.com\/it\/formazione\/configurazione\/","og_locale":"it_IT","og_type":"article","og_title":"Configurazione sensore di umidit\u00e0 Hydronix","og_description":"Hydronix ha preparato dei video sulle modalit\u00e0 di configurazione dei sensori di umidit\u00e0 e delle relative interfacce.","og_url":"https:\/\/webtest.hydronix.com\/it\/formazione\/configurazione\/","og_site_name":"Hydronix","article_modified_time":"2024-08-01T11:58:10+00:00","og_image":[{"width":2560,"height":1231,"url":"https:\/\/webtest.hydronix.com\/wp-content\/uploads\/2024\/06\/shutterstock_2305781813-online-learning-scaled.jpg","type":"image\/jpeg"}],"twitter_card":"summary_large_image","twitter_misc":{"Tempo di lettura stimato":"1 minuto"},"schema":{"@context":"https:\/\/schema.org","@graph":[{"@type":"WebPage","@id":"https:\/\/webtest.hydronix.com\/it\/formazione\/configurazione\/","url":"https:\/\/webtest.hydronix.com\/it\/formazione\/configurazione\/","name":"Configurazione sensore di umidit\u00e0 Hydronix","isPartOf":{"@id":"https:\/\/webtest.hydronix.com\/it\/#website"},"primaryImageOfPage":{"@id":"https:\/\/webtest.hydronix.com\/it\/formazione\/configurazione\/#primaryimage"},"image":{"@id":"https:\/\/webtest.hydronix.com\/it\/formazione\/configurazione\/#primaryimage"},"thumbnailUrl":"https:\/\/webtest.hydronix.com\/wp-content\/uploads\/2024\/06\/shutterstock_2305781813-online-learning-scaled.jpg","datePublished":"2024-06-28T08:02:23+00:00","dateModified":"2024-08-01T11:58:10+00:00","description":"Hydronix ha preparato dei video sulle modalit\u00e0 di configurazione dei sensori di umidit\u00e0 e delle relative interfacce.","breadcrumb":{"@id":"https:\/\/webtest.hydronix.com\/it\/formazione\/configurazione\/#breadcrumb"},"inLanguage":"it-IT","potentialAction":[{"@type":"ReadAction","target":["https:\/\/webtest.hydronix.com\/it\/formazione\/configurazione\/"]}]},{"@type":"ImageObject","inLanguage":"it-IT","@id":"https:\/\/webtest.hydronix.com\/it\/formazione\/configurazione\/#primaryimage","url":"https:\/\/webtest.hydronix.com\/wp-content\/uploads\/2024\/06\/shutterstock_2305781813-online-learning-scaled.jpg","contentUrl":"https:\/\/webtest.hydronix.com\/wp-content\/uploads\/2024\/06\/shutterstock_2305781813-online-learning-scaled.jpg","width":2560,"height":1231,"caption":"Attivit\u00e0 di formazione e istruzione online di Hydronix"},{"@type":"BreadcrumbList","@id":"https:\/\/webtest.hydronix.com\/it\/formazione\/configurazione\/#breadcrumb","itemListElement":[{"@type":"ListItem","position":1,"name":"Home","item":"https:\/\/webtest.hydronix.com\/it\/"},{"@type":"ListItem","position":2,"name":"Formazione","item":"https:\/\/webtest.hydronix.com\/it\/formazione\/"},{"@type":"ListItem","position":3,"name":"Configurazione"}]},{"@type":"WebSite","@id":"https:\/\/webtest.hydronix.com\/it\/#website","url":"https:\/\/webtest.hydronix.com\/it\/","name":"Hydronix","description":"Your partner in moisture measurement","potentialAction":[{"@type":"SearchAction","target":{"@type":"EntryPoint","urlTemplate":"https:\/\/webtest.hydronix.com\/it\/?s={search_term_string}"},"query-input":{"@type":"PropertyValueSpecification","valueRequired":true,"valueName":"search_term_string"}}],"inLanguage":"it-IT"}]}},"_links":{"self":[{"href":"https:\/\/webtest.hydronix.com\/it\/wp-json\/wp\/v2\/pages\/37092","targetHints":{"allow":["GET"]}}],"collection":[{"href":"https:\/\/webtest.hydronix.com\/it\/wp-json\/wp\/v2\/pages"}],"about":[{"href":"https:\/\/webtest.hydronix.com\/it\/wp-json\/wp\/v2\/types\/page"}],"author":[{"embeddable":true,"href":"https:\/\/webtest.hydronix.com\/it\/wp-json\/wp\/v2\/users\/4"}],"replies":[{"embeddable":true,"href":"https:\/\/webtest.hydronix.com\/it\/wp-json\/wp\/v2\/comments?post=37092"}],"version-history":[{"count":6,"href":"https:\/\/webtest.hydronix.com\/it\/wp-json\/wp\/v2\/pages\/37092\/revisions"}],"predecessor-version":[{"id":37585,"href":"https:\/\/webtest.hydronix.com\/it\/wp-json\/wp\/v2\/pages\/37092\/revisions\/37585"}],"up":[{"embeddable":true,"href":"https:\/\/webtest.hydronix.com\/it\/wp-json\/wp\/v2\/pages\/37353"}],"wp:featuredmedia":[{"embeddable":true,"href":"https:\/\/webtest.hydronix.com\/it\/wp-json\/wp\/v2\/media\/36974"}],"wp:attachment":[{"href":"https:\/\/webtest.hydronix.com\/it\/wp-json\/wp\/v2\/media?parent=37092"}],"wp:term":[{"taxonomy":"industries","embeddable":true,"href":"https:\/\/webtest.hydronix.com\/it\/wp-json\/wp\/v2\/industries?post=37092"},{"taxonomy":"process","embeddable":true,"href":"https:\/\/webtest.hydronix.com\/it\/wp-json\/wp\/v2\/process?post=37092"}],"curies":[{"name":"wp","href":"https:\/\/api.w.org\/{rel}","templated":true}]}}