{"id":21830,"date":"2022-09-12T12:44:01","date_gmt":"2022-09-12T12:44:01","guid":{"rendered":"https:\/\/hydronix.chilliservers.co.uk\/informazioni-su-hydronix\/"},"modified":"2023-07-31T14:09:05","modified_gmt":"2023-07-31T14:09:05","slug":"informazioni-su-hydronix","status":"publish","type":"page","link":"https:\/\/webtest.hydronix.com\/it\/informazioni-su-hydronix\/","title":{"rendered":"Informazioni su Hydronix"},"content":{"rendered":"    \n<!-- hero_short -->\n<section class=\"short_hero d-flex py-5\" style=\"background-image:url(https:\/\/webtest.hydronix.com\/wp-content\/uploads\/2022\/11\/about-hero.jpg)\">\n    <div class=\"overlay\"><\/div>\n    <div class=\"container-xl my-auto\">\n        <div class=\"row\">\n            <div class=\"col-lg-5 hero__content\">\n                <h1>Informazioni su Hydronix<\/h1>\n            <\/div>\n        <\/div>\n    <\/div>\n<\/section>\n<!--section class=\"sub_page_title py-1 mb-4\">\n    <div class=\"container-xl\">\n        <p id=\"breadcrumbs\"><span><span><a href=\"https:\/\/webtest.hydronix.com\/it\/\">Home<\/a><\/span><\/span><\/p>    <\/div>\n<\/section-->\n\n\n<!-- text_video -->\n<section class=\"text_video  py-5\">\n    <div class=\"container-xl\">\n        <div class=\"row\">\n            <div class=\"col-lg-5 text_video__content order-1 order-lg-1 mb-4 mb-lg-0 pt-5 py-md-5\">\n                <h2>La nostra storia<\/h2>                <div class=\"content mb-4\"><p>Fondata nel 1982, Hydronix \u00e8 specializzata nella ricerca, nello sviluppo e nella produzione di sistemi di misurazione digitale dell&#8217;umidit\u00e0 a microonde.<\/p>\n<p>In quanto azienda a conduzione familiare, Hydronix \u00e8 particolarmente orgogliosa di offrire un\u2019assistenza personale e puntuale ai clienti. Lo facciamo attraverso una rete mondiale di rivenditori. I nostri partner sono esperti di grande competenza e formati in tutti gli aspetti dei nostri prodotti dall&#8217;installazione alla formazione, all&#8217;assistenza.<\/p>\n<\/div>\n                            <\/div>\n            <div class=\"col-lg-7 mb-4 mb-lg-0 d-flex order-2 order-lg-2\">\n                <div class=\"video__container w-100 my-auto\" style=\"background-color:#1a1a1a\">\n                                        <div class=\"ratio ratio-16x9 mx-auto\">\n                                                <iframe src=\"https:\/\/player.vimeo.com\/video\/726652705?byline=0&#038;portrait=0\" allow=\"autoplay; fullscreen; picture-in-picture\" webkitallowfullscreen mozallowfullscreen allowfullscreen><\/iframe>\n                                                <\/div>\n                    <!-- <lite-vimeo videoid=\"726652705\" style=\"background-image:url('');\"><\/lite-vimeo> -->\n                <\/div>\n            <\/div>\n        <\/div>\n    <\/div>\n<\/section>\n<!-- <script type=module src=\"https:\/\/cdn.jsdelivr.net\/npm\/@slightlyoff\/lite-vimeo@0.1.1\/lite-vimeo.js\"><\/script> -->\n\n    <div class=\"container-xl pt-4\" id=\"hydronix-si-regge-su-quattro-principi-fondamentali\">\n        \n<h2 class=\"wp-block-heading has-text-align-center break-out mb-0 has-background\" style=\"background-color:#e9e9e9\">Hydronix si regge su quattro principi fondamentali:<\/h2>\n    <\/div>\n    \n\n    \n<!-- text_image -->\n<section class=\"text_image py-5 bg--grey \">\n  <div class=\"container-xl\">\n    <div class=\"row\">\n      <div class=\"col-lg-8 text_image__content my-auto order-2 order-lg-1\">\n        \n        <div class=\"content\"><style>.text_image__image img { max-width: 300px; }<\/style>\n<h3>1. Impegno per l\u2019eccellenza<\/h3>\n<p>Il nostro impegno per l\u2019eccellenza e la qualit\u00e0 riguarda ogni aspetto della nostra attivit\u00e0.<\/p>\n<p>I prodotti Hydronix sono progettati per gli ambienti pi\u00f9 gravosi e sono realizzati per durare molti anni.<\/p>\n<p>Ogni sensore \u00e8 preciso, affidabile, durevole e fornisce risultati ripetibili e coerenti per il prodotto finale desiderato.<\/p>\n<p>Il nostro impegno per l\u2019eccellenza deriva dal nostro personale e dai nostri collaboratori, che si impegnano al massimo per offrire ai clienti la migliore esperienza possibile.<\/p>\n<\/div>\n\n              <\/div>\n\n      <div class=\"col-lg-4 text_image__image text-center my-auto order-1 order-lg-2\">\n        <img decoding=\"async\" src=\"https:\/\/webtest.hydronix.com\/wp-content\/uploads\/2022\/09\/icon-climb.svg\"\n             class=\"img-fluid w-50 w-md-75 mb-4\" alt=\"\">\n      <\/div>\n    <\/div>\n  <\/div>\n<\/section>\n\n    \n<!-- text_image -->\n<section class=\"text_image py-5 bg--light \">\n  <div class=\"container-xl\">\n    <div class=\"row\">\n      <div class=\"col-lg-8 text_image__content my-auto order-2 order-lg-2\">\n        \n        <div class=\"content\"><h3>2. Innovazione<\/h3>\n<p>Hydronix ha introdotto i primi sensori di umidit\u00e0 a microonde nel settore del calcestruzzo nel 1982.<\/p>\n<p>Il team di ricerca e sviluppo, altamente qualificato, con sede nel Regno Unito, \u00e8 impegnato costantemente ad adottare le tecnologie pi\u00f9 recenti affinch\u00e9 i nostri prodotti rimangano innovativi e mantengano una posizione di leadership sul mercato.<\/p>\n<\/div>\n\n              <\/div>\n\n      <div class=\"col-lg-4 text_image__image text-center my-auto order-1 order-lg-1\">\n        <img decoding=\"async\" src=\"https:\/\/webtest.hydronix.com\/wp-content\/uploads\/2022\/09\/icon-innovation.svg\"\n             class=\"img-fluid w-50 w-md-75 mb-4\" alt=\"\">\n      <\/div>\n    <\/div>\n  <\/div>\n<\/section>\n\n    \n<!-- text_image -->\n<section class=\"text_image py-5 bg--grey \">\n  <div class=\"container-xl\">\n    <div class=\"row\">\n      <div class=\"col-lg-8 text_image__content my-auto order-2 order-lg-1\">\n        \n        <div class=\"content\"><h3>3. Rete internazionale di esperti<\/h3>\n<p>Sei in mani sicure: Hydronix \u00e8 impegnata a fornire un servizio eccellente attraverso la sua rete globale di partner esperti.<\/p>\n<p>Partendo dalle nostre radici tradizionali, la famiglia Hydronix continua a crescere grazie ai rapporti a lungo termine con numerosi rivenditori, come i principali OEM mondiali e integratori di sistema locali in grado di fornire assistenza nella lingua del cliente.<\/p>\n<\/div>\n\n              <\/div>\n\n      <div class=\"col-lg-4 text_image__image text-center my-auto order-1 order-lg-2\">\n        <img decoding=\"async\" src=\"https:\/\/webtest.hydronix.com\/wp-content\/uploads\/2022\/09\/icon-worldwide.svg\"\n             class=\"img-fluid w-50 w-md-75 mb-4\" alt=\"\">\n      <\/div>\n    <\/div>\n  <\/div>\n<\/section>\n\n    \n<!-- text_image -->\n<section class=\"text_image py-5 bg--light \">\n  <div class=\"container-xl\">\n    <div class=\"row\">\n      <div class=\"col-lg-8 text_image__content my-auto order-2 order-lg-2\">\n        \n        <div class=\"content\"><h3>4. Ricerca e tecnologia<\/h3>\n<p>I sensori Hydronix si avvalgono della nostra esclusiva tecnologia di misurazione digitale, che perfezioniamo continuamente per ottenere la massima precisione e stabilit\u00e0.<\/p>\n<p>Hydronix utilizza un sistema progettato ad hoc per misurare alla frequenza pi\u00f9 appropriata e rilevare le variazioni del livello di umidit\u00e0.<\/p>\n<p>I nostri sensori sono realizzati con la pi\u00f9 recente tecnologia a microprocessore e sono totalmente configurabili con il software <a href=\"https:\/\/webtest.hydronix.com\/it\/prodotti\/hydro-com\/\">Hydro-Com<\/a>.<\/p>\n<\/div>\n\n              <\/div>\n\n      <div class=\"col-lg-4 text_image__image text-center my-auto order-1 order-lg-1\">\n        <img decoding=\"async\" src=\"https:\/\/webtest.hydronix.com\/wp-content\/uploads\/2022\/09\/icon-technology.svg\"\n             class=\"img-fluid w-50 w-md-75 mb-4\" alt=\"\">\n      <\/div>\n    <\/div>\n  <\/div>\n<\/section>\n\n<!-- latest -->\n<section class=\"latest\">\n    <div class=\"latest__heading py-4\">\n        <div class=\"container-xl\">\n            <h2>Ultime notizie, blog ed eventi<\/h2>\n        <\/div>\n    <\/div>\n    <div class=\"container py-5\">\n        <div class=\"row g-5\">\n            <div class=\"col-lg-7\">\n                <h2 class=\"mb-4\">Ultime notizie e blog<\/h2>\n                                <a href=\"https:\/\/webtest.hydronix.com\/it\/resources\/blogs\/microwave-and-nir-complementary-not-competitive-technologies\/\" class=\"latest__item mb-4\">\n                    <div class=\"row mb-4\">\n                        <div class=\"col-md-8\">\n                            <div class=\"latest__title\">Microwave and NIR. Complementary, not competitive, technologies<\/div>\n                            <div class=\"latest__date\">14 Giugno 2024<\/div>\n                            <div class=\"latest__intro\">There is a common misconception that, where moisture measurement is required, there is a choice&hellip;<\/div>\n                        <\/div>\n                        <div class=\"col-md-4 text-center\">\n                            <img decoding=\"async\" src=\"https:\/\/webtest.hydronix.com\/wp-content\/uploads\/2024\/06\/Measurement-300x86.gif \" alt=\"\" class=\"latest__image\">\n                        <\/div>\n                    <\/div>\n                <\/a>\n                                <a href=\"https:\/\/webtest.hydronix.com\/it\/resources\/blogs\/benefits-of-moisture-control-in-noodle-processing\/\" class=\"latest__item mb-4\">\n                    <div class=\"row mb-4\">\n                        <div class=\"col-md-8\">\n                            <div class=\"latest__title\">Benefits of moisture control in wheat flour noodle processing<\/div>\n                            <div class=\"latest__date\">17 Aprile 2024<\/div>\n                            <div class=\"latest__intro\">Noodles are made from wheat flour which are then dried, shaped and packaged, for example,&hellip;<\/div>\n                        <\/div>\n                        <div class=\"col-md-4 text-center\">\n                            <img decoding=\"async\" src=\"https:\/\/webtest.hydronix.com\/wp-content\/uploads\/2024\/04\/shutterstock_386045383-noodles-in-bowl-300x200.jpg \" alt=\"\" class=\"latest__image\">\n                        <\/div>\n                    <\/div>\n                <\/a>\n                                <div>\n                    <a href=\"\/it\/risorse\/\" class=\"mx-auto btn btn--orange\">Hub risorse Hydronix<\/a>\n                <\/div>\n            <\/div>\n            <div class=\"col-lg-5\">\n                <h2 class=\"mb-4\">Prossimi eventi<\/h2>\n                                <div>\n                    <a href=\"\/it\/risorse\/eventi\/\" class=\"mx-auto btn btn--orange\">Tutti gli eventi<\/a>\n                <\/div>\n            <\/div>\n        <\/div>\n    <\/div>\n<\/section>","protected":false},"excerpt":{"rendered":"<p>Hydronix si regge su quattro principi fondamentali: [&#8230;]<\/p>\n<p><a class=\"btn btn-secondary understrap-read-more-link\" href=\"https:\/\/webtest.hydronix.com\/it\/informazioni-su-hydronix\/\">Leggi di pi\u00f9&#8230;<span class=\"screen-reader-text\"> from Informazioni su Hydronix<\/span><\/a><\/p>\n","protected":false},"author":1,"featured_media":18283,"parent":0,"menu_order":430,"comment_status":"closed","ping_status":"closed","template":"","meta":{"_acf_changed":false,"content-type":"","inline_featured_image":false,"footnotes":""},"industries":[],"process":[],"class_list":["post-21830","page","type-page","status-publish","has-post-thumbnail","hentry"],"acf":[],"yoast_head":"<!-- This site is optimized with the Yoast SEO plugin v27.1.1 - https:\/\/yoast.com\/product\/yoast-seo-wordpress\/ -->\n<title>Informazioni su Hydronix - Hydronix<\/title>\n<meta name=\"robots\" content=\"index, follow, max-snippet:-1, max-image-preview:large, max-video-preview:-1\" \/>\n<link rel=\"canonical\" href=\"https:\/\/webtest.hydronix.com\/it\/informazioni-su-hydronix\/\" \/>\n<meta property=\"og:locale\" content=\"it_IT\" \/>\n<meta property=\"og:type\" content=\"article\" \/>\n<meta property=\"og:title\" content=\"Informazioni su Hydronix - Hydronix\" \/>\n<meta property=\"og:description\" content=\"Hydronix si regge su quattro principi fondamentali: [...]Leggi di pi\u00f9... from Informazioni su Hydronix\" \/>\n<meta property=\"og:url\" content=\"https:\/\/webtest.hydronix.com\/it\/informazioni-su-hydronix\/\" \/>\n<meta property=\"og:site_name\" content=\"Hydronix\" \/>\n<meta property=\"article:modified_time\" content=\"2023-07-31T14:09:05+00:00\" \/>\n<meta property=\"og:image\" content=\"https:\/\/webtest.hydronix.com\/wp-content\/uploads\/2022\/11\/about-hero.jpg\" \/>\n\t<meta property=\"og:image:width\" content=\"1423\" \/>\n\t<meta property=\"og:image:height\" content=\"522\" \/>\n\t<meta property=\"og:image:type\" content=\"image\/jpeg\" \/>\n<meta name=\"twitter:card\" content=\"summary_large_image\" \/>\n<meta name=\"twitter:label1\" content=\"Tempo di lettura stimato\" \/>\n\t<meta name=\"twitter:data1\" content=\"1 minuto\" \/>\n<script type=\"application\/ld+json\" class=\"yoast-schema-graph\">{\"@context\":\"https:\/\/schema.org\",\"@graph\":[{\"@type\":\"WebPage\",\"@id\":\"https:\/\/webtest.hydronix.com\/it\/informazioni-su-hydronix\/\",\"url\":\"https:\/\/webtest.hydronix.com\/it\/informazioni-su-hydronix\/\",\"name\":\"Informazioni su Hydronix - Hydronix\",\"isPartOf\":{\"@id\":\"https:\/\/webtest.hydronix.com\/it\/#website\"},\"primaryImageOfPage\":{\"@id\":\"https:\/\/webtest.hydronix.com\/it\/informazioni-su-hydronix\/#primaryimage\"},\"image\":{\"@id\":\"https:\/\/webtest.hydronix.com\/it\/informazioni-su-hydronix\/#primaryimage\"},\"thumbnailUrl\":\"https:\/\/webtest.hydronix.com\/wp-content\/uploads\/2022\/11\/about-hero.jpg\",\"datePublished\":\"2022-09-12T12:44:01+00:00\",\"dateModified\":\"2023-07-31T14:09:05+00:00\",\"breadcrumb\":{\"@id\":\"https:\/\/webtest.hydronix.com\/it\/informazioni-su-hydronix\/#breadcrumb\"},\"inLanguage\":\"it-IT\",\"potentialAction\":[{\"@type\":\"ReadAction\",\"target\":[\"https:\/\/webtest.hydronix.com\/it\/informazioni-su-hydronix\/\"]}]},{\"@type\":\"ImageObject\",\"inLanguage\":\"it-IT\",\"@id\":\"https:\/\/webtest.hydronix.com\/it\/informazioni-su-hydronix\/#primaryimage\",\"url\":\"https:\/\/webtest.hydronix.com\/wp-content\/uploads\/2022\/11\/about-hero.jpg\",\"contentUrl\":\"https:\/\/webtest.hydronix.com\/wp-content\/uploads\/2022\/11\/about-hero.jpg\",\"width\":1423,\"height\":522},{\"@type\":\"BreadcrumbList\",\"@id\":\"https:\/\/webtest.hydronix.com\/it\/informazioni-su-hydronix\/#breadcrumb\",\"itemListElement\":[{\"@type\":\"ListItem\",\"position\":1,\"name\":\"Home\",\"item\":\"https:\/\/webtest.hydronix.com\/it\/\"},{\"@type\":\"ListItem\",\"position\":2,\"name\":\"Informazioni su Hydronix\"}]},{\"@type\":\"WebSite\",\"@id\":\"https:\/\/webtest.hydronix.com\/it\/#website\",\"url\":\"https:\/\/webtest.hydronix.com\/it\/\",\"name\":\"Hydronix\",\"description\":\"Your partner in moisture measurement\",\"potentialAction\":[{\"@type\":\"SearchAction\",\"target\":{\"@type\":\"EntryPoint\",\"urlTemplate\":\"https:\/\/webtest.hydronix.com\/it\/?s={search_term_string}\"},\"query-input\":{\"@type\":\"PropertyValueSpecification\",\"valueRequired\":true,\"valueName\":\"search_term_string\"}}],\"inLanguage\":\"it-IT\"}]}<\/script>\n<!-- \/ Yoast SEO plugin. -->","yoast_head_json":{"title":"Informazioni su Hydronix - Hydronix","robots":{"index":"index","follow":"follow","max-snippet":"max-snippet:-1","max-image-preview":"max-image-preview:large","max-video-preview":"max-video-preview:-1"},"canonical":"https:\/\/webtest.hydronix.com\/it\/informazioni-su-hydronix\/","og_locale":"it_IT","og_type":"article","og_title":"Informazioni su Hydronix - Hydronix","og_description":"Hydronix si regge su quattro principi fondamentali: [...]Leggi di pi\u00f9... from Informazioni su Hydronix","og_url":"https:\/\/webtest.hydronix.com\/it\/informazioni-su-hydronix\/","og_site_name":"Hydronix","article_modified_time":"2023-07-31T14:09:05+00:00","og_image":[{"width":1423,"height":522,"url":"https:\/\/webtest.hydronix.com\/wp-content\/uploads\/2022\/11\/about-hero.jpg","type":"image\/jpeg"}],"twitter_card":"summary_large_image","twitter_misc":{"Tempo di lettura stimato":"1 minuto"},"schema":{"@context":"https:\/\/schema.org","@graph":[{"@type":"WebPage","@id":"https:\/\/webtest.hydronix.com\/it\/informazioni-su-hydronix\/","url":"https:\/\/webtest.hydronix.com\/it\/informazioni-su-hydronix\/","name":"Informazioni su Hydronix - Hydronix","isPartOf":{"@id":"https:\/\/webtest.hydronix.com\/it\/#website"},"primaryImageOfPage":{"@id":"https:\/\/webtest.hydronix.com\/it\/informazioni-su-hydronix\/#primaryimage"},"image":{"@id":"https:\/\/webtest.hydronix.com\/it\/informazioni-su-hydronix\/#primaryimage"},"thumbnailUrl":"https:\/\/webtest.hydronix.com\/wp-content\/uploads\/2022\/11\/about-hero.jpg","datePublished":"2022-09-12T12:44:01+00:00","dateModified":"2023-07-31T14:09:05+00:00","breadcrumb":{"@id":"https:\/\/webtest.hydronix.com\/it\/informazioni-su-hydronix\/#breadcrumb"},"inLanguage":"it-IT","potentialAction":[{"@type":"ReadAction","target":["https:\/\/webtest.hydronix.com\/it\/informazioni-su-hydronix\/"]}]},{"@type":"ImageObject","inLanguage":"it-IT","@id":"https:\/\/webtest.hydronix.com\/it\/informazioni-su-hydronix\/#primaryimage","url":"https:\/\/webtest.hydronix.com\/wp-content\/uploads\/2022\/11\/about-hero.jpg","contentUrl":"https:\/\/webtest.hydronix.com\/wp-content\/uploads\/2022\/11\/about-hero.jpg","width":1423,"height":522},{"@type":"BreadcrumbList","@id":"https:\/\/webtest.hydronix.com\/it\/informazioni-su-hydronix\/#breadcrumb","itemListElement":[{"@type":"ListItem","position":1,"name":"Home","item":"https:\/\/webtest.hydronix.com\/it\/"},{"@type":"ListItem","position":2,"name":"Informazioni su Hydronix"}]},{"@type":"WebSite","@id":"https:\/\/webtest.hydronix.com\/it\/#website","url":"https:\/\/webtest.hydronix.com\/it\/","name":"Hydronix","description":"Your partner in moisture measurement","potentialAction":[{"@type":"SearchAction","target":{"@type":"EntryPoint","urlTemplate":"https:\/\/webtest.hydronix.com\/it\/?s={search_term_string}"},"query-input":{"@type":"PropertyValueSpecification","valueRequired":true,"valueName":"search_term_string"}}],"inLanguage":"it-IT"}]}},"_links":{"self":[{"href":"https:\/\/webtest.hydronix.com\/it\/wp-json\/wp\/v2\/pages\/21830","targetHints":{"allow":["GET"]}}],"collection":[{"href":"https:\/\/webtest.hydronix.com\/it\/wp-json\/wp\/v2\/pages"}],"about":[{"href":"https:\/\/webtest.hydronix.com\/it\/wp-json\/wp\/v2\/types\/page"}],"author":[{"embeddable":true,"href":"https:\/\/webtest.hydronix.com\/it\/wp-json\/wp\/v2\/users\/1"}],"replies":[{"embeddable":true,"href":"https:\/\/webtest.hydronix.com\/it\/wp-json\/wp\/v2\/comments?post=21830"}],"version-history":[{"count":0,"href":"https:\/\/webtest.hydronix.com\/it\/wp-json\/wp\/v2\/pages\/21830\/revisions"}],"wp:featuredmedia":[{"embeddable":true,"href":"https:\/\/webtest.hydronix.com\/it\/wp-json\/wp\/v2\/media\/18283"}],"wp:attachment":[{"href":"https:\/\/webtest.hydronix.com\/it\/wp-json\/wp\/v2\/media?parent=21830"}],"wp:term":[{"taxonomy":"industries","embeddable":true,"href":"https:\/\/webtest.hydronix.com\/it\/wp-json\/wp\/v2\/industries?post=21830"},{"taxonomy":"process","embeddable":true,"href":"https:\/\/webtest.hydronix.com\/it\/wp-json\/wp\/v2\/process?post=21830"}],"curies":[{"name":"wp","href":"https:\/\/api.w.org\/{rel}","templated":true}]}}