{"id":522,"date":"2022-09-12T12:54:11","date_gmt":"2022-09-12T12:54:11","guid":{"rendered":"https:\/\/hx2.chilliservers.co.uk\/?page_id=522"},"modified":"2023-11-10T10:47:58","modified_gmt":"2023-11-10T10:47:58","slug":"alimentation-animale","status":"publish","type":"page","link":"https:\/\/webtest.hydronix.com\/fr\/industries\/alimentation-animale\/","title":{"rendered":"Alimentation pour animaux et poissons"},"content":{"rendered":"    \n<!-- hero_short -->\n<section class=\"short_hero d-flex py-5\" style=\"background-image:url(https:\/\/webtest.hydronix.com\/wp-content\/uploads\/2022\/09\/D-animal-nutrition.jpg)\">\n    <div class=\"overlay\"><\/div>\n    <div class=\"container-xl my-auto\">\n        <div class=\"row\">\n            <div class=\"col-lg-5 hero__content\">\n                <h1>Alimentation pour animaux et poissons<\/h1>\n            <\/div>\n        <\/div>\n    <\/div>\n<\/section>\n<!--section class=\"sub_page_title py-1 mb-4\">\n    <div class=\"container-xl\">\n        <p id=\"breadcrumbs\"><span><span><a href=\"https:\/\/webtest.hydronix.com\/fr\/\">Accueil<\/a><\/span><\/span><\/p>    <\/div>\n<\/section-->\n\n\n\n<div style=\"height:40px\" aria-hidden=\"true\" class=\"wp-block-spacer\"><\/div>\n\n\n    <div class=\"container-xl\">\n\t\t\n<p>La mesure de l\u2019humidit\u00e9 dans la production d\u2019aliments pour animaux et poissons est judicieuse \u00e0 plusieurs \u00e9tapes du proc\u00e9d\u00e9 de fabrication.<\/p>\n    <\/div>\n    \n\n    <div class=\"container-xl\">\n\t\t\n<p>Comme le taux d\u2019humidit\u00e9 des mati\u00e8res premi\u00e8res change constamment, les mesures en ligne sont devenues essentielles pour optimiser l\u2019efficacit\u00e9 et le contr\u00f4le de la qualit\u00e9.<\/p>\n    <\/div>\n    \n\n    <div class=\"container-xl\">\n\t\t\n<p>Il est tr\u00e8s important de pouvoir mesurer l\u2019humidit\u00e9 et apporter des ajustements au cours du proc\u00e9d\u00e9 de fabrication des aliments, \u00e0 plusieurs \u00e9tapes du cycle de production.<\/p>\n    <\/div>\n    \n\n<!-- children -->\n<section class=\"child_pages py-4 mb-4\">\n    <div class=\"container-xl\">\n                <div class=\"row g-4 justify-content-center\">\n        <div class=\"col-md-4 col-xl-3\">\n            <a class=\"child_pages__card child_pages__card--blue\" href=\"https:\/\/webtest.hydronix.com\/fr\/industries\/alimentation-animale\/aliments-pour-animaux-de-compagnie\/\">Aliments pour animaux de compagnie<\/a>\n        <\/div>\n                <div class=\"col-md-4 col-xl-3\">\n            <a class=\"child_pages__card child_pages__card--blue\" href=\"https:\/\/webtest.hydronix.com\/fr\/industries\/alimentation-animale\/alimentation-aquatique\/\">Alimentation aquatique<\/a>\n        <\/div>\n                <div class=\"col-md-4 col-xl-3\">\n            <a class=\"child_pages__card child_pages__card--blue\" href=\"https:\/\/webtest.hydronix.com\/fr\/industries\/alimentation-animale\/betterave-sucriere\/\">Betterave sucri\u00e8re<\/a>\n        <\/div>\n                <div class=\"col-md-4 col-xl-3\">\n            <a class=\"child_pages__card child_pages__card--blue\" href=\"https:\/\/webtest.hydronix.com\/fr\/industries\/alimentation-animale\/aliments-pour-animaux\/\">Aliments pour animaux<\/a>\n        <\/div>\n            <\/div>\n<\/section>","protected":false},"excerpt":{"rendered":"<p>La mesure de l\u2019humidit\u00e9 dans la production d\u2019aliments pour animaux et poissons est judicieuse \u00e0 plusieurs \u00e9tapes du proc\u00e9d\u00e9 de fabrication. Comme le taux d\u2019humidit\u00e9 des mati\u00e8res premi\u00e8res change constamment, les mesures en ligne sont devenues essentielles pour optimiser l\u2019efficacit\u00e9 et le contr\u00f4le de la qualit\u00e9. Il est tr\u00e8s important de pouvoir mesurer l\u2019humidit\u00e9 et [&#8230;]<\/p>\n<p><a class=\"btn btn-secondary understrap-read-more-link\" href=\"https:\/\/webtest.hydronix.com\/fr\/industries\/alimentation-animale\/\">Lire la suite\u2026<span class=\"screen-reader-text\"> from Alimentation pour animaux et poissons<\/span><\/a><\/p>\n","protected":false},"author":1,"featured_media":467,"parent":128,"menu_order":471,"comment_status":"closed","ping_status":"closed","template":"","meta":{"_acf_changed":false,"content-type":"","inline_featured_image":false,"footnotes":""},"industries":[],"process":[],"class_list":["post-522","page","type-page","status-publish","has-post-thumbnail","hentry"],"acf":[],"yoast_head":"<!-- This site is optimized with the Yoast SEO plugin v27.1.1 - https:\/\/yoast.com\/product\/yoast-seo-wordpress\/ -->\n<title>Alimentation pour animaux et poissons - Hydronix<\/title>\n<meta name=\"robots\" content=\"index, follow, max-snippet:-1, max-image-preview:large, max-video-preview:-1\" \/>\n<link rel=\"canonical\" href=\"https:\/\/webtest.hydronix.com\/fr\/industries\/alimentation-animale\/\" \/>\n<meta property=\"og:locale\" content=\"fr_FR\" \/>\n<meta property=\"og:type\" content=\"article\" \/>\n<meta property=\"og:title\" content=\"Alimentation pour animaux et poissons - Hydronix\" \/>\n<meta property=\"og:description\" content=\"La mesure de l\u2019humidit\u00e9 dans la production d\u2019aliments pour animaux et poissons est judicieuse \u00e0 plusieurs \u00e9tapes du proc\u00e9d\u00e9 de fabrication. Comme le taux d\u2019humidit\u00e9 des mati\u00e8res premi\u00e8res change constamment, les mesures en ligne sont devenues essentielles pour optimiser l\u2019efficacit\u00e9 et le contr\u00f4le de la qualit\u00e9. Il est tr\u00e8s important de pouvoir mesurer l\u2019humidit\u00e9 et [...]Lire la suite\u2026 from Alimentation pour animaux et poissons\" \/>\n<meta property=\"og:url\" content=\"https:\/\/webtest.hydronix.com\/fr\/industries\/alimentation-animale\/\" \/>\n<meta property=\"og:site_name\" content=\"Hydronix\" \/>\n<meta property=\"article:modified_time\" content=\"2023-11-10T10:47:58+00:00\" \/>\n<meta property=\"og:image\" content=\"https:\/\/webtest.hydronix.com\/wp-content\/uploads\/2022\/09\/D-animal-nutrition.jpg\" \/>\n\t<meta property=\"og:image:width\" content=\"2000\" \/>\n\t<meta property=\"og:image:height\" content=\"400\" \/>\n\t<meta property=\"og:image:type\" content=\"image\/jpeg\" \/>\n<meta name=\"twitter:card\" content=\"summary_large_image\" \/>\n<meta name=\"twitter:label1\" content=\"Dur\u00e9e de lecture estim\u00e9e\" \/>\n\t<meta name=\"twitter:data1\" content=\"1 minute\" \/>\n<script type=\"application\/ld+json\" class=\"yoast-schema-graph\">{\"@context\":\"https:\/\/schema.org\",\"@graph\":[{\"@type\":\"WebPage\",\"@id\":\"https:\/\/webtest.hydronix.com\/fr\/industries\/alimentation-animale\/\",\"url\":\"https:\/\/webtest.hydronix.com\/fr\/industries\/alimentation-animale\/\",\"name\":\"Alimentation pour animaux et poissons - Hydronix\",\"isPartOf\":{\"@id\":\"https:\/\/webtest.hydronix.com\/fr\/#website\"},\"primaryImageOfPage\":{\"@id\":\"https:\/\/webtest.hydronix.com\/fr\/industries\/alimentation-animale\/#primaryimage\"},\"image\":{\"@id\":\"https:\/\/webtest.hydronix.com\/fr\/industries\/alimentation-animale\/#primaryimage\"},\"thumbnailUrl\":\"https:\/\/webtest.hydronix.com\/wp-content\/uploads\/2022\/09\/D-animal-nutrition.jpg\",\"datePublished\":\"2022-09-12T12:54:11+00:00\",\"dateModified\":\"2023-11-10T10:47:58+00:00\",\"breadcrumb\":{\"@id\":\"https:\/\/webtest.hydronix.com\/fr\/industries\/alimentation-animale\/#breadcrumb\"},\"inLanguage\":\"fr-FR\",\"potentialAction\":[{\"@type\":\"ReadAction\",\"target\":[\"https:\/\/webtest.hydronix.com\/fr\/industries\/alimentation-animale\/\"]}]},{\"@type\":\"ImageObject\",\"inLanguage\":\"fr-FR\",\"@id\":\"https:\/\/webtest.hydronix.com\/fr\/industries\/alimentation-animale\/#primaryimage\",\"url\":\"https:\/\/webtest.hydronix.com\/wp-content\/uploads\/2022\/09\/D-animal-nutrition.jpg\",\"contentUrl\":\"https:\/\/webtest.hydronix.com\/wp-content\/uploads\/2022\/09\/D-animal-nutrition.jpg\",\"width\":2000,\"height\":400},{\"@type\":\"BreadcrumbList\",\"@id\":\"https:\/\/webtest.hydronix.com\/fr\/industries\/alimentation-animale\/#breadcrumb\",\"itemListElement\":[{\"@type\":\"ListItem\",\"position\":1,\"name\":\"Accueil\",\"item\":\"https:\/\/webtest.hydronix.com\/fr\/\"},{\"@type\":\"ListItem\",\"position\":2,\"name\":\"Industries\",\"item\":\"https:\/\/webtest.hydronix.com\/fr\/industries\/\"},{\"@type\":\"ListItem\",\"position\":3,\"name\":\"Alimentation pour animaux et poissons\"}]},{\"@type\":\"WebSite\",\"@id\":\"https:\/\/webtest.hydronix.com\/fr\/#website\",\"url\":\"https:\/\/webtest.hydronix.com\/fr\/\",\"name\":\"Hydronix\",\"description\":\"Your partner in moisture measurement\",\"potentialAction\":[{\"@type\":\"SearchAction\",\"target\":{\"@type\":\"EntryPoint\",\"urlTemplate\":\"https:\/\/webtest.hydronix.com\/fr\/?s={search_term_string}\"},\"query-input\":{\"@type\":\"PropertyValueSpecification\",\"valueRequired\":true,\"valueName\":\"search_term_string\"}}],\"inLanguage\":\"fr-FR\"}]}<\/script>\n<!-- \/ Yoast SEO plugin. -->","yoast_head_json":{"title":"Alimentation pour animaux et poissons - Hydronix","robots":{"index":"index","follow":"follow","max-snippet":"max-snippet:-1","max-image-preview":"max-image-preview:large","max-video-preview":"max-video-preview:-1"},"canonical":"https:\/\/webtest.hydronix.com\/fr\/industries\/alimentation-animale\/","og_locale":"fr_FR","og_type":"article","og_title":"Alimentation pour animaux et poissons - Hydronix","og_description":"La mesure de l\u2019humidit\u00e9 dans la production d\u2019aliments pour animaux et poissons est judicieuse \u00e0 plusieurs \u00e9tapes du proc\u00e9d\u00e9 de fabrication. Comme le taux d\u2019humidit\u00e9 des mati\u00e8res premi\u00e8res change constamment, les mesures en ligne sont devenues essentielles pour optimiser l\u2019efficacit\u00e9 et le contr\u00f4le de la qualit\u00e9. Il est tr\u00e8s important de pouvoir mesurer l\u2019humidit\u00e9 et [...]Lire la suite\u2026 from Alimentation pour animaux et poissons","og_url":"https:\/\/webtest.hydronix.com\/fr\/industries\/alimentation-animale\/","og_site_name":"Hydronix","article_modified_time":"2023-11-10T10:47:58+00:00","og_image":[{"width":2000,"height":400,"url":"https:\/\/webtest.hydronix.com\/wp-content\/uploads\/2022\/09\/D-animal-nutrition.jpg","type":"image\/jpeg"}],"twitter_card":"summary_large_image","twitter_misc":{"Dur\u00e9e de lecture estim\u00e9e":"1 minute"},"schema":{"@context":"https:\/\/schema.org","@graph":[{"@type":"WebPage","@id":"https:\/\/webtest.hydronix.com\/fr\/industries\/alimentation-animale\/","url":"https:\/\/webtest.hydronix.com\/fr\/industries\/alimentation-animale\/","name":"Alimentation pour animaux et poissons - Hydronix","isPartOf":{"@id":"https:\/\/webtest.hydronix.com\/fr\/#website"},"primaryImageOfPage":{"@id":"https:\/\/webtest.hydronix.com\/fr\/industries\/alimentation-animale\/#primaryimage"},"image":{"@id":"https:\/\/webtest.hydronix.com\/fr\/industries\/alimentation-animale\/#primaryimage"},"thumbnailUrl":"https:\/\/webtest.hydronix.com\/wp-content\/uploads\/2022\/09\/D-animal-nutrition.jpg","datePublished":"2022-09-12T12:54:11+00:00","dateModified":"2023-11-10T10:47:58+00:00","breadcrumb":{"@id":"https:\/\/webtest.hydronix.com\/fr\/industries\/alimentation-animale\/#breadcrumb"},"inLanguage":"fr-FR","potentialAction":[{"@type":"ReadAction","target":["https:\/\/webtest.hydronix.com\/fr\/industries\/alimentation-animale\/"]}]},{"@type":"ImageObject","inLanguage":"fr-FR","@id":"https:\/\/webtest.hydronix.com\/fr\/industries\/alimentation-animale\/#primaryimage","url":"https:\/\/webtest.hydronix.com\/wp-content\/uploads\/2022\/09\/D-animal-nutrition.jpg","contentUrl":"https:\/\/webtest.hydronix.com\/wp-content\/uploads\/2022\/09\/D-animal-nutrition.jpg","width":2000,"height":400},{"@type":"BreadcrumbList","@id":"https:\/\/webtest.hydronix.com\/fr\/industries\/alimentation-animale\/#breadcrumb","itemListElement":[{"@type":"ListItem","position":1,"name":"Accueil","item":"https:\/\/webtest.hydronix.com\/fr\/"},{"@type":"ListItem","position":2,"name":"Industries","item":"https:\/\/webtest.hydronix.com\/fr\/industries\/"},{"@type":"ListItem","position":3,"name":"Alimentation pour animaux et poissons"}]},{"@type":"WebSite","@id":"https:\/\/webtest.hydronix.com\/fr\/#website","url":"https:\/\/webtest.hydronix.com\/fr\/","name":"Hydronix","description":"Your partner in moisture measurement","potentialAction":[{"@type":"SearchAction","target":{"@type":"EntryPoint","urlTemplate":"https:\/\/webtest.hydronix.com\/fr\/?s={search_term_string}"},"query-input":{"@type":"PropertyValueSpecification","valueRequired":true,"valueName":"search_term_string"}}],"inLanguage":"fr-FR"}]}},"_links":{"self":[{"href":"https:\/\/webtest.hydronix.com\/fr\/wp-json\/wp\/v2\/pages\/522","targetHints":{"allow":["GET"]}}],"collection":[{"href":"https:\/\/webtest.hydronix.com\/fr\/wp-json\/wp\/v2\/pages"}],"about":[{"href":"https:\/\/webtest.hydronix.com\/fr\/wp-json\/wp\/v2\/types\/page"}],"author":[{"embeddable":true,"href":"https:\/\/webtest.hydronix.com\/fr\/wp-json\/wp\/v2\/users\/1"}],"replies":[{"embeddable":true,"href":"https:\/\/webtest.hydronix.com\/fr\/wp-json\/wp\/v2\/comments?post=522"}],"version-history":[{"count":0,"href":"https:\/\/webtest.hydronix.com\/fr\/wp-json\/wp\/v2\/pages\/522\/revisions"}],"up":[{"embeddable":true,"href":"https:\/\/webtest.hydronix.com\/fr\/wp-json\/wp\/v2\/pages\/128"}],"wp:featuredmedia":[{"embeddable":true,"href":"https:\/\/webtest.hydronix.com\/fr\/wp-json\/wp\/v2\/media\/467"}],"wp:attachment":[{"href":"https:\/\/webtest.hydronix.com\/fr\/wp-json\/wp\/v2\/media?parent=522"}],"wp:term":[{"taxonomy":"industries","embeddable":true,"href":"https:\/\/webtest.hydronix.com\/fr\/wp-json\/wp\/v2\/industries?post=522"},{"taxonomy":"process","embeddable":true,"href":"https:\/\/webtest.hydronix.com\/fr\/wp-json\/wp\/v2\/process?post=522"}],"curies":[{"name":"wp","href":"https:\/\/api.w.org\/{rel}","templated":true}]}}