{"id":36891,"date":"2024-06-27T12:29:56","date_gmt":"2024-06-27T12:29:56","guid":{"rendered":"https:\/\/www.hydronix.com\/?page_id=36891"},"modified":"2024-08-01T09:31:22","modified_gmt":"2024-08-01T09:31:22","slug":"transport","status":"publish","type":"page","link":"https:\/\/webtest.hydronix.com\/fr\/procedes\/transport\/","title":{"rendered":"Transport"},"content":{"rendered":"<!-- icon_hero -->\n<section class=\"application_hero d-flex py-5\" style=\"background-image:url(https:\/\/webtest.hydronix.com\/wp-content\/uploads\/2024\/06\/shutterstock_237863170-conveying-small.jpg)\">\n    <div class=\"overlay\"><\/div>\n    <div class=\"container my-auto\">\n        <div class=\"row\">\n            <div class=\"col-lg-2\"><img decoding=\"async\" src=\"https:\/\/webtest.hydronix.com\/wp-content\/themes\/cb-hydronix\/img\/icons\/icon__conveying--wo.svg\" class=\"w-50 w-lg-100\"><\/div>\n            <div class=\"col-lg-10 d-flex hero__content\"><h1 class=\"my-auto text-white\">Transport<\/h1><\/div>\n        <\/div>\n    <\/div>\n<\/section>\n<section class=\"sub_page_title py-1 mb-4\">\n    <div class=\"container-xl\">\n        <p id=\"breadcrumbs\"><span><span><a href=\"https:\/\/webtest.hydronix.com\/fr\/\">Accueil<\/a><\/span><\/span><\/p>    <\/div>\n<\/section>\n\n\n<!-- process_overview -->\n<section class=\"process_overview mb-4\">\n    <div class=\"container-xl\">\n        <div class=\"row g-4\">\n            <div class=\"col-md-6\">\n                <h2 class=\"fs-3 mb-4\">Vue d\u2019ensemble<\/h2>\n                <p>La mesure de l&rsquo;humidit\u00e9 est importante lorsque les mati\u00e8res sont transport\u00e9es entre les diff\u00e9rentes \u00e9tapes de traitement d&rsquo;une usine. Les sondes peuvent \u00eatre utilis\u00e9es dans les convoyeurs, les conduits\/goulottes, les m\u00e9langeurs, les tr\u00e9mies et les sorties de silos. Les syst\u00e8mes de contr\u00f4le peuvent utiliser les mesures en tant que variables de processus pour diverses boucles de contr\u00f4le et pour la surveillance des performances de l&rsquo;usine. Le personnel charg\u00e9 de l&rsquo;assurance qualit\u00e9 peut utiliser la valeur d&rsquo;humidit\u00e9 pour consigner l&rsquo;humidit\u00e9 du produit aux points critiques du processus. Cela permet d&rsquo;obtenir des rendements plus \u00e9lev\u00e9s, de r\u00e9duire les d\u00e9chets issus des produits et de limiter la consommation d&rsquo;\u00e9nergie.<\/p>\n            <\/div>\n            <div class=\"col-md-6\">\n                <h2 class=\"fs-3 mb-4\">Avantages<\/h2>\n                <div class=\"process_benefits mb-4\">\n                    <div class=\"card\">\n                    <ul class=\"mb-0\"><li>Contr\u00f4ler les mati\u00e8res premi\u00e8res<\/li><li>R\u00e9duire la variabilit\u00e9 de sortie<\/li><li>Am\u00e9liorer le rendement<\/li><li>Diminuer la consommation d&rsquo;\u00e9nergie et les \u00e9missions<\/li><\/ul>                    <\/div>\n                <\/div>\n                <h2 class=\"fs-3 mb-4\">Points d\u2019installation<\/h2>\n                <div class=\"row g-4 justify-content-center installation_points installations\">\n                    <div class=\"col-sm-4 text-center\">\n                                                <div class=\"card inactive\">\n                            <img decoding=\"async\" src=\"https:\/\/webtest.hydronix.com\/wp-content\/themes\/cb-hydronix\/img\/icon--input-inactive.svg\" alt=\"\">\n                                Entr\u00e9e                        <\/div>\n                    <\/div>\n                    <div class=\"col-sm-4 text-center\">\n                                                <div class=\"card\">\n                            <img decoding=\"async\" src=\"https:\/\/webtest.hydronix.com\/wp-content\/themes\/cb-hydronix\/img\/icon--in-process.svg\" alt=\"\">\n                                Dans le proc\u00e9d\u00e9                        <\/div>\n                    <\/div>\n                    <div class=\"col-sm-4 text-center\">\n                                                <div class=\"card inactive\">\n                            <img decoding=\"async\" src=\"https:\/\/webtest.hydronix.com\/wp-content\/themes\/cb-hydronix\/img\/icon--output-inactive.svg\" alt=\"\">\n                                Sortie                        <\/div>\n                    <\/div>\n                <\/div>\n            <\/div>\n        <\/div>\n    <\/div>\n<\/section>\n\n\n<div style=\"height:2rem\" aria-hidden=\"true\" class=\"wp-block-spacer\"><\/div>\n\n\n<!-- application_icons -->\n<section class=\"bg--blue-100  py-4\">\n<div class=\"container py-4\">\n    <h2 class=\"fs-4 text-center mb-4\">Applications typiques<\/h2>\n    <div class=\"applications row g-4\">\n                <div class=\"col-sm-4 col-lg-2 applications__card active\">\n            <a href=\"\/fr\/mesurer\/atmosphere-explosive\/\">\n                <img decoding=\"async\" src=\"https:\/\/webtest.hydronix.com\/wp-content\/themes\/cb-hydronix\/img\/icons\/icon__explosive-atmosphere--blue.svg\" alt=\"X --blue\">\n                <div class=\"applications__title\">Atmosph\u00e8re Explosive<\/div>\n            <\/a>\n        <\/div>\n                    <div class=\"col-sm-4 col-lg-2 applications__card active\">\n            <a href=\"\/fr\/mesurer\/beton-et-construction\/\">\n                <img decoding=\"async\" src=\"https:\/\/webtest.hydronix.com\/wp-content\/themes\/cb-hydronix\/img\/icons\/icon__concrete-construction--blue.svg\" alt=\"X --blue\">\n                <div class=\"applications__title\">B\u00e9ton et Construction<\/div>\n            <\/a>\n        <\/div>\n                    <div class=\"col-sm-4 col-lg-2 applications__card active\">\n            <a href=\"\/fr\/mesurer\/grains-et-solides-en-vrac\/\">\n                <img decoding=\"async\" src=\"https:\/\/webtest.hydronix.com\/wp-content\/themes\/cb-hydronix\/img\/icons\/icon__grain-bulk-solids--blue.svg\" alt=\"X --blue\">\n                <div class=\"applications__title\">Grains et Solides en Vrac<\/div>\n            <\/a>\n        <\/div>\n                    <div class=\"col-sm-4 col-lg-2 applications__card active\">\n            <a href=\"\/fr\/mesurer\/haute-temperature\/\">\n                <img decoding=\"async\" src=\"https:\/\/webtest.hydronix.com\/wp-content\/themes\/cb-hydronix\/img\/icons\/icon__high-temperature--blue.svg\" alt=\"X --blue\">\n                <div class=\"applications__title\">Haute Temp\u00e9rature<\/div>\n            <\/a>\n        <\/div>\n                    <div class=\"col-sm-4 col-lg-2 applications__card active\">\n            <a href=\"\/fr\/mesurer\/liquides\/\">\n                <img decoding=\"async\" src=\"https:\/\/webtest.hydronix.com\/wp-content\/themes\/cb-hydronix\/img\/icons\/icon__liquids--blue.svg\" alt=\"X --blue\">\n                <div class=\"applications__title\">Liquides<\/div>\n            <\/a>\n        <\/div>\n                    <div class=\"col-sm-4 col-lg-2 applications__card active\">\n            <a href=\"\/fr\/mesurer\/securite-alimentaire\/\">\n                <img decoding=\"async\" src=\"https:\/\/webtest.hydronix.com\/wp-content\/themes\/cb-hydronix\/img\/icons\/icon__food-safe--blue.svg\" alt=\"X --blue\">\n                <div class=\"applications__title\">S\u00e9curit\u00e9 Alimentaire<\/div>\n            <\/a>\n        <\/div>\n                <\/div>\n<\/div>\n<\/section>\n\n\n<div style=\"height:2rem\" aria-hidden=\"true\" class=\"wp-block-spacer\"><\/div>\n\n\n<!-- products_by_process -->\n<section class=\"prod_by_app products pb-5\">\n    <div class=\"container-xl\">\n        <h2>Produits associ\u00e9s<\/h2>\n        <div class=\"row g-3\">\n\n    <div class=\"col-sm-6 col-lg-3\">\n        <a class=\"product__card\" href=\"https:\/\/webtest.hydronix.com\/fr\/produits\/hydro-mix\/\">\n        <img decoding=\"async\" src=\"https:\/\/webtest.hydronix.com\/wp-content\/uploads\/2022\/10\/hm08-hero-300x169.png\">\n            <div class=\"mb-2 fw-bold\">Hydro-Mix<\/div>\n            <div class=\"mb-2 product__subtitle\">Sonde d&rsquo;humidit\u00e9\u00a0: montage en affleurement pour les malaxeurs et les convoyeurs<\/div>\n            <div class=\"badges\">\n                            <\/div>        <\/a>\n    <\/div>\n        <div class=\"col-sm-6 col-lg-3\">\n        <a class=\"product__card\" href=\"https:\/\/webtest.hydronix.com\/fr\/produits\/hydro-probe\/\">\n        <img decoding=\"async\" src=\"https:\/\/webtest.hydronix.com\/wp-content\/uploads\/2022\/09\/HP02-300x192.png\">\n            <div class=\"mb-2 fw-bold\">Hydro-Probe<\/div>\n            <div class=\"mb-2 product__subtitle\">Sonde d&rsquo;humidit\u00e9\u00a0: pour les tr\u00e9mies et les goulottes<\/div>\n            <div class=\"badges\">\n                            <\/div>        <\/a>\n    <\/div>\n        <div class=\"col-sm-6 col-lg-3\">\n        <a class=\"product__card\" href=\"https:\/\/webtest.hydronix.com\/fr\/produits\/hydro-probe-orbiter\/\">\n        <img decoding=\"async\" src=\"https:\/\/webtest.hydronix.com\/wp-content\/uploads\/2022\/11\/orb3-flat-front-300x169.png\">\n            <div class=\"mb-2 fw-bold\">Hydro-Probe Orbiter<\/div>\n            <div class=\"mb-2 product__subtitle\">Sonde d&rsquo;humidit\u00e9\u00a0: pour les malaxeurs \u00e0 arbres verticaux rotatifs<\/div>\n            <div class=\"badges\">\n                                        <div class=\"badge badge--high-temp\"><\/div>\n                                    <\/div>        <\/a>\n    <\/div>\n        <div class=\"col-sm-6 col-lg-3\">\n        <a class=\"product__card\" href=\"https:\/\/webtest.hydronix.com\/fr\/produits\/hydro-mix-xt-ex\/\">\n        <img decoding=\"async\" src=\"https:\/\/webtest.hydronix.com\/wp-content\/uploads\/2022\/11\/hmxtex-front-right-persp-300x169.png\">\n            <div class=\"mb-2 fw-bold\">Hydro-Mix XT-EX<\/div>\n            <div class=\"mb-2 product__subtitle\">Sonde d&rsquo;humidit\u00e9\u00a0: montage en affleurement. Temp\u00e9ratures de processus jusqu&rsquo;\u00e0 60\u00a0\u00b0C (zone\u00a020\/21)<\/div>\n            <div class=\"badges\">\n                                        <div class=\"badge badge--atex\"><\/div>\n                        <div class=\"badge badge--etl\"><\/div>\n                                    <\/div>        <\/a>\n    <\/div>\n        <div class=\"col-sm-6 col-lg-3\">\n        <a class=\"product__card\" href=\"https:\/\/webtest.hydronix.com\/fr\/produits\/hydro-mix-ht\/\">\n        <img decoding=\"async\" src=\"https:\/\/webtest.hydronix.com\/wp-content\/uploads\/2022\/11\/hmht01-front-persp-300x169.png\">\n            <div class=\"mb-2 fw-bold\">Hydro-Mix HT<\/div>\n            <div class=\"mb-2 product__subtitle\">Sonde d&rsquo;humidit\u00e9\u00a0: plage de temp\u00e9ratures de processus jusqu&rsquo;\u00e0 120\u00a0\u00b0C<\/div>\n            <div class=\"badges\">\n                                        <div class=\"badge badge--high-temp\"><\/div>\n                                    <\/div>        <\/a>\n    <\/div>\n        <div class=\"col-sm-6 col-lg-3\">\n        <a class=\"product__card\" href=\"https:\/\/webtest.hydronix.com\/fr\/produits\/hydro-mix-ht-ex\/\">\n        <img decoding=\"async\" src=\"https:\/\/webtest.hydronix.com\/wp-content\/uploads\/2022\/10\/hmhtex-left-persp-300x169.png\">\n            <div class=\"mb-2 fw-bold\">Hydro-Mix HT-EX<\/div>\n            <div class=\"mb-2 product__subtitle\">Sonde d&rsquo;humidit\u00e9\u00a0: montage en affleurement. Temp\u00e9ratures de processus jusqu&rsquo;\u00e0 120\u00a0\u00b0C (zone\u00a020)<\/div>\n            <div class=\"badges\">\n                                        <div class=\"badge badge--atex\"><\/div>\n                        <div class=\"badge badge--etl\"><\/div>\n                                                <div class=\"badge badge--high-temp\"><\/div>\n                                    <\/div>        <\/a>\n    <\/div>\n        <div class=\"col-sm-6 col-lg-3\">\n        <a class=\"product__card\" href=\"https:\/\/webtest.hydronix.com\/fr\/produits\/hydro-mix-xt\/\">\n        <img decoding=\"async\" src=\"https:\/\/webtest.hydronix.com\/wp-content\/uploads\/2022\/09\/HMXTFS-300x169.png\">\n            <div class=\"mb-2 fw-bold\">Hydro-Mix XT<\/div>\n            <div class=\"mb-2 product__subtitle\">Sonde d&rsquo;humidit\u00e9\u00a0: montage en affleurement pour les malaxeurs et les convoyeurs<\/div>\n            <div class=\"badges\">\n                            <\/div>        <\/a>\n    <\/div>\n        <div class=\"col-sm-6 col-lg-3\">\n        <a class=\"product__card\" href=\"https:\/\/webtest.hydronix.com\/fr\/produits\/hydro-mix-xt-fs\/\">\n        <img decoding=\"async\" src=\"https:\/\/webtest.hydronix.com\/wp-content\/uploads\/2022\/09\/hmxtfs-front-300x169.png\">\n            <div class=\"mb-2 fw-bold\">Hydro-Mix XT-FS<\/div>\n            <div class=\"mb-2 product__subtitle\">Sonde d&rsquo;humidit\u00e9\u00a0: montage en affleurement de qualit\u00e9 alimentaire pour les malaxeurs et les convoyeurs<\/div>\n            <div class=\"badges\">\n                                        <div class=\"badge badge--food-safe\"><\/div>\n                                    <\/div>        <\/a>\n    <\/div>\n        <div class=\"col-sm-6 col-lg-3\">\n        <a class=\"product__card\" href=\"https:\/\/webtest.hydronix.com\/fr\/produits\/hydro-probe-xt\/\">\n        <img decoding=\"async\" src=\"https:\/\/webtest.hydronix.com\/wp-content\/uploads\/2023\/03\/HDX_HPXT_PerspL_5617transp_1600px-300x151.png\">\n            <div class=\"mb-2 fw-bold\">Hydro-Probe XT<\/div>\n            <div class=\"mb-2 product__subtitle\">Sonde d&rsquo;humidit\u00e9\u00a0: pour les tr\u00e9mies, les goulottes et les convoyeurs \u00e0 bande<\/div>\n            <div class=\"badges\">\n                            <\/div>        <\/a>\n    <\/div>\n        <div class=\"col-sm-6 col-lg-3\">\n        <a class=\"product__card\" href=\"https:\/\/webtest.hydronix.com\/fr\/produits\/hydro-probe-bx\/\">\n        <img decoding=\"async\" src=\"https:\/\/webtest.hydronix.com\/wp-content\/uploads\/2023\/06\/HDX_HPBX_PerspR_5679transp-1-e1700571312481-300x130.png\">\n            <div class=\"mb-2 fw-bold\">Hydro-Probe BX<\/div>\n            <div class=\"mb-2 product__subtitle\">Sonde de mesure du degr\u00e9 Brix, de l&rsquo;humidit\u00e9 et du niveau de solides dissous\u00a0: montage dans des r\u00e9cipients sous pression<\/div>\n            <div class=\"badges\">\n                            <\/div>        <\/a>\n    <\/div>\n            <\/div>\n    <\/div>\n<\/section>","protected":false},"excerpt":{"rendered":"<p> [&#8230;]<\/p>\n<p><a class=\"btn btn-secondary understrap-read-more-link\" href=\"https:\/\/webtest.hydronix.com\/fr\/procedes\/transport\/\">Lire la suite\u2026<span class=\"screen-reader-text\"> from Transport<\/span><\/a><\/p>\n","protected":false},"author":4,"featured_media":0,"parent":165,"menu_order":636,"comment_status":"closed","ping_status":"closed","template":"","meta":{"_acf_changed":false,"content-type":"","inline_featured_image":false,"footnotes":""},"industries":[],"process":[],"class_list":["post-36891","page","type-page","status-publish","hentry"],"acf":[],"yoast_head":"<!-- This site is optimized with the Yoast SEO plugin v27.1.1 - https:\/\/yoast.com\/product\/yoast-seo-wordpress\/ -->\n<title>Sondes de mesure d&#039;humidit\u00e9 Hydronix au processus de transport<\/title>\n<meta name=\"description\" content=\"Dans le cadre du processus de transport, la mesure pr\u00e9cise de l&#039;humidit\u00e9 permet de contr\u00f4ler les mati\u00e8res premi\u00e8res et de r\u00e9duire la variabilit\u00e9 de l&#039;humidit\u00e9.\" \/>\n<meta name=\"robots\" content=\"index, follow, max-snippet:-1, max-image-preview:large, max-video-preview:-1\" \/>\n<link rel=\"canonical\" href=\"https:\/\/webtest.hydronix.com\/fr\/procedes\/transport\/\" \/>\n<meta property=\"og:locale\" content=\"fr_FR\" \/>\n<meta property=\"og:type\" content=\"article\" \/>\n<meta property=\"og:title\" content=\"Sondes de mesure d&#039;humidit\u00e9 Hydronix au processus de transport\" \/>\n<meta property=\"og:description\" content=\"Dans le cadre du processus de transport, la mesure pr\u00e9cise de l&#039;humidit\u00e9 permet de contr\u00f4ler les mati\u00e8res premi\u00e8res et de r\u00e9duire la variabilit\u00e9 de l&#039;humidit\u00e9.\" \/>\n<meta property=\"og:url\" content=\"https:\/\/webtest.hydronix.com\/fr\/procedes\/transport\/\" \/>\n<meta property=\"og:site_name\" content=\"Hydronix\" \/>\n<meta property=\"article:modified_time\" content=\"2024-08-01T09:31:22+00:00\" \/>\n<meta name=\"twitter:card\" content=\"summary_large_image\" \/>\n<script type=\"application\/ld+json\" class=\"yoast-schema-graph\">{\"@context\":\"https:\/\/schema.org\",\"@graph\":[{\"@type\":\"WebPage\",\"@id\":\"https:\/\/webtest.hydronix.com\/fr\/procedes\/transport\/\",\"url\":\"https:\/\/webtest.hydronix.com\/fr\/procedes\/transport\/\",\"name\":\"Sondes de mesure d'humidit\u00e9 Hydronix au processus de transport\",\"isPartOf\":{\"@id\":\"https:\/\/webtest.hydronix.com\/fr\/#website\"},\"datePublished\":\"2024-06-27T12:29:56+00:00\",\"dateModified\":\"2024-08-01T09:31:22+00:00\",\"description\":\"Dans le cadre du processus de transport, la mesure pr\u00e9cise de l'humidit\u00e9 permet de contr\u00f4ler les mati\u00e8res premi\u00e8res et de r\u00e9duire la variabilit\u00e9 de l'humidit\u00e9.\",\"breadcrumb\":{\"@id\":\"https:\/\/webtest.hydronix.com\/fr\/procedes\/transport\/#breadcrumb\"},\"inLanguage\":\"fr-FR\",\"potentialAction\":[{\"@type\":\"ReadAction\",\"target\":[\"https:\/\/webtest.hydronix.com\/fr\/procedes\/transport\/\"]}]},{\"@type\":\"BreadcrumbList\",\"@id\":\"https:\/\/webtest.hydronix.com\/fr\/procedes\/transport\/#breadcrumb\",\"itemListElement\":[{\"@type\":\"ListItem\",\"position\":1,\"name\":\"Accueil\",\"item\":\"https:\/\/webtest.hydronix.com\/fr\/\"},{\"@type\":\"ListItem\",\"position\":2,\"name\":\"Proc\u00e9d\u00e9s\",\"item\":\"https:\/\/webtest.hydronix.com\/fr\/procedes\/\"},{\"@type\":\"ListItem\",\"position\":3,\"name\":\"Transport\"}]},{\"@type\":\"WebSite\",\"@id\":\"https:\/\/webtest.hydronix.com\/fr\/#website\",\"url\":\"https:\/\/webtest.hydronix.com\/fr\/\",\"name\":\"Hydronix\",\"description\":\"Your partner in moisture measurement\",\"potentialAction\":[{\"@type\":\"SearchAction\",\"target\":{\"@type\":\"EntryPoint\",\"urlTemplate\":\"https:\/\/webtest.hydronix.com\/fr\/?s={search_term_string}\"},\"query-input\":{\"@type\":\"PropertyValueSpecification\",\"valueRequired\":true,\"valueName\":\"search_term_string\"}}],\"inLanguage\":\"fr-FR\"}]}<\/script>\n<!-- \/ Yoast SEO plugin. -->","yoast_head_json":{"title":"Sondes de mesure d'humidit\u00e9 Hydronix au processus de transport","description":"Dans le cadre du processus de transport, la mesure pr\u00e9cise de l'humidit\u00e9 permet de contr\u00f4ler les mati\u00e8res premi\u00e8res et de r\u00e9duire la variabilit\u00e9 de l'humidit\u00e9.","robots":{"index":"index","follow":"follow","max-snippet":"max-snippet:-1","max-image-preview":"max-image-preview:large","max-video-preview":"max-video-preview:-1"},"canonical":"https:\/\/webtest.hydronix.com\/fr\/procedes\/transport\/","og_locale":"fr_FR","og_type":"article","og_title":"Sondes de mesure d'humidit\u00e9 Hydronix au processus de transport","og_description":"Dans le cadre du processus de transport, la mesure pr\u00e9cise de l'humidit\u00e9 permet de contr\u00f4ler les mati\u00e8res premi\u00e8res et de r\u00e9duire la variabilit\u00e9 de l'humidit\u00e9.","og_url":"https:\/\/webtest.hydronix.com\/fr\/procedes\/transport\/","og_site_name":"Hydronix","article_modified_time":"2024-08-01T09:31:22+00:00","twitter_card":"summary_large_image","schema":{"@context":"https:\/\/schema.org","@graph":[{"@type":"WebPage","@id":"https:\/\/webtest.hydronix.com\/fr\/procedes\/transport\/","url":"https:\/\/webtest.hydronix.com\/fr\/procedes\/transport\/","name":"Sondes de mesure d'humidit\u00e9 Hydronix au processus de transport","isPartOf":{"@id":"https:\/\/webtest.hydronix.com\/fr\/#website"},"datePublished":"2024-06-27T12:29:56+00:00","dateModified":"2024-08-01T09:31:22+00:00","description":"Dans le cadre du processus de transport, la mesure pr\u00e9cise de l'humidit\u00e9 permet de contr\u00f4ler les mati\u00e8res premi\u00e8res et de r\u00e9duire la variabilit\u00e9 de l'humidit\u00e9.","breadcrumb":{"@id":"https:\/\/webtest.hydronix.com\/fr\/procedes\/transport\/#breadcrumb"},"inLanguage":"fr-FR","potentialAction":[{"@type":"ReadAction","target":["https:\/\/webtest.hydronix.com\/fr\/procedes\/transport\/"]}]},{"@type":"BreadcrumbList","@id":"https:\/\/webtest.hydronix.com\/fr\/procedes\/transport\/#breadcrumb","itemListElement":[{"@type":"ListItem","position":1,"name":"Accueil","item":"https:\/\/webtest.hydronix.com\/fr\/"},{"@type":"ListItem","position":2,"name":"Proc\u00e9d\u00e9s","item":"https:\/\/webtest.hydronix.com\/fr\/procedes\/"},{"@type":"ListItem","position":3,"name":"Transport"}]},{"@type":"WebSite","@id":"https:\/\/webtest.hydronix.com\/fr\/#website","url":"https:\/\/webtest.hydronix.com\/fr\/","name":"Hydronix","description":"Your partner in moisture measurement","potentialAction":[{"@type":"SearchAction","target":{"@type":"EntryPoint","urlTemplate":"https:\/\/webtest.hydronix.com\/fr\/?s={search_term_string}"},"query-input":{"@type":"PropertyValueSpecification","valueRequired":true,"valueName":"search_term_string"}}],"inLanguage":"fr-FR"}]}},"_links":{"self":[{"href":"https:\/\/webtest.hydronix.com\/fr\/wp-json\/wp\/v2\/pages\/36891","targetHints":{"allow":["GET"]}}],"collection":[{"href":"https:\/\/webtest.hydronix.com\/fr\/wp-json\/wp\/v2\/pages"}],"about":[{"href":"https:\/\/webtest.hydronix.com\/fr\/wp-json\/wp\/v2\/types\/page"}],"author":[{"embeddable":true,"href":"https:\/\/webtest.hydronix.com\/fr\/wp-json\/wp\/v2\/users\/4"}],"replies":[{"embeddable":true,"href":"https:\/\/webtest.hydronix.com\/fr\/wp-json\/wp\/v2\/comments?post=36891"}],"version-history":[{"count":6,"href":"https:\/\/webtest.hydronix.com\/fr\/wp-json\/wp\/v2\/pages\/36891\/revisions"}],"predecessor-version":[{"id":37550,"href":"https:\/\/webtest.hydronix.com\/fr\/wp-json\/wp\/v2\/pages\/36891\/revisions\/37550"}],"up":[{"embeddable":true,"href":"https:\/\/webtest.hydronix.com\/fr\/wp-json\/wp\/v2\/pages\/165"}],"wp:attachment":[{"href":"https:\/\/webtest.hydronix.com\/fr\/wp-json\/wp\/v2\/media?parent=36891"}],"wp:term":[{"taxonomy":"industries","embeddable":true,"href":"https:\/\/webtest.hydronix.com\/fr\/wp-json\/wp\/v2\/industries?post=36891"},{"taxonomy":"process","embeddable":true,"href":"https:\/\/webtest.hydronix.com\/fr\/wp-json\/wp\/v2\/process?post=36891"}],"curies":[{"name":"wp","href":"https:\/\/api.w.org\/{rel}","templated":true}]}}