{"id":37301,"date":"2024-06-28T08:07:04","date_gmt":"2024-06-28T08:07:04","guid":{"rendered":"https:\/\/www.hydronix.com\/schulung\/"},"modified":"2024-08-08T10:27:17","modified_gmt":"2024-08-08T10:27:17","slug":"formacion","status":"publish","type":"page","link":"https:\/\/webtest.hydronix.com\/es\/formacion\/","title":{"rendered":"Formaci\u00f3n"},"content":{"rendered":"    \n<!-- hero_short -->\n<section class=\"short_hero d-flex py-5\" style=\"background-image:url(https:\/\/webtest.hydronix.com\/wp-content\/uploads\/2024\/06\/shutterstock_2305781813-online-learning-scaled.jpg)\">\n    <div class=\"overlay\"><\/div>\n    <div class=\"container-xl my-auto\">\n        <div class=\"row\">\n            <div class=\"col-lg-5 hero__content\">\n                <h1>Formaci\u00f3n<\/h1>\n            <\/div>\n        <\/div>\n    <\/div>\n<\/section>\n<!--section class=\"sub_page_title py-1 mb-4\">\n    <div class=\"container-xl\">\n        <p id=\"breadcrumbs\"><span><span><a href=\"https:\/\/webtest.hydronix.com\/es\/\">Inicio<\/a><\/span><\/span><\/p>    <\/div>\n<\/section-->\n<!-- children -->\n<section class=\"child_pages py-4 mb-4\">\n    <div class=\"container-xl\">\n                <div class=\"row g-4 justify-content-center\">\n        <div class=\"col-md-4 col-xl-3\">\n            <a class=\"child_pages__card child_pages__card--blue\" href=\"https:\/\/webtest.hydronix.com\/es\/formacion\/calibracion\/\">Calibraci\u00f3n<\/a>\n        <\/div>\n                <div class=\"col-md-4 col-xl-3\">\n            <a class=\"child_pages__card child_pages__card--blue\" href=\"https:\/\/webtest.hydronix.com\/es\/formacion\/configuracion\/\">Configuraci\u00f3n<\/a>\n        <\/div>\n                <div class=\"col-md-4 col-xl-3\">\n            <a class=\"child_pages__card child_pages__card--blue\" href=\"https:\/\/webtest.hydronix.com\/es\/formacion\/electricidad\/\">Electricidad<\/a>\n        <\/div>\n            <\/div>\n<\/section>","protected":false},"excerpt":{"rendered":"<p> [&#8230;]<\/p>\n<p><a class=\"btn btn-secondary understrap-read-more-link\" href=\"https:\/\/webtest.hydronix.com\/es\/formacion\/\">Leer m\u00e1s&#8230;<span class=\"screen-reader-text\"> from Formaci\u00f3n<\/span><\/a><\/p>\n","protected":false},"author":1,"featured_media":36977,"parent":0,"menu_order":0,"comment_status":"closed","ping_status":"closed","template":"","meta":{"_acf_changed":false,"content-type":"","inline_featured_image":false,"footnotes":""},"industries":[],"process":[],"class_list":["post-37301","page","type-page","status-publish","has-post-thumbnail","hentry"],"acf":[],"yoast_head":"<!-- This site is optimized with the Yoast SEO plugin v27.1.1 - https:\/\/yoast.com\/product\/yoast-seo-wordpress\/ -->\n<title>Formaci\u00f3n - Hydronix<\/title>\n<meta name=\"robots\" content=\"index, follow, max-snippet:-1, max-image-preview:large, max-video-preview:-1\" \/>\n<link rel=\"canonical\" href=\"https:\/\/webtest.hydronix.com\/es\/formacion\/\" \/>\n<meta property=\"og:locale\" content=\"es_ES\" \/>\n<meta property=\"og:type\" content=\"article\" \/>\n<meta property=\"og:title\" content=\"Formaci\u00f3n - Hydronix\" \/>\n<meta property=\"og:description\" content=\"[...]Leer m\u00e1s... from Formaci\u00f3n\" \/>\n<meta property=\"og:url\" content=\"https:\/\/webtest.hydronix.com\/es\/formacion\/\" \/>\n<meta property=\"og:site_name\" content=\"Hydronix\" \/>\n<meta property=\"article:modified_time\" content=\"2024-08-08T10:27:17+00:00\" \/>\n<meta property=\"og:image\" content=\"https:\/\/webtest.hydronix.com\/wp-content\/uploads\/2024\/06\/shutterstock_2305781813-online-learning-scaled.jpg\" \/>\n\t<meta property=\"og:image:width\" content=\"2560\" \/>\n\t<meta property=\"og:image:height\" content=\"1231\" \/>\n\t<meta property=\"og:image:type\" content=\"image\/jpeg\" \/>\n<meta name=\"twitter:card\" content=\"summary_large_image\" \/>\n<meta name=\"twitter:label1\" content=\"Tiempo de lectura\" \/>\n\t<meta name=\"twitter:data1\" content=\"1 minute\" \/>\n<script type=\"application\/ld+json\" class=\"yoast-schema-graph\">{\"@context\":\"https:\/\/schema.org\",\"@graph\":[{\"@type\":\"WebPage\",\"@id\":\"https:\/\/webtest.hydronix.com\/es\/formacion\/\",\"url\":\"https:\/\/webtest.hydronix.com\/es\/formacion\/\",\"name\":\"Formaci\u00f3n - Hydronix\",\"isPartOf\":{\"@id\":\"https:\/\/webtest.hydronix.com\/es\/#website\"},\"primaryImageOfPage\":{\"@id\":\"https:\/\/webtest.hydronix.com\/es\/formacion\/#primaryimage\"},\"image\":{\"@id\":\"https:\/\/webtest.hydronix.com\/es\/formacion\/#primaryimage\"},\"thumbnailUrl\":\"https:\/\/webtest.hydronix.com\/wp-content\/uploads\/2024\/06\/shutterstock_2305781813-online-learning-scaled.jpg\",\"datePublished\":\"2024-06-28T08:07:04+00:00\",\"dateModified\":\"2024-08-08T10:27:17+00:00\",\"breadcrumb\":{\"@id\":\"https:\/\/webtest.hydronix.com\/es\/formacion\/#breadcrumb\"},\"inLanguage\":\"es-ES\",\"potentialAction\":[{\"@type\":\"ReadAction\",\"target\":[\"https:\/\/webtest.hydronix.com\/es\/formacion\/\"]}]},{\"@type\":\"ImageObject\",\"inLanguage\":\"es-ES\",\"@id\":\"https:\/\/webtest.hydronix.com\/es\/formacion\/#primaryimage\",\"url\":\"https:\/\/webtest.hydronix.com\/wp-content\/uploads\/2024\/06\/shutterstock_2305781813-online-learning-scaled.jpg\",\"contentUrl\":\"https:\/\/webtest.hydronix.com\/wp-content\/uploads\/2024\/06\/shutterstock_2305781813-online-learning-scaled.jpg\",\"width\":2560,\"height\":1231,\"caption\":\"Formaci\u00f3n y aprendizaje en l\u00ednea de Hydronix\"},{\"@type\":\"BreadcrumbList\",\"@id\":\"https:\/\/webtest.hydronix.com\/es\/formacion\/#breadcrumb\",\"itemListElement\":[{\"@type\":\"ListItem\",\"position\":1,\"name\":\"Inicio\",\"item\":\"https:\/\/webtest.hydronix.com\/es\/\"},{\"@type\":\"ListItem\",\"position\":2,\"name\":\"Formaci\u00f3n\"}]},{\"@type\":\"WebSite\",\"@id\":\"https:\/\/webtest.hydronix.com\/es\/#website\",\"url\":\"https:\/\/webtest.hydronix.com\/es\/\",\"name\":\"Hydronix\",\"description\":\"Your partner in moisture measurement\",\"potentialAction\":[{\"@type\":\"SearchAction\",\"target\":{\"@type\":\"EntryPoint\",\"urlTemplate\":\"https:\/\/webtest.hydronix.com\/es\/?s={search_term_string}\"},\"query-input\":{\"@type\":\"PropertyValueSpecification\",\"valueRequired\":true,\"valueName\":\"search_term_string\"}}],\"inLanguage\":\"es-ES\"}]}<\/script>\n<!-- \/ Yoast SEO plugin. -->","yoast_head_json":{"title":"Formaci\u00f3n - Hydronix","robots":{"index":"index","follow":"follow","max-snippet":"max-snippet:-1","max-image-preview":"max-image-preview:large","max-video-preview":"max-video-preview:-1"},"canonical":"https:\/\/webtest.hydronix.com\/es\/formacion\/","og_locale":"es_ES","og_type":"article","og_title":"Formaci\u00f3n - Hydronix","og_description":"[...]Leer m\u00e1s... from Formaci\u00f3n","og_url":"https:\/\/webtest.hydronix.com\/es\/formacion\/","og_site_name":"Hydronix","article_modified_time":"2024-08-08T10:27:17+00:00","og_image":[{"width":2560,"height":1231,"url":"https:\/\/webtest.hydronix.com\/wp-content\/uploads\/2024\/06\/shutterstock_2305781813-online-learning-scaled.jpg","type":"image\/jpeg"}],"twitter_card":"summary_large_image","twitter_misc":{"Tiempo de lectura":"1 minute"},"schema":{"@context":"https:\/\/schema.org","@graph":[{"@type":"WebPage","@id":"https:\/\/webtest.hydronix.com\/es\/formacion\/","url":"https:\/\/webtest.hydronix.com\/es\/formacion\/","name":"Formaci\u00f3n - Hydronix","isPartOf":{"@id":"https:\/\/webtest.hydronix.com\/es\/#website"},"primaryImageOfPage":{"@id":"https:\/\/webtest.hydronix.com\/es\/formacion\/#primaryimage"},"image":{"@id":"https:\/\/webtest.hydronix.com\/es\/formacion\/#primaryimage"},"thumbnailUrl":"https:\/\/webtest.hydronix.com\/wp-content\/uploads\/2024\/06\/shutterstock_2305781813-online-learning-scaled.jpg","datePublished":"2024-06-28T08:07:04+00:00","dateModified":"2024-08-08T10:27:17+00:00","breadcrumb":{"@id":"https:\/\/webtest.hydronix.com\/es\/formacion\/#breadcrumb"},"inLanguage":"es-ES","potentialAction":[{"@type":"ReadAction","target":["https:\/\/webtest.hydronix.com\/es\/formacion\/"]}]},{"@type":"ImageObject","inLanguage":"es-ES","@id":"https:\/\/webtest.hydronix.com\/es\/formacion\/#primaryimage","url":"https:\/\/webtest.hydronix.com\/wp-content\/uploads\/2024\/06\/shutterstock_2305781813-online-learning-scaled.jpg","contentUrl":"https:\/\/webtest.hydronix.com\/wp-content\/uploads\/2024\/06\/shutterstock_2305781813-online-learning-scaled.jpg","width":2560,"height":1231,"caption":"Formaci\u00f3n y aprendizaje en l\u00ednea de Hydronix"},{"@type":"BreadcrumbList","@id":"https:\/\/webtest.hydronix.com\/es\/formacion\/#breadcrumb","itemListElement":[{"@type":"ListItem","position":1,"name":"Inicio","item":"https:\/\/webtest.hydronix.com\/es\/"},{"@type":"ListItem","position":2,"name":"Formaci\u00f3n"}]},{"@type":"WebSite","@id":"https:\/\/webtest.hydronix.com\/es\/#website","url":"https:\/\/webtest.hydronix.com\/es\/","name":"Hydronix","description":"Your partner in moisture measurement","potentialAction":[{"@type":"SearchAction","target":{"@type":"EntryPoint","urlTemplate":"https:\/\/webtest.hydronix.com\/es\/?s={search_term_string}"},"query-input":{"@type":"PropertyValueSpecification","valueRequired":true,"valueName":"search_term_string"}}],"inLanguage":"es-ES"}]}},"_links":{"self":[{"href":"https:\/\/webtest.hydronix.com\/es\/wp-json\/wp\/v2\/pages\/37301","targetHints":{"allow":["GET"]}}],"collection":[{"href":"https:\/\/webtest.hydronix.com\/es\/wp-json\/wp\/v2\/pages"}],"about":[{"href":"https:\/\/webtest.hydronix.com\/es\/wp-json\/wp\/v2\/types\/page"}],"author":[{"embeddable":true,"href":"https:\/\/webtest.hydronix.com\/es\/wp-json\/wp\/v2\/users\/1"}],"replies":[{"embeddable":true,"href":"https:\/\/webtest.hydronix.com\/es\/wp-json\/wp\/v2\/comments?post=37301"}],"version-history":[{"count":5,"href":"https:\/\/webtest.hydronix.com\/es\/wp-json\/wp\/v2\/pages\/37301\/revisions"}],"predecessor-version":[{"id":37336,"href":"https:\/\/webtest.hydronix.com\/es\/wp-json\/wp\/v2\/pages\/37301\/revisions\/37336"}],"wp:featuredmedia":[{"embeddable":true,"href":"https:\/\/webtest.hydronix.com\/es\/wp-json\/wp\/v2\/media\/36977"}],"wp:attachment":[{"href":"https:\/\/webtest.hydronix.com\/es\/wp-json\/wp\/v2\/media?parent=37301"}],"wp:term":[{"taxonomy":"industries","embeddable":true,"href":"https:\/\/webtest.hydronix.com\/es\/wp-json\/wp\/v2\/industries?post=37301"},{"taxonomy":"process","embeddable":true,"href":"https:\/\/webtest.hydronix.com\/es\/wp-json\/wp\/v2\/process?post=37301"}],"curies":[{"name":"wp","href":"https:\/\/api.w.org\/{rel}","templated":true}]}}