{"id":22078,"date":"2022-09-12T14:43:54","date_gmt":"2022-09-12T14:43:54","guid":{"rendered":"https:\/\/hydronix.chilliservers.co.uk\/gestion\/"},"modified":"2023-07-28T10:12:48","modified_gmt":"2023-07-28T10:12:48","slug":"gestion","status":"publish","type":"page","link":"https:\/\/webtest.hydronix.com\/es\/gestion\/","title":{"rendered":"Gesti\u00f3n"},"content":{"rendered":"<!-- icon_hero -->\n<section class=\"application_hero d-flex py-5\" style=\"background-image:url(https:\/\/webtest.hydronix.com\/wp-content\/uploads\/2022\/09\/hero-product-water-abstract.jpg)\">\n    <div class=\"overlay\"><\/div>\n    <div class=\"container my-auto\">\n        <div class=\"row\">\n            <div class=\"col-lg-2\"><img decoding=\"async\" src=\"https:\/\/webtest.hydronix.com\/wp-content\/themes\/cb-hydronix\/img\/icons\/icon__manage--wo.svg\" class=\"w-50 w-lg-100\"><\/div>\n            <div class=\"col-lg-10 d-flex hero__content\"><h1 class=\"my-auto text-white\">Gesti\u00f3n<\/h1><\/div>\n        <\/div>\n    <\/div>\n<\/section>\n<section class=\"sub_page_title py-1 mb-4\">\n    <div class=\"container-xl\">\n        <p id=\"breadcrumbs\"><span><span><a href=\"https:\/\/webtest.hydronix.com\/es\/\">Inicio<\/a><\/span><\/span><\/p>    <\/div>\n<\/section>\n\n\n    <div class=\"container-xl\">\n\t\t\n<p>Hydronix ha creado softwares para la configuraci\u00f3n y calibraci\u00f3n de sensores.<\/p>\n    <\/div>\n    \n\n<!-- products -->\n<section class=\"prod_by_app product pb-5\">\n    <div class=\"container-xl\">\n        <h2>Productos<\/h2>\n        <div class=\"row g-3\">\n\n    <div class=\"col-sm-6 col-lg-3\">\n        <a class=\"product__card\" href=\"https:\/\/webtest.hydronix.com\/es\/productos\/hydro-com\/\">\n            <img decoding=\"async\" src=\"https:\/\/webtest.hydronix.com\/wp-content\/uploads\/2022\/09\/Log-300x169.jpg\">\n            <div class=\"mb-2 fw-bold\">Hydro-Com<\/div>\n            <div class=\"mb-2 product__subtitle\">Software para la configuraci\u00f3n y calibraci\u00f3n de sensores<\/div>\n            <div class=\"badges\">\n                            <\/div>\n        <\/a>\n    <\/div>\n            <\/div>\n    <\/div>\n<\/section>","protected":false},"excerpt":{"rendered":"<p>Hydronix ha creado softwares para la configuraci\u00f3n y calibraci\u00f3n de sensores. [&#8230;]<\/p>\n<p><a class=\"btn btn-secondary understrap-read-more-link\" href=\"https:\/\/webtest.hydronix.com\/es\/gestion\/\">Leer m\u00e1s&#8230;<span class=\"screen-reader-text\"> from Gesti\u00f3n<\/span><\/a><\/p>\n","protected":false},"author":1,"featured_media":0,"parent":0,"menu_order":101,"comment_status":"closed","ping_status":"closed","template":"","meta":{"_acf_changed":false,"content-type":"","inline_featured_image":false,"footnotes":""},"industries":[],"process":[],"class_list":["post-22078","page","type-page","status-publish","hentry"],"acf":[],"yoast_head":"<!-- This site is optimized with the Yoast SEO plugin v27.1.1 - https:\/\/yoast.com\/product\/yoast-seo-wordpress\/ -->\n<title>Gesti\u00f3n - Hydronix<\/title>\n<meta name=\"robots\" content=\"index, follow, max-snippet:-1, max-image-preview:large, max-video-preview:-1\" \/>\n<link rel=\"canonical\" href=\"https:\/\/webtest.hydronix.com\/es\/gestion\/\" \/>\n<meta property=\"og:locale\" content=\"es_ES\" \/>\n<meta property=\"og:type\" content=\"article\" \/>\n<meta property=\"og:title\" content=\"Gesti\u00f3n - Hydronix\" \/>\n<meta property=\"og:description\" content=\"Hydronix ha creado softwares para la configuraci\u00f3n y calibraci\u00f3n de sensores. [...]Leer m\u00e1s... from Gesti\u00f3n\" \/>\n<meta property=\"og:url\" content=\"https:\/\/webtest.hydronix.com\/es\/gestion\/\" \/>\n<meta property=\"og:site_name\" content=\"Hydronix\" \/>\n<meta property=\"article:modified_time\" content=\"2023-07-28T10:12:48+00:00\" \/>\n<meta name=\"twitter:card\" content=\"summary_large_image\" \/>\n<meta name=\"twitter:label1\" content=\"Tiempo de lectura\" \/>\n\t<meta name=\"twitter:data1\" content=\"1 minute\" \/>\n<script type=\"application\/ld+json\" class=\"yoast-schema-graph\">{\"@context\":\"https:\/\/schema.org\",\"@graph\":[{\"@type\":\"WebPage\",\"@id\":\"https:\/\/webtest.hydronix.com\/es\/gestion\/\",\"url\":\"https:\/\/webtest.hydronix.com\/es\/gestion\/\",\"name\":\"Gesti\u00f3n - Hydronix\",\"isPartOf\":{\"@id\":\"https:\/\/webtest.hydronix.com\/es\/#website\"},\"datePublished\":\"2022-09-12T14:43:54+00:00\",\"dateModified\":\"2023-07-28T10:12:48+00:00\",\"breadcrumb\":{\"@id\":\"https:\/\/webtest.hydronix.com\/es\/gestion\/#breadcrumb\"},\"inLanguage\":\"es-ES\",\"potentialAction\":[{\"@type\":\"ReadAction\",\"target\":[\"https:\/\/webtest.hydronix.com\/es\/gestion\/\"]}]},{\"@type\":\"BreadcrumbList\",\"@id\":\"https:\/\/webtest.hydronix.com\/es\/gestion\/#breadcrumb\",\"itemListElement\":[{\"@type\":\"ListItem\",\"position\":1,\"name\":\"Inicio\",\"item\":\"https:\/\/webtest.hydronix.com\/es\/\"},{\"@type\":\"ListItem\",\"position\":2,\"name\":\"Gesti\u00f3n\"}]},{\"@type\":\"WebSite\",\"@id\":\"https:\/\/webtest.hydronix.com\/es\/#website\",\"url\":\"https:\/\/webtest.hydronix.com\/es\/\",\"name\":\"Hydronix\",\"description\":\"Your partner in moisture measurement\",\"potentialAction\":[{\"@type\":\"SearchAction\",\"target\":{\"@type\":\"EntryPoint\",\"urlTemplate\":\"https:\/\/webtest.hydronix.com\/es\/?s={search_term_string}\"},\"query-input\":{\"@type\":\"PropertyValueSpecification\",\"valueRequired\":true,\"valueName\":\"search_term_string\"}}],\"inLanguage\":\"es-ES\"}]}<\/script>\n<!-- \/ Yoast SEO plugin. -->","yoast_head_json":{"title":"Gesti\u00f3n - Hydronix","robots":{"index":"index","follow":"follow","max-snippet":"max-snippet:-1","max-image-preview":"max-image-preview:large","max-video-preview":"max-video-preview:-1"},"canonical":"https:\/\/webtest.hydronix.com\/es\/gestion\/","og_locale":"es_ES","og_type":"article","og_title":"Gesti\u00f3n - Hydronix","og_description":"Hydronix ha creado softwares para la configuraci\u00f3n y calibraci\u00f3n de sensores. [...]Leer m\u00e1s... from Gesti\u00f3n","og_url":"https:\/\/webtest.hydronix.com\/es\/gestion\/","og_site_name":"Hydronix","article_modified_time":"2023-07-28T10:12:48+00:00","twitter_card":"summary_large_image","twitter_misc":{"Tiempo de lectura":"1 minute"},"schema":{"@context":"https:\/\/schema.org","@graph":[{"@type":"WebPage","@id":"https:\/\/webtest.hydronix.com\/es\/gestion\/","url":"https:\/\/webtest.hydronix.com\/es\/gestion\/","name":"Gesti\u00f3n - Hydronix","isPartOf":{"@id":"https:\/\/webtest.hydronix.com\/es\/#website"},"datePublished":"2022-09-12T14:43:54+00:00","dateModified":"2023-07-28T10:12:48+00:00","breadcrumb":{"@id":"https:\/\/webtest.hydronix.com\/es\/gestion\/#breadcrumb"},"inLanguage":"es-ES","potentialAction":[{"@type":"ReadAction","target":["https:\/\/webtest.hydronix.com\/es\/gestion\/"]}]},{"@type":"BreadcrumbList","@id":"https:\/\/webtest.hydronix.com\/es\/gestion\/#breadcrumb","itemListElement":[{"@type":"ListItem","position":1,"name":"Inicio","item":"https:\/\/webtest.hydronix.com\/es\/"},{"@type":"ListItem","position":2,"name":"Gesti\u00f3n"}]},{"@type":"WebSite","@id":"https:\/\/webtest.hydronix.com\/es\/#website","url":"https:\/\/webtest.hydronix.com\/es\/","name":"Hydronix","description":"Your partner in moisture measurement","potentialAction":[{"@type":"SearchAction","target":{"@type":"EntryPoint","urlTemplate":"https:\/\/webtest.hydronix.com\/es\/?s={search_term_string}"},"query-input":{"@type":"PropertyValueSpecification","valueRequired":true,"valueName":"search_term_string"}}],"inLanguage":"es-ES"}]}},"_links":{"self":[{"href":"https:\/\/webtest.hydronix.com\/es\/wp-json\/wp\/v2\/pages\/22078","targetHints":{"allow":["GET"]}}],"collection":[{"href":"https:\/\/webtest.hydronix.com\/es\/wp-json\/wp\/v2\/pages"}],"about":[{"href":"https:\/\/webtest.hydronix.com\/es\/wp-json\/wp\/v2\/types\/page"}],"author":[{"embeddable":true,"href":"https:\/\/webtest.hydronix.com\/es\/wp-json\/wp\/v2\/users\/1"}],"replies":[{"embeddable":true,"href":"https:\/\/webtest.hydronix.com\/es\/wp-json\/wp\/v2\/comments?post=22078"}],"version-history":[{"count":0,"href":"https:\/\/webtest.hydronix.com\/es\/wp-json\/wp\/v2\/pages\/22078\/revisions"}],"wp:attachment":[{"href":"https:\/\/webtest.hydronix.com\/es\/wp-json\/wp\/v2\/media?parent=22078"}],"wp:term":[{"taxonomy":"industries","embeddable":true,"href":"https:\/\/webtest.hydronix.com\/es\/wp-json\/wp\/v2\/industries?post=22078"},{"taxonomy":"process","embeddable":true,"href":"https:\/\/webtest.hydronix.com\/es\/wp-json\/wp\/v2\/process?post=22078"}],"curies":[{"name":"wp","href":"https:\/\/api.w.org\/{rel}","templated":true}]}}