{"id":22057,"date":"2022-09-12T13:46:06","date_gmt":"2022-09-12T13:46:06","guid":{"rendered":"https:\/\/hydronix.chilliservers.co.uk\/medicion\/"},"modified":"2023-07-28T10:52:01","modified_gmt":"2023-07-28T10:52:01","slug":"medicion","status":"publish","type":"page","link":"https:\/\/webtest.hydronix.com\/es\/medicion\/","title":{"rendered":"Medici\u00f3n"},"content":{"rendered":"<!-- icon_hero -->\n<section class=\"application_hero d-flex py-5\" style=\"background-image:url(https:\/\/webtest.hydronix.com\/wp-content\/uploads\/2022\/09\/hero-product-water-abstract.jpg)\">\n    <div class=\"overlay\"><\/div>\n    <div class=\"container my-auto\">\n        <div class=\"row\">\n            <div class=\"col-lg-2\"><img decoding=\"async\" src=\"https:\/\/webtest.hydronix.com\/wp-content\/themes\/cb-hydronix\/img\/icons\/icon__measure--wo.svg\" class=\"w-50 w-lg-100\"><\/div>\n            <div class=\"col-lg-10 d-flex hero__content\"><h1 class=\"my-auto text-white\">Medici\u00f3n<\/h1><\/div>\n        <\/div>\n    <\/div>\n<\/section>\n<section class=\"sub_page_title py-1 mb-4\">\n    <div class=\"container-xl\">\n        <p id=\"breadcrumbs\"><span><span><a href=\"https:\/\/webtest.hydronix.com\/es\/\">Inicio<\/a><\/span><\/span><\/p>    <\/div>\n<\/section>\n\n\n    <div class=\"container-xl\">\n\t\t\n<p>Los sensores Hydronix miden con precisi\u00f3n la humedad, la temperatura o los grados Brix en la mayor\u00eda de aplicaciones de control de procesamiento en las que los materiales son de flujo libre. Los sensores utilizan el m\u00e9todo de medici\u00f3n por contacto, en el que el material fluye por la placa frontal de cer\u00e1mica durante el procesamiento. Esto les permite realizar mediciones en tiempo real de una muestra de material representativa y constante.<\/p>\n    <\/div>\n    \n\n<!-- children_icons -->\n<section class=\"child_pages py-4\">\n    <div class=\"container-xl\">\n                <div class=\"row g-4 justify-content-center\">\n        <div class=\"col-md-4 col-xl-3\">\n            <a class=\"child_pages__card\" href=\"https:\/\/webtest.hydronix.com\/es\/medicion\/grano-y-solidos-a-granel\/\">\n                <img decoding=\"async\" src=\"https:\/\/webtest.hydronix.com\/wp-content\/themes\/cb-hydronix\/img\/icons\/icon__grain-bulk-solids--blue.svg\" alt=\"\" class=\"d-flex mx-auto w-50\">\n                Grano y s\u00f3lidos a granel            <\/a>\n        <\/div>\n                <div class=\"col-md-4 col-xl-3\">\n            <a class=\"child_pages__card\" href=\"https:\/\/webtest.hydronix.com\/es\/medicion\/temperatura-alta\/\">\n                <img decoding=\"async\" src=\"https:\/\/webtest.hydronix.com\/wp-content\/themes\/cb-hydronix\/img\/icons\/icon__high-temperature--blue.svg\" alt=\"\" class=\"d-flex mx-auto w-50\">\n                Temperatura alta            <\/a>\n        <\/div>\n                <div class=\"col-md-4 col-xl-3\">\n            <a class=\"child_pages__card\" href=\"https:\/\/webtest.hydronix.com\/es\/medicion\/atmosferas-explosivas\/\">\n                <img decoding=\"async\" src=\"https:\/\/webtest.hydronix.com\/wp-content\/themes\/cb-hydronix\/img\/icons\/icon__explosive-atmosphere--blue.svg\" alt=\"\" class=\"d-flex mx-auto w-50\">\n                Atm\u00f3sferas explosivas            <\/a>\n        <\/div>\n                <div class=\"col-md-4 col-xl-3\">\n            <a class=\"child_pages__card\" href=\"https:\/\/webtest.hydronix.com\/es\/medicion\/seguridad-alimentaria\/\">\n                <img decoding=\"async\" src=\"https:\/\/webtest.hydronix.com\/wp-content\/themes\/cb-hydronix\/img\/icons\/icon__food-safe--blue.svg\" alt=\"\" class=\"d-flex mx-auto w-50\">\n                Seguridad alimentaria            <\/a>\n        <\/div>\n                <div class=\"col-md-4 col-xl-3\">\n            <a class=\"child_pages__card\" href=\"https:\/\/webtest.hydronix.com\/es\/medicion\/liquidos\/\">\n                <img decoding=\"async\" src=\"https:\/\/webtest.hydronix.com\/wp-content\/themes\/cb-hydronix\/img\/icons\/icon__liquids--blue.svg\" alt=\"\" class=\"d-flex mx-auto w-50\">\n                L\u00edquidos            <\/a>\n        <\/div>\n                <div class=\"col-md-4 col-xl-3\">\n            <a class=\"child_pages__card\" href=\"https:\/\/webtest.hydronix.com\/es\/medicion\/hormigon-y-construccion\/\">\n                <img decoding=\"async\" src=\"https:\/\/webtest.hydronix.com\/wp-content\/themes\/cb-hydronix\/img\/icons\/icon__concrete-construction--blue.svg\" alt=\"\" class=\"d-flex mx-auto w-50\">\n                Hormig\u00f3n y construcci\u00f3n            <\/a>\n        <\/div>\n                <div class=\"col-md-4 col-xl-3\">\n            <a class=\"child_pages__card\" href=\"https:\/\/webtest.hydronix.com\/es\/su-aplicacion\/\">\n                <img decoding=\"async\" src=\"https:\/\/webtest.hydronix.com\/wp-content\/themes\/cb-hydronix\/img\/icons\/icon--your-application.svg\" alt=\"\" class=\"d-flex mx-auto w-50\">\n                Su aplicaci\u00f3n            <\/a>\n        <\/div>\n        <\/div>\n<\/section>","protected":false},"excerpt":{"rendered":"<p>Los sensores Hydronix miden con precisi\u00f3n la humedad, la temperatura o los grados Brix en la mayor\u00eda de aplicaciones de control de procesamiento en las que los materiales son de flujo libre. Los sensores utilizan el m\u00e9todo de medici\u00f3n por contacto, en el que el material fluye por la placa frontal de cer\u00e1mica durante el [&#8230;]<\/p>\n<p><a class=\"btn btn-secondary understrap-read-more-link\" href=\"https:\/\/webtest.hydronix.com\/es\/medicion\/\">Leer m\u00e1s&#8230;<span class=\"screen-reader-text\"> from Medici\u00f3n<\/span><\/a><\/p>\n","protected":false},"author":1,"featured_media":0,"parent":0,"menu_order":262,"comment_status":"closed","ping_status":"closed","template":"","meta":{"_acf_changed":false,"content-type":"","inline_featured_image":false,"footnotes":""},"industries":[],"process":[],"class_list":["post-22057","page","type-page","status-publish","hentry"],"acf":[],"yoast_head":"<!-- This site is optimized with the Yoast SEO plugin v27.1.1 - https:\/\/yoast.com\/product\/yoast-seo-wordpress\/ -->\n<title>Medici\u00f3n - Hydronix<\/title>\n<meta name=\"robots\" content=\"index, follow, max-snippet:-1, max-image-preview:large, max-video-preview:-1\" \/>\n<link rel=\"canonical\" href=\"https:\/\/webtest.hydronix.com\/es\/medicion\/\" \/>\n<meta property=\"og:locale\" content=\"es_ES\" \/>\n<meta property=\"og:type\" content=\"article\" \/>\n<meta property=\"og:title\" content=\"Medici\u00f3n - Hydronix\" \/>\n<meta property=\"og:description\" content=\"Los sensores Hydronix miden con precisi\u00f3n la humedad, la temperatura o los grados Brix en la mayor\u00eda de aplicaciones de control de procesamiento en las que los materiales son de flujo libre. Los sensores utilizan el m\u00e9todo de medici\u00f3n por contacto, en el que el material fluye por la placa frontal de cer\u00e1mica durante el [...]Leer m\u00e1s... from Medici\u00f3n\" \/>\n<meta property=\"og:url\" content=\"https:\/\/webtest.hydronix.com\/es\/medicion\/\" \/>\n<meta property=\"og:site_name\" content=\"Hydronix\" \/>\n<meta property=\"article:modified_time\" content=\"2023-07-28T10:52:01+00:00\" \/>\n<meta name=\"twitter:card\" content=\"summary_large_image\" \/>\n<meta name=\"twitter:label1\" content=\"Tiempo de lectura\" \/>\n\t<meta name=\"twitter:data1\" content=\"1 minute\" \/>\n<script type=\"application\/ld+json\" class=\"yoast-schema-graph\">{\"@context\":\"https:\/\/schema.org\",\"@graph\":[{\"@type\":\"WebPage\",\"@id\":\"https:\/\/webtest.hydronix.com\/es\/medicion\/\",\"url\":\"https:\/\/webtest.hydronix.com\/es\/medicion\/\",\"name\":\"Medici\u00f3n - Hydronix\",\"isPartOf\":{\"@id\":\"https:\/\/webtest.hydronix.com\/es\/#website\"},\"datePublished\":\"2022-09-12T13:46:06+00:00\",\"dateModified\":\"2023-07-28T10:52:01+00:00\",\"breadcrumb\":{\"@id\":\"https:\/\/webtest.hydronix.com\/es\/medicion\/#breadcrumb\"},\"inLanguage\":\"es-ES\",\"potentialAction\":[{\"@type\":\"ReadAction\",\"target\":[\"https:\/\/webtest.hydronix.com\/es\/medicion\/\"]}]},{\"@type\":\"BreadcrumbList\",\"@id\":\"https:\/\/webtest.hydronix.com\/es\/medicion\/#breadcrumb\",\"itemListElement\":[{\"@type\":\"ListItem\",\"position\":1,\"name\":\"Inicio\",\"item\":\"https:\/\/webtest.hydronix.com\/es\/\"},{\"@type\":\"ListItem\",\"position\":2,\"name\":\"Medici\u00f3n\"}]},{\"@type\":\"WebSite\",\"@id\":\"https:\/\/webtest.hydronix.com\/es\/#website\",\"url\":\"https:\/\/webtest.hydronix.com\/es\/\",\"name\":\"Hydronix\",\"description\":\"Your partner in moisture measurement\",\"potentialAction\":[{\"@type\":\"SearchAction\",\"target\":{\"@type\":\"EntryPoint\",\"urlTemplate\":\"https:\/\/webtest.hydronix.com\/es\/?s={search_term_string}\"},\"query-input\":{\"@type\":\"PropertyValueSpecification\",\"valueRequired\":true,\"valueName\":\"search_term_string\"}}],\"inLanguage\":\"es-ES\"}]}<\/script>\n<!-- \/ Yoast SEO plugin. -->","yoast_head_json":{"title":"Medici\u00f3n - Hydronix","robots":{"index":"index","follow":"follow","max-snippet":"max-snippet:-1","max-image-preview":"max-image-preview:large","max-video-preview":"max-video-preview:-1"},"canonical":"https:\/\/webtest.hydronix.com\/es\/medicion\/","og_locale":"es_ES","og_type":"article","og_title":"Medici\u00f3n - Hydronix","og_description":"Los sensores Hydronix miden con precisi\u00f3n la humedad, la temperatura o los grados Brix en la mayor\u00eda de aplicaciones de control de procesamiento en las que los materiales son de flujo libre. Los sensores utilizan el m\u00e9todo de medici\u00f3n por contacto, en el que el material fluye por la placa frontal de cer\u00e1mica durante el [...]Leer m\u00e1s... from Medici\u00f3n","og_url":"https:\/\/webtest.hydronix.com\/es\/medicion\/","og_site_name":"Hydronix","article_modified_time":"2023-07-28T10:52:01+00:00","twitter_card":"summary_large_image","twitter_misc":{"Tiempo de lectura":"1 minute"},"schema":{"@context":"https:\/\/schema.org","@graph":[{"@type":"WebPage","@id":"https:\/\/webtest.hydronix.com\/es\/medicion\/","url":"https:\/\/webtest.hydronix.com\/es\/medicion\/","name":"Medici\u00f3n - Hydronix","isPartOf":{"@id":"https:\/\/webtest.hydronix.com\/es\/#website"},"datePublished":"2022-09-12T13:46:06+00:00","dateModified":"2023-07-28T10:52:01+00:00","breadcrumb":{"@id":"https:\/\/webtest.hydronix.com\/es\/medicion\/#breadcrumb"},"inLanguage":"es-ES","potentialAction":[{"@type":"ReadAction","target":["https:\/\/webtest.hydronix.com\/es\/medicion\/"]}]},{"@type":"BreadcrumbList","@id":"https:\/\/webtest.hydronix.com\/es\/medicion\/#breadcrumb","itemListElement":[{"@type":"ListItem","position":1,"name":"Inicio","item":"https:\/\/webtest.hydronix.com\/es\/"},{"@type":"ListItem","position":2,"name":"Medici\u00f3n"}]},{"@type":"WebSite","@id":"https:\/\/webtest.hydronix.com\/es\/#website","url":"https:\/\/webtest.hydronix.com\/es\/","name":"Hydronix","description":"Your partner in moisture measurement","potentialAction":[{"@type":"SearchAction","target":{"@type":"EntryPoint","urlTemplate":"https:\/\/webtest.hydronix.com\/es\/?s={search_term_string}"},"query-input":{"@type":"PropertyValueSpecification","valueRequired":true,"valueName":"search_term_string"}}],"inLanguage":"es-ES"}]}},"_links":{"self":[{"href":"https:\/\/webtest.hydronix.com\/es\/wp-json\/wp\/v2\/pages\/22057","targetHints":{"allow":["GET"]}}],"collection":[{"href":"https:\/\/webtest.hydronix.com\/es\/wp-json\/wp\/v2\/pages"}],"about":[{"href":"https:\/\/webtest.hydronix.com\/es\/wp-json\/wp\/v2\/types\/page"}],"author":[{"embeddable":true,"href":"https:\/\/webtest.hydronix.com\/es\/wp-json\/wp\/v2\/users\/1"}],"replies":[{"embeddable":true,"href":"https:\/\/webtest.hydronix.com\/es\/wp-json\/wp\/v2\/comments?post=22057"}],"version-history":[{"count":0,"href":"https:\/\/webtest.hydronix.com\/es\/wp-json\/wp\/v2\/pages\/22057\/revisions"}],"wp:attachment":[{"href":"https:\/\/webtest.hydronix.com\/es\/wp-json\/wp\/v2\/media?parent=22057"}],"wp:term":[{"taxonomy":"industries","embeddable":true,"href":"https:\/\/webtest.hydronix.com\/es\/wp-json\/wp\/v2\/industries?post=22057"},{"taxonomy":"process","embeddable":true,"href":"https:\/\/webtest.hydronix.com\/es\/wp-json\/wp\/v2\/process?post=22057"}],"curies":[{"name":"wp","href":"https:\/\/api.w.org\/{rel}","templated":true}]}}