{"id":22223,"date":"2022-09-12T13:47:31","date_gmt":"2022-09-12T13:47:31","guid":{"rendered":"https:\/\/hydronix.chilliservers.co.uk\/explosionsfaehige-atmosphaere\/"},"modified":"2023-08-01T11:35:39","modified_gmt":"2023-08-01T11:35:39","slug":"explosionsfaehige-atmosphaere","status":"publish","type":"page","link":"https:\/\/webtest.hydronix.com\/de\/messen\/explosionsfaehige-atmosphaere\/","title":{"rendered":"Explosionsf\u00e4hige Atmosph\u00e4re"},"content":{"rendered":"<!-- icon_hero -->\n<section class=\"application_hero d-flex py-5\" style=\"background-image:url(https:\/\/webtest.hydronix.com\/wp-content\/uploads\/2022\/09\/X-explosive.jpg)\">\n    <div class=\"overlay\"><\/div>\n    <div class=\"container my-auto\">\n        <div class=\"row\">\n            <div class=\"col-lg-2\"><img decoding=\"async\" src=\"https:\/\/webtest.hydronix.com\/wp-content\/themes\/cb-hydronix\/img\/icons\/icon__explosive-atmosphere--wo.svg\" class=\"w-50 w-lg-100\"><\/div>\n            <div class=\"col-lg-10 d-flex hero__content\"><h1 class=\"my-auto text-white\">Explosionsf\u00e4hige Atmosph\u00e4re<\/h1><\/div>\n        <\/div>\n    <\/div>\n<\/section>\n<section class=\"sub_page_title py-1 mb-4\">\n    <div class=\"container-xl\">\n        <p id=\"breadcrumbs\"><span><span><a href=\"https:\/\/webtest.hydronix.com\/de\/\">Home<\/a><\/span><\/span><\/p>    <\/div>\n<\/section>\n\n\n    <div class=\"container-xl\">\n\t\t\n<p>Diese Sensoren k\u00f6nnen in explosionsf\u00e4higen Atmosph\u00e4ren, insbesondere in staubigen Umgebungen, eingesetzt werden. Zertifiziert f\u00fcr den Einsatz in ATEX-, IECEx- und NEC\/CSA-Gefahrenzonen (Staub).<\/p>\n    <\/div>\n    \n\n<!-- products -->\n<section class=\"prod_by_app product pb-5\">\n    <div class=\"container-xl\">\n        <h2>Produkte<\/h2>\n        <div class=\"row g-3\">\n\n    <div class=\"col-sm-6 col-lg-3\">\n        <a class=\"product__card\" href=\"https:\/\/webtest.hydronix.com\/de\/produkte\/hydro-mix-xt-ex\/\">\n            <img decoding=\"async\" src=\"https:\/\/webtest.hydronix.com\/wp-content\/uploads\/2022\/11\/hmxtex-front-right-persp-300x169.png\">\n            <div class=\"mb-2 fw-bold\">Hydro-Mix XT-EX<\/div>\n            <div class=\"mb-2 product__subtitle\">Feuchtesensor: B\u00fcndiger Einbau. Prozesstemperaturen bis 60 \u00b0C (Zone 20\/21)<\/div>\n            <div class=\"badges\">\n                                        <div class=\"badge badge--atex\"><\/div>\n                        <div class=\"badge badge--etl\"><\/div>\n                                    <\/div>\n        <\/a>\n    <\/div>\n        <div class=\"col-sm-6 col-lg-3\">\n        <a class=\"product__card\" href=\"https:\/\/webtest.hydronix.com\/de\/produkte\/hydro-mix-ht-ex\/\">\n            <img decoding=\"async\" src=\"https:\/\/webtest.hydronix.com\/wp-content\/uploads\/2022\/10\/hmhtex-left-persp-300x169.png\">\n            <div class=\"mb-2 fw-bold\">Hydro-Mix HT-EX<\/div>\n            <div class=\"mb-2 product__subtitle\">Feuchtesensor: B\u00fcndiger Einbau. Prozesstemperaturen bis 120 \u00b0C (Zone 20)<\/div>\n            <div class=\"badges\">\n                                        <div class=\"badge badge--atex\"><\/div>\n                        <div class=\"badge badge--etl\"><\/div>\n                                                <div class=\"badge badge--high-temp\"><\/div>\n                                                <div class=\"badge badge--food-safe\"><\/div>\n                                    <\/div>\n        <\/a>\n    <\/div>\n            <\/div>\n    <\/div>\n<\/section>","protected":false},"excerpt":{"rendered":"<p>Diese Sensoren k\u00f6nnen in explosionsf\u00e4higen Atmosph\u00e4ren, insbesondere in staubigen Umgebungen, eingesetzt werden. Zertifiziert f\u00fcr den Einsatz in ATEX-, IECEx- und NEC\/CSA-Gefahrenzonen (Staub). [&#8230;]<\/p>\n<p><a class=\"btn btn-secondary understrap-read-more-link\" href=\"https:\/\/webtest.hydronix.com\/de\/messen\/explosionsfaehige-atmosphaere\/\">Weiterlesen\u00a0\u2026<span class=\"screen-reader-text\"> from Explosionsf\u00e4hige Atmosph\u00e4re<\/span><\/a><\/p>\n","protected":false},"author":1,"featured_media":0,"parent":23168,"menu_order":304,"comment_status":"closed","ping_status":"closed","template":"","meta":{"_acf_changed":false,"content-type":"","inline_featured_image":false,"footnotes":""},"industries":[],"process":[],"class_list":["post-22223","page","type-page","status-publish","hentry"],"acf":[],"yoast_head":"<!-- This site is optimized with the Yoast SEO plugin v27.1.1 - https:\/\/yoast.com\/product\/yoast-seo-wordpress\/ -->\n<title>Explosionsf\u00e4hige Atmosph\u00e4re - Hydronix<\/title>\n<meta name=\"robots\" content=\"index, follow, max-snippet:-1, max-image-preview:large, max-video-preview:-1\" \/>\n<link rel=\"canonical\" href=\"https:\/\/webtest.hydronix.com\/de\/messen\/explosionsfaehige-atmosphaere\/\" \/>\n<meta property=\"og:locale\" content=\"de_DE\" \/>\n<meta property=\"og:type\" content=\"article\" \/>\n<meta property=\"og:title\" content=\"Explosionsf\u00e4hige Atmosph\u00e4re - Hydronix\" \/>\n<meta property=\"og:description\" content=\"Diese Sensoren k\u00f6nnen in explosionsf\u00e4higen Atmosph\u00e4ren, insbesondere in staubigen Umgebungen, eingesetzt werden. Zertifiziert f\u00fcr den Einsatz in ATEX-, IECEx- und NEC\/CSA-Gefahrenzonen (Staub). [...]Weiterlesen\u00a0\u2026 from Explosionsf\u00e4hige Atmosph\u00e4re\" \/>\n<meta property=\"og:url\" content=\"https:\/\/webtest.hydronix.com\/de\/messen\/explosionsfaehige-atmosphaere\/\" \/>\n<meta property=\"og:site_name\" content=\"Hydronix\" \/>\n<meta property=\"article:modified_time\" content=\"2023-08-01T11:35:39+00:00\" \/>\n<meta name=\"twitter:card\" content=\"summary_large_image\" \/>\n<meta name=\"twitter:label1\" content=\"Gesch\u00e4tzte Lesezeit\" \/>\n\t<meta name=\"twitter:data1\" content=\"1\u00a0Minute\" \/>\n<script type=\"application\/ld+json\" class=\"yoast-schema-graph\">{\"@context\":\"https:\/\/schema.org\",\"@graph\":[{\"@type\":\"WebPage\",\"@id\":\"https:\/\/webtest.hydronix.com\/de\/messen\/explosionsfaehige-atmosphaere\/\",\"url\":\"https:\/\/webtest.hydronix.com\/de\/messen\/explosionsfaehige-atmosphaere\/\",\"name\":\"Explosionsf\u00e4hige Atmosph\u00e4re - Hydronix\",\"isPartOf\":{\"@id\":\"https:\/\/webtest.hydronix.com\/de\/#website\"},\"datePublished\":\"2022-09-12T13:47:31+00:00\",\"dateModified\":\"2023-08-01T11:35:39+00:00\",\"breadcrumb\":{\"@id\":\"https:\/\/webtest.hydronix.com\/de\/messen\/explosionsfaehige-atmosphaere\/#breadcrumb\"},\"inLanguage\":\"de\",\"potentialAction\":[{\"@type\":\"ReadAction\",\"target\":[\"https:\/\/webtest.hydronix.com\/de\/messen\/explosionsfaehige-atmosphaere\/\"]}]},{\"@type\":\"BreadcrumbList\",\"@id\":\"https:\/\/webtest.hydronix.com\/de\/messen\/explosionsfaehige-atmosphaere\/#breadcrumb\",\"itemListElement\":[{\"@type\":\"ListItem\",\"position\":1,\"name\":\"Home\",\"item\":\"https:\/\/webtest.hydronix.com\/de\/\"},{\"@type\":\"ListItem\",\"position\":2,\"name\":\"Explosionsf\u00e4hige Atmosph\u00e4re\"}]},{\"@type\":\"WebSite\",\"@id\":\"https:\/\/webtest.hydronix.com\/de\/#website\",\"url\":\"https:\/\/webtest.hydronix.com\/de\/\",\"name\":\"Hydronix\",\"description\":\"Your partner in moisture measurement\",\"potentialAction\":[{\"@type\":\"SearchAction\",\"target\":{\"@type\":\"EntryPoint\",\"urlTemplate\":\"https:\/\/webtest.hydronix.com\/de\/?s={search_term_string}\"},\"query-input\":{\"@type\":\"PropertyValueSpecification\",\"valueRequired\":true,\"valueName\":\"search_term_string\"}}],\"inLanguage\":\"de\"}]}<\/script>\n<!-- \/ Yoast SEO plugin. -->","yoast_head_json":{"title":"Explosionsf\u00e4hige Atmosph\u00e4re - Hydronix","robots":{"index":"index","follow":"follow","max-snippet":"max-snippet:-1","max-image-preview":"max-image-preview:large","max-video-preview":"max-video-preview:-1"},"canonical":"https:\/\/webtest.hydronix.com\/de\/messen\/explosionsfaehige-atmosphaere\/","og_locale":"de_DE","og_type":"article","og_title":"Explosionsf\u00e4hige Atmosph\u00e4re - Hydronix","og_description":"Diese Sensoren k\u00f6nnen in explosionsf\u00e4higen Atmosph\u00e4ren, insbesondere in staubigen Umgebungen, eingesetzt werden. Zertifiziert f\u00fcr den Einsatz in ATEX-, IECEx- und NEC\/CSA-Gefahrenzonen (Staub). [...]Weiterlesen\u00a0\u2026 from Explosionsf\u00e4hige Atmosph\u00e4re","og_url":"https:\/\/webtest.hydronix.com\/de\/messen\/explosionsfaehige-atmosphaere\/","og_site_name":"Hydronix","article_modified_time":"2023-08-01T11:35:39+00:00","twitter_card":"summary_large_image","twitter_misc":{"Gesch\u00e4tzte Lesezeit":"1\u00a0Minute"},"schema":{"@context":"https:\/\/schema.org","@graph":[{"@type":"WebPage","@id":"https:\/\/webtest.hydronix.com\/de\/messen\/explosionsfaehige-atmosphaere\/","url":"https:\/\/webtest.hydronix.com\/de\/messen\/explosionsfaehige-atmosphaere\/","name":"Explosionsf\u00e4hige Atmosph\u00e4re - Hydronix","isPartOf":{"@id":"https:\/\/webtest.hydronix.com\/de\/#website"},"datePublished":"2022-09-12T13:47:31+00:00","dateModified":"2023-08-01T11:35:39+00:00","breadcrumb":{"@id":"https:\/\/webtest.hydronix.com\/de\/messen\/explosionsfaehige-atmosphaere\/#breadcrumb"},"inLanguage":"de","potentialAction":[{"@type":"ReadAction","target":["https:\/\/webtest.hydronix.com\/de\/messen\/explosionsfaehige-atmosphaere\/"]}]},{"@type":"BreadcrumbList","@id":"https:\/\/webtest.hydronix.com\/de\/messen\/explosionsfaehige-atmosphaere\/#breadcrumb","itemListElement":[{"@type":"ListItem","position":1,"name":"Home","item":"https:\/\/webtest.hydronix.com\/de\/"},{"@type":"ListItem","position":2,"name":"Explosionsf\u00e4hige Atmosph\u00e4re"}]},{"@type":"WebSite","@id":"https:\/\/webtest.hydronix.com\/de\/#website","url":"https:\/\/webtest.hydronix.com\/de\/","name":"Hydronix","description":"Your partner in moisture measurement","potentialAction":[{"@type":"SearchAction","target":{"@type":"EntryPoint","urlTemplate":"https:\/\/webtest.hydronix.com\/de\/?s={search_term_string}"},"query-input":{"@type":"PropertyValueSpecification","valueRequired":true,"valueName":"search_term_string"}}],"inLanguage":"de"}]}},"_links":{"self":[{"href":"https:\/\/webtest.hydronix.com\/de\/wp-json\/wp\/v2\/pages\/22223","targetHints":{"allow":["GET"]}}],"collection":[{"href":"https:\/\/webtest.hydronix.com\/de\/wp-json\/wp\/v2\/pages"}],"about":[{"href":"https:\/\/webtest.hydronix.com\/de\/wp-json\/wp\/v2\/types\/page"}],"author":[{"embeddable":true,"href":"https:\/\/webtest.hydronix.com\/de\/wp-json\/wp\/v2\/users\/1"}],"replies":[{"embeddable":true,"href":"https:\/\/webtest.hydronix.com\/de\/wp-json\/wp\/v2\/comments?post=22223"}],"version-history":[{"count":0,"href":"https:\/\/webtest.hydronix.com\/de\/wp-json\/wp\/v2\/pages\/22223\/revisions"}],"up":[{"embeddable":true,"href":"https:\/\/webtest.hydronix.com\/de\/wp-json\/wp\/v2\/pages\/23168"}],"wp:attachment":[{"href":"https:\/\/webtest.hydronix.com\/de\/wp-json\/wp\/v2\/media?parent=22223"}],"wp:term":[{"taxonomy":"industries","embeddable":true,"href":"https:\/\/webtest.hydronix.com\/de\/wp-json\/wp\/v2\/industries?post=22223"},{"taxonomy":"process","embeddable":true,"href":"https:\/\/webtest.hydronix.com\/de\/wp-json\/wp\/v2\/process?post=22223"}],"curies":[{"name":"wp","href":"https:\/\/api.w.org\/{rel}","templated":true}]}}