{"id":22207,"date":"2022-09-12T12:53:28","date_gmt":"2022-09-12T12:53:28","guid":{"rendered":"https:\/\/hydronix.chilliservers.co.uk\/branchen\/lebensmittel\/"},"modified":"2023-11-10T12:13:37","modified_gmt":"2023-11-10T12:13:37","slug":"lebensmittel","status":"publish","type":"page","link":"https:\/\/webtest.hydronix.com\/de\/branchen\/lebensmittel\/","title":{"rendered":"Lebensmittel"},"content":{"rendered":"    \n<!-- hero_short -->\n<section class=\"short_hero d-flex py-5\" style=\"background-image:url(https:\/\/webtest.hydronix.com\/wp-content\/uploads\/2022\/09\/E-food.jpg)\">\n    <div class=\"overlay\"><\/div>\n    <div class=\"container-xl my-auto\">\n        <div class=\"row\">\n            <div class=\"col-lg-5 hero__content\">\n                <h1>Lebensmittel<\/h1>\n            <\/div>\n        <\/div>\n    <\/div>\n<\/section>\n<!--section class=\"sub_page_title py-1 mb-4\">\n    <div class=\"container-xl\">\n        <p id=\"breadcrumbs\"><span><span><a href=\"https:\/\/webtest.hydronix.com\/de\/\">Home<\/a><\/span><\/span><\/p>    <\/div>\n<\/section-->\n\n\n\n<div style=\"height:40px\" aria-hidden=\"true\" class=\"wp-block-spacer\"><\/div>\n\n\n    <div class=\"container-xl\">\n\t\t\n<p>Die Steuerung der Feuchte ist ein entscheidendes Element bei der Lebensmittelverarbeitung vom Rohstoff bis zur Verpackung. Die Feuchte muss \u00fcberwacht werden, um ein gleichm\u00e4\u00dfiges und konsistentes Endprodukt mit hohem N\u00e4hrwert zu erzielen.<\/p>\n    <\/div>\n    \n\n    <div class=\"container-xl\">\n\t\t\n<p>Die Feuchtemessung hat weitere Vorteile. Sie verbessert die Produktion, erh\u00f6ht die Rentabilit\u00e4t, spart Energie und verringert Abfall und die Auswirkungen auf die Umwelt.<\/p>\n    <\/div>\n    \n\n\n<div style=\"height:40px\" aria-hidden=\"true\" class=\"wp-block-spacer\"><\/div>\n\n\n<!-- children -->\n<section class=\"child_pages py-4 mb-4\">\n    <div class=\"container-xl\">\n                <div class=\"row g-4 justify-content-center\">\n        <div class=\"col-md-4 col-xl-3\">\n            <a class=\"child_pages__card child_pages__card--blue\" href=\"https:\/\/webtest.hydronix.com\/de\/branchen\/lebensmittel\/pulver\/\">Pulver<\/a>\n        <\/div>\n                <div class=\"col-md-4 col-xl-3\">\n            <a class=\"child_pages__card child_pages__card--blue\" href=\"https:\/\/webtest.hydronix.com\/de\/branchen\/lebensmittel\/lebensmittelproduktion\/\">Lebensmittelproduktion<\/a>\n        <\/div>\n            <\/div>\n<\/section>","protected":false},"excerpt":{"rendered":"<p>Die Steuerung der Feuchte ist ein entscheidendes Element bei der Lebensmittelverarbeitung vom Rohstoff bis zur Verpackung. Die Feuchte muss \u00fcberwacht werden, um ein gleichm\u00e4\u00dfiges und konsistentes Endprodukt mit hohem N\u00e4hrwert zu erzielen. Die Feuchtemessung hat weitere Vorteile. Sie verbessert die Produktion, erh\u00f6ht die Rentabilit\u00e4t, spart Energie und verringert Abfall und die Auswirkungen auf die Umwelt. [&#8230;]<\/p>\n<p><a class=\"btn btn-secondary understrap-read-more-link\" href=\"https:\/\/webtest.hydronix.com\/de\/branchen\/lebensmittel\/\">Weiterlesen\u00a0\u2026<span class=\"screen-reader-text\"> from Lebensmittel<\/span><\/a><\/p>\n","protected":false},"author":1,"featured_media":11082,"parent":22193,"menu_order":492,"comment_status":"closed","ping_status":"closed","template":"","meta":{"_acf_changed":false,"content-type":"","inline_featured_image":false,"footnotes":""},"industries":[],"process":[],"class_list":["post-22207","page","type-page","status-publish","has-post-thumbnail","hentry"],"acf":[],"yoast_head":"<!-- This site is optimized with the Yoast SEO plugin v27.1.1 - https:\/\/yoast.com\/product\/yoast-seo-wordpress\/ -->\n<title>Lebensmittel - Hydronix<\/title>\n<meta name=\"robots\" content=\"index, follow, max-snippet:-1, max-image-preview:large, max-video-preview:-1\" \/>\n<link rel=\"canonical\" href=\"https:\/\/webtest.hydronix.com\/de\/branchen\/lebensmittel\/\" \/>\n<meta property=\"og:locale\" content=\"de_DE\" \/>\n<meta property=\"og:type\" content=\"article\" \/>\n<meta property=\"og:title\" content=\"Lebensmittel - Hydronix\" \/>\n<meta property=\"og:description\" content=\"Die Steuerung der Feuchte ist ein entscheidendes Element bei der Lebensmittelverarbeitung vom Rohstoff bis zur Verpackung. Die Feuchte muss \u00fcberwacht werden, um ein gleichm\u00e4\u00dfiges und konsistentes Endprodukt mit hohem N\u00e4hrwert zu erzielen. Die Feuchtemessung hat weitere Vorteile. Sie verbessert die Produktion, erh\u00f6ht die Rentabilit\u00e4t, spart Energie und verringert Abfall und die Auswirkungen auf die Umwelt. [...]Weiterlesen\u00a0\u2026 from Lebensmittel\" \/>\n<meta property=\"og:url\" content=\"https:\/\/webtest.hydronix.com\/de\/branchen\/lebensmittel\/\" \/>\n<meta property=\"og:site_name\" content=\"Hydronix\" \/>\n<meta property=\"article:modified_time\" content=\"2023-11-10T12:13:37+00:00\" \/>\n<meta property=\"og:image\" content=\"https:\/\/webtest.hydronix.com\/wp-content\/uploads\/2022\/09\/E-food.jpg\" \/>\n\t<meta property=\"og:image:width\" content=\"2000\" \/>\n\t<meta property=\"og:image:height\" content=\"400\" \/>\n\t<meta property=\"og:image:type\" content=\"image\/jpeg\" \/>\n<meta name=\"twitter:card\" content=\"summary_large_image\" \/>\n<meta name=\"twitter:label1\" content=\"Gesch\u00e4tzte Lesezeit\" \/>\n\t<meta name=\"twitter:data1\" content=\"1\u00a0Minute\" \/>\n<script type=\"application\/ld+json\" class=\"yoast-schema-graph\">{\"@context\":\"https:\/\/schema.org\",\"@graph\":[{\"@type\":\"WebPage\",\"@id\":\"https:\/\/webtest.hydronix.com\/de\/branchen\/lebensmittel\/\",\"url\":\"https:\/\/webtest.hydronix.com\/de\/branchen\/lebensmittel\/\",\"name\":\"Lebensmittel - Hydronix\",\"isPartOf\":{\"@id\":\"https:\/\/webtest.hydronix.com\/de\/#website\"},\"primaryImageOfPage\":{\"@id\":\"https:\/\/webtest.hydronix.com\/de\/branchen\/lebensmittel\/#primaryimage\"},\"image\":{\"@id\":\"https:\/\/webtest.hydronix.com\/de\/branchen\/lebensmittel\/#primaryimage\"},\"thumbnailUrl\":\"https:\/\/webtest.hydronix.com\/wp-content\/uploads\/2022\/09\/E-food.jpg\",\"datePublished\":\"2022-09-12T12:53:28+00:00\",\"dateModified\":\"2023-11-10T12:13:37+00:00\",\"breadcrumb\":{\"@id\":\"https:\/\/webtest.hydronix.com\/de\/branchen\/lebensmittel\/#breadcrumb\"},\"inLanguage\":\"de\",\"potentialAction\":[{\"@type\":\"ReadAction\",\"target\":[\"https:\/\/webtest.hydronix.com\/de\/branchen\/lebensmittel\/\"]}]},{\"@type\":\"ImageObject\",\"inLanguage\":\"de\",\"@id\":\"https:\/\/webtest.hydronix.com\/de\/branchen\/lebensmittel\/#primaryimage\",\"url\":\"https:\/\/webtest.hydronix.com\/wp-content\/uploads\/2022\/09\/E-food.jpg\",\"contentUrl\":\"https:\/\/webtest.hydronix.com\/wp-content\/uploads\/2022\/09\/E-food.jpg\",\"width\":2000,\"height\":400},{\"@type\":\"BreadcrumbList\",\"@id\":\"https:\/\/webtest.hydronix.com\/de\/branchen\/lebensmittel\/#breadcrumb\",\"itemListElement\":[{\"@type\":\"ListItem\",\"position\":1,\"name\":\"Home\",\"item\":\"https:\/\/webtest.hydronix.com\/de\/\"},{\"@type\":\"ListItem\",\"position\":2,\"name\":\"Branchen\",\"item\":\"https:\/\/webtest.hydronix.com\/de\/branchen\/\"},{\"@type\":\"ListItem\",\"position\":3,\"name\":\"Lebensmittel\"}]},{\"@type\":\"WebSite\",\"@id\":\"https:\/\/webtest.hydronix.com\/de\/#website\",\"url\":\"https:\/\/webtest.hydronix.com\/de\/\",\"name\":\"Hydronix\",\"description\":\"Your partner in moisture measurement\",\"potentialAction\":[{\"@type\":\"SearchAction\",\"target\":{\"@type\":\"EntryPoint\",\"urlTemplate\":\"https:\/\/webtest.hydronix.com\/de\/?s={search_term_string}\"},\"query-input\":{\"@type\":\"PropertyValueSpecification\",\"valueRequired\":true,\"valueName\":\"search_term_string\"}}],\"inLanguage\":\"de\"}]}<\/script>\n<!-- \/ Yoast SEO plugin. -->","yoast_head_json":{"title":"Lebensmittel - Hydronix","robots":{"index":"index","follow":"follow","max-snippet":"max-snippet:-1","max-image-preview":"max-image-preview:large","max-video-preview":"max-video-preview:-1"},"canonical":"https:\/\/webtest.hydronix.com\/de\/branchen\/lebensmittel\/","og_locale":"de_DE","og_type":"article","og_title":"Lebensmittel - Hydronix","og_description":"Die Steuerung der Feuchte ist ein entscheidendes Element bei der Lebensmittelverarbeitung vom Rohstoff bis zur Verpackung. Die Feuchte muss \u00fcberwacht werden, um ein gleichm\u00e4\u00dfiges und konsistentes Endprodukt mit hohem N\u00e4hrwert zu erzielen. Die Feuchtemessung hat weitere Vorteile. Sie verbessert die Produktion, erh\u00f6ht die Rentabilit\u00e4t, spart Energie und verringert Abfall und die Auswirkungen auf die Umwelt. [...]Weiterlesen\u00a0\u2026 from Lebensmittel","og_url":"https:\/\/webtest.hydronix.com\/de\/branchen\/lebensmittel\/","og_site_name":"Hydronix","article_modified_time":"2023-11-10T12:13:37+00:00","og_image":[{"width":2000,"height":400,"url":"https:\/\/webtest.hydronix.com\/wp-content\/uploads\/2022\/09\/E-food.jpg","type":"image\/jpeg"}],"twitter_card":"summary_large_image","twitter_misc":{"Gesch\u00e4tzte Lesezeit":"1\u00a0Minute"},"schema":{"@context":"https:\/\/schema.org","@graph":[{"@type":"WebPage","@id":"https:\/\/webtest.hydronix.com\/de\/branchen\/lebensmittel\/","url":"https:\/\/webtest.hydronix.com\/de\/branchen\/lebensmittel\/","name":"Lebensmittel - Hydronix","isPartOf":{"@id":"https:\/\/webtest.hydronix.com\/de\/#website"},"primaryImageOfPage":{"@id":"https:\/\/webtest.hydronix.com\/de\/branchen\/lebensmittel\/#primaryimage"},"image":{"@id":"https:\/\/webtest.hydronix.com\/de\/branchen\/lebensmittel\/#primaryimage"},"thumbnailUrl":"https:\/\/webtest.hydronix.com\/wp-content\/uploads\/2022\/09\/E-food.jpg","datePublished":"2022-09-12T12:53:28+00:00","dateModified":"2023-11-10T12:13:37+00:00","breadcrumb":{"@id":"https:\/\/webtest.hydronix.com\/de\/branchen\/lebensmittel\/#breadcrumb"},"inLanguage":"de","potentialAction":[{"@type":"ReadAction","target":["https:\/\/webtest.hydronix.com\/de\/branchen\/lebensmittel\/"]}]},{"@type":"ImageObject","inLanguage":"de","@id":"https:\/\/webtest.hydronix.com\/de\/branchen\/lebensmittel\/#primaryimage","url":"https:\/\/webtest.hydronix.com\/wp-content\/uploads\/2022\/09\/E-food.jpg","contentUrl":"https:\/\/webtest.hydronix.com\/wp-content\/uploads\/2022\/09\/E-food.jpg","width":2000,"height":400},{"@type":"BreadcrumbList","@id":"https:\/\/webtest.hydronix.com\/de\/branchen\/lebensmittel\/#breadcrumb","itemListElement":[{"@type":"ListItem","position":1,"name":"Home","item":"https:\/\/webtest.hydronix.com\/de\/"},{"@type":"ListItem","position":2,"name":"Branchen","item":"https:\/\/webtest.hydronix.com\/de\/branchen\/"},{"@type":"ListItem","position":3,"name":"Lebensmittel"}]},{"@type":"WebSite","@id":"https:\/\/webtest.hydronix.com\/de\/#website","url":"https:\/\/webtest.hydronix.com\/de\/","name":"Hydronix","description":"Your partner in moisture measurement","potentialAction":[{"@type":"SearchAction","target":{"@type":"EntryPoint","urlTemplate":"https:\/\/webtest.hydronix.com\/de\/?s={search_term_string}"},"query-input":{"@type":"PropertyValueSpecification","valueRequired":true,"valueName":"search_term_string"}}],"inLanguage":"de"}]}},"_links":{"self":[{"href":"https:\/\/webtest.hydronix.com\/de\/wp-json\/wp\/v2\/pages\/22207","targetHints":{"allow":["GET"]}}],"collection":[{"href":"https:\/\/webtest.hydronix.com\/de\/wp-json\/wp\/v2\/pages"}],"about":[{"href":"https:\/\/webtest.hydronix.com\/de\/wp-json\/wp\/v2\/types\/page"}],"author":[{"embeddable":true,"href":"https:\/\/webtest.hydronix.com\/de\/wp-json\/wp\/v2\/users\/1"}],"replies":[{"embeddable":true,"href":"https:\/\/webtest.hydronix.com\/de\/wp-json\/wp\/v2\/comments?post=22207"}],"version-history":[{"count":0,"href":"https:\/\/webtest.hydronix.com\/de\/wp-json\/wp\/v2\/pages\/22207\/revisions"}],"up":[{"embeddable":true,"href":"https:\/\/webtest.hydronix.com\/de\/wp-json\/wp\/v2\/pages\/22193"}],"wp:featuredmedia":[{"embeddable":true,"href":"https:\/\/webtest.hydronix.com\/de\/wp-json\/wp\/v2\/media\/11082"}],"wp:attachment":[{"href":"https:\/\/webtest.hydronix.com\/de\/wp-json\/wp\/v2\/media?parent=22207"}],"wp:term":[{"taxonomy":"industries","embeddable":true,"href":"https:\/\/webtest.hydronix.com\/de\/wp-json\/wp\/v2\/industries?post=22207"},{"taxonomy":"process","embeddable":true,"href":"https:\/\/webtest.hydronix.com\/de\/wp-json\/wp\/v2\/process?post=22207"}],"curies":[{"name":"wp","href":"https:\/\/api.w.org\/{rel}","templated":true}]}}